{"id":21740,"date":"2014-11-19T14:31:25","date_gmt":"2014-11-19T14:31:25","guid":{"rendered":"http:\/\/www.labeljoy.com\/ayuda\/print-icon\/"},"modified":"2015-01-22T09:42:49","modified_gmt":"2015-01-22T09:42:49","slug":"impresion-icono","status":"publish","type":"page","link":"https:\/\/www.labeljoy.com\/es\/ayuda\/impresion-icono\/","title":{"rendered":"Impresi\u00f3n"},"content":{"rendered":"<div data-partent=\"19635\" class=\"callout callout-warning\">\n<h4>Esta p\u00e1gina hace referencia a Labeljoy 5, que no es nuestra \u00faltima versi\u00f3n.<\/h4>\n<p><a href=\"\/es\/comprar\/\">Actualice a Labeljoy 6<\/a> para obtener la \u00faltima versi\u00f3n del software con todas sus incre\u00edbles caracter\u00edsticas, o si ya es usuario, visite la <a href=\"\/es\/ayuda-lj6\/\">gu\u00eda del usuario de Labeljoy 6<\/a>.<\/p>\n<\/div>\n<div id=\"help-guide\">\n\r\n<p class=\"title\">impresi\u00f3n<\/p>\r\n<p class=\"body\">Este bot\u00f3n muestra el men\u00fa contextual que permite iniciar el <strong>proceso de impresi\u00f3n<\/strong>.<\/p>\r\n<p class=\"body\">Hay 4 opciones:<\/p>\r\n<ul>\r\n  <li class=\"body\"><strong>Imprimir<\/strong>: muestra un cuadro de di\u00e1logo est\u00e1ndar de selecci\u00f3n de la impresora. Seleccione la impresora en la lista y haga clic en Imprimir para iniciar la impresi\u00f3n.<\/li>\r\n  <li class=\"body\"><strong>Imprimir en [Nombre de impresora]<\/strong>: inicia la impresi\u00f3n en la impresora especificada sin mostrar el cuadro de di\u00e1logo para seleccionar la impresora.<\/li>\r\n  <li class=\"body\"><strong>Configuraci\u00f3n de impresi\u00f3n<\/strong>: permite seleccionar la impresora a utilizar y establecer las propiedades sin necesidad de iniciar el proceso de impresi\u00f3n.<\/li>\r\n  <li class=\"body\"><strong>Configuraci\u00f3n [Nombre de impresora]<\/strong>: abre las propiedades avanzadas de la impresora seleccionada.<\/li>\r\n<\/ul>\r\n<p class=\"body\">En funci\u00f3n de las capacidades de la impresora seleccionada, se pueden especificar <strong>opciones adicionales<\/strong>, tales como el <strong>n\u00famero de copias<\/strong>. Adem\u00e1s, cuando es posible, se puede configurar la <strong>orientaci\u00f3n de la p\u00e1gina<\/strong> y el<strong> ta<\/strong><strong>ma\u00f1o del papel<\/strong>. Tener en cuenta que confirmando la operaci\u00f3n de impresi\u00f3n, estos cambios tambi\u00e9n tendr\u00e1n efecto en la configuraci\u00f3n actual del <a href=\"http:\/\/www.labeljoy.com\/es\/ayuda\/establecer-el-layout\/\">layout<\/a> en Labeljoy de acuerdo a la opci\u00f3n <i>Sincronizar el tama\u00f1o de p\u00e1gina con la impresora<\/i> en las ventana de opciones <a href=\"http:\/\/www.labeljoy.com\/es\/ayuda\/impresion\/\">Impresi\u00f3n<\/a>.<strong><\/strong><\/p>\r\n<p class=\"note\"><strong>Nota<\/strong><br>\r\n  Mientras Labeljoy funciona en <strong>versi\u00f3n demo<\/strong>, en las <strong>primeras 500 etiquetas se agregar\u00e1n un mensaje publicitario<\/strong> de Labeljoy, tanto al imprimir como al exportar. Luego se a\u00f1ade el texto <i>VERSI\u00d3N DEMO<\/i> en transparencia. Para obtener m\u00e1s informaci\u00f3n, consulte el p\u00e1rrafo <a href=\"http:\/\/www.labeljoy.com\/es\/ayuda\/utilizar-labeljoy-en-modo-de-demostracion\/\">utilizar Labeljoy en modo demo<\/a>.<\/p>\r\n<\/div>\n<\/div>\n","protected":false},"excerpt":{"rendered":"<p>Esta p\u00e1gina hace referencia a Labeljoy 5, que no es nuestra \u00faltima versi\u00f3n. Actualice a Labeljoy 6 para obtener la \u00faltima versi\u00f3n del software con todas sus incre\u00edbles caracter\u00edsticas, o si ya es usuario, visite la gu\u00eda del usuario de Labeljoy 6.<\/p>\n","protected":false},"author":8,"featured_media":0,"parent":21680,"menu_order":0,"comment_status":"open","ping_status":"closed","template":"page-template-left-sidebar.php","meta":{"inline_featured_image":false,"_monsterinsights_skip_tracking":false,"_monsterinsights_sitenote_active":false,"_monsterinsights_sitenote_note":"","_monsterinsights_sitenote_category":0,"footnotes":""},"class_list":{"0":"post-21740","1":"page","2":"type-page","3":"status-publish","5":"infinite-scroll-item"},"aioseo_notices":[],"_links":{"self":[{"href":"https:\/\/www.labeljoy.com\/es\/wp-json\/wp\/v2\/pages\/21740","targetHints":{"allow":["GET"]}}],"collection":[{"href":"https:\/\/www.labeljoy.com\/es\/wp-json\/wp\/v2\/pages"}],"about":[{"href":"https:\/\/www.labeljoy.com\/es\/wp-json\/wp\/v2\/types\/page"}],"author":[{"embeddable":true,"href":"https:\/\/www.labeljoy.com\/es\/wp-json\/wp\/v2\/users\/8"}],"replies":[{"embeddable":true,"href":"https:\/\/www.labeljoy.com\/es\/wp-json\/wp\/v2\/comments?post=21740"}],"version-history":[{"count":3,"href":"https:\/\/www.labeljoy.com\/es\/wp-json\/wp\/v2\/pages\/21740\/revisions"}],"predecessor-version":[{"id":21759,"href":"https:\/\/www.labeljoy.com\/es\/wp-json\/wp\/v2\/pages\/21740\/revisions\/21759"}],"up":[{"embeddable":true,"href":"https:\/\/www.labeljoy.com\/es\/wp-json\/wp\/v2\/pages\/21680"}],"wp:attachment":[{"href":"https:\/\/www.labeljoy.com\/es\/wp-json\/wp\/v2\/media?parent=21740"}],"curies":[{"name":"wp","href":"https:\/\/api.w.org\/{rel}","templated":true}]}}