{"id":21741,"date":"2014-11-19T14:30:11","date_gmt":"2014-11-19T14:30:11","guid":{"rendered":"http:\/\/www.labeljoy.com\/ayuda\/save\/"},"modified":"2015-01-20T15:16:03","modified_gmt":"2015-01-20T15:16:03","slug":"guardar","status":"publish","type":"page","link":"https:\/\/www.labeljoy.com\/es\/ayuda\/guardar\/","title":{"rendered":"Guardar"},"content":{"rendered":"<div data-partent=\"19635\" class=\"callout callout-warning\">\n<h4>Esta p\u00e1gina hace referencia a Labeljoy 5, que no es nuestra \u00faltima versi\u00f3n.<\/h4>\n<p><a href=\"\/es\/comprar\/\">Actualice a Labeljoy 6<\/a> para obtener la \u00faltima versi\u00f3n del software con todas sus incre\u00edbles caracter\u00edsticas, o si ya es usuario, visite la <a href=\"\/es\/ayuda-lj6\/\">gu\u00eda del usuario de Labeljoy 6<\/a>.<\/p>\n<\/div>\n<div id=\"help-guide\">\n\r\n<p class=\"title\">guardar<\/p>\r\n<p class=\"body\">Este bot\u00f3n permite <strong>guardar el contenido actual de Labeljoy<\/strong>.<\/p>\r\n<p class=\"body\">Al hacer clic se abre un <strong>men\u00fa que consta de 4 elementos<\/strong>:<\/p>\r\n<ul>\r\n  <li class=\"body\"><strong>Guardar<\/strong>: este comando no est\u00e1 activo si el proyecto actual ya ha sido guardado. Permite guardar el archivo sin tener que especificar el nombre de nuevo.<\/li>\r\n  <li class=\"body\"><strong>Guardar como<\/strong>: este comando abre un cuadro de di\u00e1logo que permite guardar un archivo especificando el nombre y la ubicaci\u00f3n.<\/li>\r\n  <li class=\"body\"><strong>Exportar<\/strong>: consta de 3 sub-men\u00fas que permiten acceder a las funciones de exportaci\u00f3n: <a href=\"http:\/\/www.labeljoy.com\/es\/ayuda\/exportar-las-etiquetas\/\">Etiquetas...<\/a>, <a href=\"http:\/\/www.labeljoy.com\/es\/ayuda\/exportar-los-codigos-de-barras\/\">C\u00f3digo de barras...<\/a> y <a href=\"http:\/\/www.labeljoy.com\/es\/ayuda\/exportar-las-paginas\/\">P\u00e1ginas...<\/a>. Esta secci\u00f3n no est\u00e1 disponible en la versi\u00f3n <i>Light<\/i>.<\/li>\r\n  <li><span class=\"body\"><strong>Guardar layout como por defecto<\/strong>: este comando guarda el <a href=\"http:\/\/www.labeljoy.com\/es\/ayuda\/establecer-el-layout\/\">layout<\/a> actual como predeterminado, o sea el layout que se utiliza como punto de partida a la apertura del programa o al hacer clic en el bot\u00f3n <a href=\"http:\/\/www.labeljoy.com\/es\/ayuda\/nuevo\/\">Nuevo<\/a>.<\/span><\/li>\r\n<\/ul>\r\n<\/div>\n<\/div>\n","protected":false},"excerpt":{"rendered":"<p>Esta p\u00e1gina hace referencia a Labeljoy 5, que no es nuestra \u00faltima versi\u00f3n. Actualice a Labeljoy 6 para obtener la \u00faltima versi\u00f3n del software con todas sus incre\u00edbles caracter\u00edsticas, o si ya es usuario, visite la gu\u00eda del usuario de Labeljoy 6.<\/p>\n","protected":false},"author":8,"featured_media":0,"parent":21680,"menu_order":0,"comment_status":"open","ping_status":"closed","template":"page-template-left-sidebar.php","meta":{"inline_featured_image":false,"_monsterinsights_skip_tracking":false,"_monsterinsights_sitenote_active":false,"_monsterinsights_sitenote_note":"","_monsterinsights_sitenote_category":0,"footnotes":""},"class_list":{"0":"post-21741","1":"page","2":"type-page","3":"status-publish","5":"infinite-scroll-item"},"aioseo_notices":[],"_links":{"self":[{"href":"https:\/\/www.labeljoy.com\/es\/wp-json\/wp\/v2\/pages\/21741","targetHints":{"allow":["GET"]}}],"collection":[{"href":"https:\/\/www.labeljoy.com\/es\/wp-json\/wp\/v2\/pages"}],"about":[{"href":"https:\/\/www.labeljoy.com\/es\/wp-json\/wp\/v2\/types\/page"}],"author":[{"embeddable":true,"href":"https:\/\/www.labeljoy.com\/es\/wp-json\/wp\/v2\/users\/8"}],"replies":[{"embeddable":true,"href":"https:\/\/www.labeljoy.com\/es\/wp-json\/wp\/v2\/comments?post=21741"}],"version-history":[{"count":3,"href":"https:\/\/www.labeljoy.com\/es\/wp-json\/wp\/v2\/pages\/21741\/revisions"}],"predecessor-version":[{"id":21802,"href":"https:\/\/www.labeljoy.com\/es\/wp-json\/wp\/v2\/pages\/21741\/revisions\/21802"}],"up":[{"embeddable":true,"href":"https:\/\/www.labeljoy.com\/es\/wp-json\/wp\/v2\/pages\/21680"}],"wp:attachment":[{"href":"https:\/\/www.labeljoy.com\/es\/wp-json\/wp\/v2\/media?parent=21741"}],"curies":[{"name":"wp","href":"https:\/\/api.w.org\/{rel}","templated":true}]}}