{"id":21742,"date":"2014-11-19T14:32:27","date_gmt":"2014-11-19T14:32:27","guid":{"rendered":"http:\/\/www.labeljoy.com\/ayuda\/page-navigation\/"},"modified":"2015-01-20T14:14:28","modified_gmt":"2015-01-20T14:14:28","slug":"moverse-entre-paginas","status":"publish","type":"page","link":"https:\/\/www.labeljoy.com\/es\/ayuda\/moverse-entre-paginas\/","title":{"rendered":"Moverse entre p\u00e1ginas"},"content":{"rendered":"<div data-partent=\"19635\" class=\"callout callout-warning\">\n<h4>Esta p\u00e1gina hace referencia a Labeljoy 5, que no es nuestra \u00faltima versi\u00f3n.<\/h4>\n<p><a href=\"\/es\/comprar\/\">Actualice a Labeljoy 6<\/a> para obtener la \u00faltima versi\u00f3n del software con todas sus incre\u00edbles caracter\u00edsticas, o si ya es usuario, visite la <a href=\"\/es\/ayuda-lj6\/\">gu\u00eda del usuario de Labeljoy 6<\/a>.<\/p>\n<\/div>\n<link rel=\"stylesheet\" href=\"http:\/\/www.labeljoy.com\/user-guide-files\/en\/styles.css\" type=\"text\/css\" media=\"all\" \/>\n<div id=\"help-guide\">\n\r\n<p class=\"title\">moverse entre p\u00e1ginas<\/p>\r\n<p class=\"body\">Los siguientes <strong>4 botones<\/strong> son permiten el <strong>cambio entre las p\u00e1ginas<\/strong>. Estos botones se encuentran activos si <strong>hay m\u00e1s de una p\u00e1gina<\/strong>.<\/p>\r\n<p class=\"body\">Los 4 botones de navegaci\u00f3n son:<\/p>\r\n<ul>\r\n  <li class=\"body\"><strong>Primera p\u00e1gina:<\/strong> se desplaza de 1 p\u00e1gina<\/li>\r\n  <li class=\"body\"><strong>P\u00e1gina anterior<\/strong>: retrocede de una p\u00e1gina<\/li>\r\n  <li class=\"body\"><strong>P\u00e1gina siguiente<\/strong>: avanza de una p\u00e1gina<\/li>\r\n  <li class=\"body\"><strong>\u00daltima p\u00e1gina<\/strong>: pasa a la \u00faltima p\u00e1gina presente.<\/li>\r\n<\/ul>\r\n<p class=\"body\">Debe tener en cuenta que <i>p\u00e1gina siguiente<\/i> y <i>p\u00e1gina anterior<\/i> clicados conjuntamente con la <strong>tecla Control (CTRL) <\/strong>desplazan, si es posible, <strong>10 p\u00e1ginas a la vez<\/strong>. Esta caracter\u00edstica es particularmente \u00fatil en el caso de proyectos complejos que consisten de muchas p\u00e1ginas.<\/p>\n<\/div>\n","protected":false},"excerpt":{"rendered":"<p>Esta p\u00e1gina hace referencia a Labeljoy 5, que no es nuestra \u00faltima versi\u00f3n. Actualice a Labeljoy 6 para obtener la \u00faltima versi\u00f3n del software con todas sus incre\u00edbles caracter\u00edsticas, o si ya es usuario, visite la gu\u00eda del usuario de Labeljoy 6.<\/p>\n","protected":false},"author":8,"featured_media":0,"parent":21680,"menu_order":0,"comment_status":"open","ping_status":"closed","template":"page-template-left-sidebar.php","meta":{"inline_featured_image":false,"_monsterinsights_skip_tracking":false,"_monsterinsights_sitenote_active":false,"_monsterinsights_sitenote_note":"","_monsterinsights_sitenote_category":0,"footnotes":""},"class_list":{"0":"post-21742","1":"page","2":"type-page","3":"status-publish","5":"infinite-scroll-item"},"aioseo_notices":[],"_links":{"self":[{"href":"https:\/\/www.labeljoy.com\/es\/wp-json\/wp\/v2\/pages\/21742","targetHints":{"allow":["GET"]}}],"collection":[{"href":"https:\/\/www.labeljoy.com\/es\/wp-json\/wp\/v2\/pages"}],"about":[{"href":"https:\/\/www.labeljoy.com\/es\/wp-json\/wp\/v2\/types\/page"}],"author":[{"embeddable":true,"href":"https:\/\/www.labeljoy.com\/es\/wp-json\/wp\/v2\/users\/8"}],"replies":[{"embeddable":true,"href":"https:\/\/www.labeljoy.com\/es\/wp-json\/wp\/v2\/comments?post=21742"}],"version-history":[{"count":2,"href":"https:\/\/www.labeljoy.com\/es\/wp-json\/wp\/v2\/pages\/21742\/revisions"}],"predecessor-version":[{"id":21780,"href":"https:\/\/www.labeljoy.com\/es\/wp-json\/wp\/v2\/pages\/21742\/revisions\/21780"}],"up":[{"embeddable":true,"href":"https:\/\/www.labeljoy.com\/es\/wp-json\/wp\/v2\/pages\/21680"}],"wp:attachment":[{"href":"https:\/\/www.labeljoy.com\/es\/wp-json\/wp\/v2\/media?parent=21742"}],"curies":[{"name":"wp","href":"https:\/\/api.w.org\/{rel}","templated":true}]}}