{"id":21743,"date":"2014-11-19T14:33:33","date_gmt":"2014-11-19T14:33:33","guid":{"rendered":"http:\/\/www.labeljoy.com\/ayuda\/undoredo\/"},"modified":"2015-01-20T15:43:16","modified_gmt":"2015-01-20T15:43:16","slug":"deshacer-rehacer-operaciones","status":"publish","type":"page","link":"https:\/\/www.labeljoy.com\/es\/ayuda\/deshacer-rehacer-operaciones\/","title":{"rendered":"Deshacer \/rehacer operaciones"},"content":{"rendered":"<div data-partent=\"19635\" class=\"callout callout-warning\">\n<h4>Esta p\u00e1gina hace referencia a Labeljoy 5, que no es nuestra \u00faltima versi\u00f3n.<\/h4>\n<p><a href=\"\/es\/comprar\/\">Actualice a Labeljoy 6<\/a> para obtener la \u00faltima versi\u00f3n del software con todas sus incre\u00edbles caracter\u00edsticas, o si ya es usuario, visite la <a href=\"\/es\/ayuda-lj6\/\">gu\u00eda del usuario de Labeljoy 6<\/a>.<\/p>\n<\/div>\n<div id=\"help-guide\">\n\r\n<p class=\"title\">deshacer \/rehacer operaciones<\/p>\n<p class=\"body\">Los dos siguientes botones permiten <strong>cancelar o repetir las operaciones<\/strong>.<\/p>\n<p class=\"body\">El bot\u00f3n <i>Deshacer \u00faltima operaci\u00f3n<\/i>, se encuentra activo cuando se ha llevado a cabo al menos una <strong>acci\u00f3n de modificaci\u00f3n<\/strong>, notifica el cambio de estado a la forma en que <strong>estaba antes de la modificaci\u00f3n<\/strong>.<br>\n  Le bot\u00f3n <i>Rehacer \u00faltima operaci\u00f3n<\/i>, se encuentra activa en caso de que se ha hecho clic en el bot\u00f3n <i>Deshacer \u00faltima operaci\u00f3n<\/i> una o m\u00e1s veces,\u00a0 cambia de estado a la forma en que estaba <strong>antes de pulsar Deshacer \u00faltima operaci\u00f3n<\/strong>.<\/p>\n<p class=\"body\">Al mover el cursor del rat\u00f3n <strong>sobre los botones<\/strong>, se mostrar\u00e1 una <strong>sugerencia<\/strong> de posibles operaciones de deshacer o rehacer.<\/p>\n<\/div>\n","protected":false},"excerpt":{"rendered":"<p>Esta p\u00e1gina hace referencia a Labeljoy 5, que no es nuestra \u00faltima versi\u00f3n. Actualice a Labeljoy 6 para obtener la \u00faltima versi\u00f3n del software con todas sus incre\u00edbles caracter\u00edsticas, o si ya es usuario, visite la gu\u00eda del usuario de Labeljoy 6.<\/p>\n","protected":false},"author":8,"featured_media":0,"parent":21680,"menu_order":0,"comment_status":"open","ping_status":"closed","template":"page-template-left-sidebar.php","meta":{"inline_featured_image":false,"_monsterinsights_skip_tracking":false,"_monsterinsights_sitenote_active":false,"_monsterinsights_sitenote_note":"","_monsterinsights_sitenote_category":0,"footnotes":""},"class_list":{"0":"post-21743","1":"page","2":"type-page","3":"status-publish","5":"infinite-scroll-item"},"aioseo_notices":[],"_links":{"self":[{"href":"https:\/\/www.labeljoy.com\/es\/wp-json\/wp\/v2\/pages\/21743","targetHints":{"allow":["GET"]}}],"collection":[{"href":"https:\/\/www.labeljoy.com\/es\/wp-json\/wp\/v2\/pages"}],"about":[{"href":"https:\/\/www.labeljoy.com\/es\/wp-json\/wp\/v2\/types\/page"}],"author":[{"embeddable":true,"href":"https:\/\/www.labeljoy.com\/es\/wp-json\/wp\/v2\/users\/8"}],"replies":[{"embeddable":true,"href":"https:\/\/www.labeljoy.com\/es\/wp-json\/wp\/v2\/comments?post=21743"}],"version-history":[{"count":3,"href":"https:\/\/www.labeljoy.com\/es\/wp-json\/wp\/v2\/pages\/21743\/revisions"}],"predecessor-version":[{"id":21840,"href":"https:\/\/www.labeljoy.com\/es\/wp-json\/wp\/v2\/pages\/21743\/revisions\/21840"}],"up":[{"embeddable":true,"href":"https:\/\/www.labeljoy.com\/es\/wp-json\/wp\/v2\/pages\/21680"}],"wp:attachment":[{"href":"https:\/\/www.labeljoy.com\/es\/wp-json\/wp\/v2\/media?parent=21743"}],"curies":[{"name":"wp","href":"https:\/\/api.w.org\/{rel}","templated":true}]}}