{"id":21744,"date":"2014-11-19T14:35:51","date_gmt":"2014-11-19T14:35:51","guid":{"rendered":"http:\/\/www.labeljoy.com\/ayuda\/layout\/"},"modified":"2015-01-20T15:42:16","modified_gmt":"2015-01-20T15:42:16","slug":"distribucion-layout","status":"publish","type":"page","link":"https:\/\/www.labeljoy.com\/es\/ayuda\/distribucion-layout\/","title":{"rendered":"Distribuci\u00f3n (layout)"},"content":{"rendered":"<div data-partent=\"19635\" class=\"callout callout-warning\">\n<h4>Esta p\u00e1gina hace referencia a Labeljoy 5, que no es nuestra \u00faltima versi\u00f3n.<\/h4>\n<p><a href=\"\/es\/comprar\/\">Actualice a Labeljoy 6<\/a> para obtener la \u00faltima versi\u00f3n del software con todas sus incre\u00edbles caracter\u00edsticas, o si ya es usuario, visite la <a href=\"\/es\/ayuda-lj6\/\">gu\u00eda del usuario de Labeljoy 6<\/a>.<\/p>\n<\/div>\n<div id=\"help-guide\">\n\r\n<p class=\"title\">distribuci\u00f3n (layout)<\/p>\r\n<p class=\"body\">Este bot\u00f3n permite abrir la ventana para configurar el <a href=\"http:\/\/www.labeljoy.com\/es\/ayuda\/establecer-el-layout\/\">layout<\/a>.<br>\r\n  Tambi\u00e9n se puede hacer clic en el bot\u00f3n correspondiente en la <a href=\"http:\/\/www.labeljoy.com\/es\/ayuda\/la-barra-de-herramientas\/\">barra de herramientas<\/a> para mostrar el mismo efecto. <\/p>\r\n<p class=\"body\">Haciendo clic con el <strong>bot\u00f3n derecho del rat\u00f3n<\/strong> en un \u00e1rea vac\u00eda de la p\u00e1gina, es decir, <strong>fuera de las etiquetas<\/strong>, aparece un peque\u00f1o men\u00fa contextual:<\/p>\r\n<ul>\r\n  <li class=\"body\"><strong>Configuraci\u00f3n de distribuci\u00f3n<\/strong>: se abre la ventana de configuraci\u00f3n del <a href=\"http:\/\/www.labeljoy.com\/es\/ayuda\/establecer-el-layout\/\">layout<\/a>.<\/li>\r\n  <li class=\"body\"><strong>Agregar grupo<\/strong>: agregar un nuevo <a href=\"http:\/\/www.labeljoy.com\/es\/ayuda\/administrar-grupos\/\">grupo<\/a> al conjunto de etiquetas.<\/li>\r\n  <li class=\"body\"><strong>Agregar elemento de p\u00e1gina<\/strong>: agregar un nuevo <a href=\"http:\/\/www.labeljoy.com\/es\/ayuda\/administrar-los-elementos-pagina\/\">elemento de p\u00e1gina<\/a>.<\/li>\r\n<\/ul>\r\n<\/div>\n<\/div>\n","protected":false},"excerpt":{"rendered":"<p>Esta p\u00e1gina hace referencia a Labeljoy 5, que no es nuestra \u00faltima versi\u00f3n. Actualice a Labeljoy 6 para obtener la \u00faltima versi\u00f3n del software con todas sus incre\u00edbles caracter\u00edsticas, o si ya es usuario, visite la gu\u00eda del usuario de Labeljoy 6.<\/p>\n","protected":false},"author":8,"featured_media":0,"parent":21680,"menu_order":0,"comment_status":"open","ping_status":"closed","template":"page-template-left-sidebar.php","meta":{"inline_featured_image":false,"_monsterinsights_skip_tracking":false,"_monsterinsights_sitenote_active":false,"_monsterinsights_sitenote_note":"","_monsterinsights_sitenote_category":0,"footnotes":""},"class_list":{"0":"post-21744","1":"page","2":"type-page","3":"status-publish","5":"infinite-scroll-item"},"aioseo_notices":[],"_links":{"self":[{"href":"https:\/\/www.labeljoy.com\/es\/wp-json\/wp\/v2\/pages\/21744","targetHints":{"allow":["GET"]}}],"collection":[{"href":"https:\/\/www.labeljoy.com\/es\/wp-json\/wp\/v2\/pages"}],"about":[{"href":"https:\/\/www.labeljoy.com\/es\/wp-json\/wp\/v2\/types\/page"}],"author":[{"embeddable":true,"href":"https:\/\/www.labeljoy.com\/es\/wp-json\/wp\/v2\/users\/8"}],"replies":[{"embeddable":true,"href":"https:\/\/www.labeljoy.com\/es\/wp-json\/wp\/v2\/comments?post=21744"}],"version-history":[{"count":3,"href":"https:\/\/www.labeljoy.com\/es\/wp-json\/wp\/v2\/pages\/21744\/revisions"}],"predecessor-version":[{"id":21839,"href":"https:\/\/www.labeljoy.com\/es\/wp-json\/wp\/v2\/pages\/21744\/revisions\/21839"}],"up":[{"embeddable":true,"href":"https:\/\/www.labeljoy.com\/es\/wp-json\/wp\/v2\/pages\/21680"}],"wp:attachment":[{"href":"https:\/\/www.labeljoy.com\/es\/wp-json\/wp\/v2\/media?parent=21744"}],"curies":[{"name":"wp","href":"https:\/\/api.w.org\/{rel}","templated":true}]}}