{"id":21745,"date":"2014-11-19T14:37:01","date_gmt":"2014-11-19T14:37:01","guid":{"rendered":"http:\/\/www.labeljoy.com\/ayuda\/group-properties\/"},"modified":"2015-01-20T15:44:24","modified_gmt":"2015-01-20T15:44:24","slug":"configuracion-grupo","status":"publish","type":"page","link":"https:\/\/www.labeljoy.com\/es\/ayuda\/configuracion-grupo\/","title":{"rendered":"Configuraci\u00f3n grupo"},"content":{"rendered":"<div data-partent=\"19635\" class=\"callout callout-warning\">\n<h4>Esta p\u00e1gina hace referencia a Labeljoy 5, que no es nuestra \u00faltima versi\u00f3n.<\/h4>\n<p><a href=\"\/es\/comprar\/\">Actualice a Labeljoy 6<\/a> para obtener la \u00faltima versi\u00f3n del software con todas sus incre\u00edbles caracter\u00edsticas, o si ya es usuario, visite la <a href=\"\/es\/ayuda-lj6\/\">gu\u00eda del usuario de Labeljoy 6<\/a>.<\/p>\n<\/div>\n<div id=\"help-guide\">\n\r\n<p class=\"title\">configuraci\u00f3n grupo<\/p>\n<p class=\"body\">Con este bot\u00f3n se puede acceder al men\u00fa que permite <strong>gestionar grupos de etiquetas<\/strong>. Consta de 11 opciones (9 con la verisi&oacute;n <em>Basic<\/em> de Labeljoy), la mayor\u00eda de las cuales se activa cuando se <strong>selecciona un grupo de etiquetas<\/strong>:<\/p>\n<ul>\n  <li class=\"body\"><strong>Opciones de grupo<\/strong>: Abre el cuadro de di\u00e1logo para configurar las <a href=\"http:\/\/www.labeljoy.com\/es\/ayuda\/administrar-grupos\/\">propiedades del grupo<\/a> seleccionado.<\/li>\n  <li class=\"body\"><strong>V\u00ednculo a fuente de datos<\/strong>: permite iniciar el <a href=\"http:\/\/www.labeljoy.com\/es\/ayuda\/asistente-para-la-conexion-a-una-fuente-de-datos\/\">asistente <\/a>para conectarse a un origen de datos.<\/li>\n  <li class=\"body\"><strong>Actualizaci\u00f3n datos<\/strong>: Inicia el proceso de actualizaci\u00f3n de datos si el grupo seleccionado est\u00e1 conectado a una fuente de datos.<\/li>\n  <li class=\"body\"><strong>Agregar grupo<\/strong>: agregar un nuevo <a href=\"http:\/\/www.labeljoy.com\/es\/ayuda\/administrar-grupos\/\">grupo<\/a> al conjunto de etiquetas.<\/li>\n  <li class=\"body\"><strong>Eliminar grupo<\/strong>: elimina el grupo seleccionado del conjunto de etiquetas.<\/li>\n  <li class=\"body\"><strong>Copiar grupo<\/strong>: copia en el portapapeles el grupo seleccionado.<\/li>\n  <li class=\"body\"><strong>Pegar grupo<\/strong>: pega el grupo del  portapapeles.<\/li>\n  <li class=\"body\"><strong>Copiar imagen en el portapapeles<\/strong>: copia en el portapapeles de Windows <a href=\"http:\/\/www.labeljoy.com\/es\/ayuda\/copiar-la-imagen-de-una-etiqueta\/\">la imagen del grupo<\/a> seleccionado.<\/li>\n  <li class=\"body\"><strong>Agregar c\u00f3digos<\/strong>: permite la inserci\u00f3n de un elemento <a href=\"http:\/\/www.labeljoy.com\/es\/ayuda\/gestionar-los-codigos-de-barras\/\"><i>Barcode<\/i><\/a> (c\u00f3digo de barras) en un grupo de etiquetas.<\/li>\n  <li class=\"body\"><strong>Agregar texto<\/strong>: permite la inserci\u00f3n de un element <a href=\"http:\/\/www.labeljoy.com\/es\/ayuda\/gestionar-textos\/\"><i>Texto<\/i><\/a> en un grupo de etiquetas<\/li>\n  <li class=\"body\"><strong>Agregar gr\u00e1fico<\/strong>: permite la inserci\u00f3n de un elemento <a href=\"http:\/\/www.labeljoy.com\/es\/ayuda\/configuracion-grafica\/\"><i>Gr\u00e1fico<\/i><\/a> en un grupo de etiquetas.<\/li>\n  <li class=\"body\"><strong>Agregar elemento de p\u00e1gina<\/strong>: agrega un nuevo<a href=\"http:\/\/www.labeljoy.com\/es\/ayuda\/administrar-los-elementos-pagina\/\"> elemento de p\u00e1gina<\/a>.<\/li>\n<\/ul>\n<p class=\"body\">Este men\u00fa contextual tambi\u00e9n se puede visualizar haciendo clic en el bot\u00f3n derecho del rat\u00f3n en un <strong>espacio vac\u00edo de un grupo de etiquetas<\/strong>. La <a href=\"http:\/\/www.labeljoy.com\/es\/ayuda\/la-barra-de-herramientas\/\">barra de herramientas<\/a> tambi\u00e9n muestra muchos de estos comandos.<\/p>\n<\/div>\n<\/div>\n","protected":false},"excerpt":{"rendered":"<p>Esta p\u00e1gina hace referencia a Labeljoy 5, que no es nuestra \u00faltima versi\u00f3n. Actualice a Labeljoy 6 para obtener la \u00faltima versi\u00f3n del software con todas sus incre\u00edbles caracter\u00edsticas, o si ya es usuario, visite la gu\u00eda del usuario de Labeljoy 6.<\/p>\n","protected":false},"author":8,"featured_media":0,"parent":21680,"menu_order":0,"comment_status":"open","ping_status":"closed","template":"page-template-left-sidebar.php","meta":{"inline_featured_image":false,"_monsterinsights_skip_tracking":false,"_monsterinsights_sitenote_active":false,"_monsterinsights_sitenote_note":"","_monsterinsights_sitenote_category":0,"footnotes":""},"class_list":{"0":"post-21745","1":"page","2":"type-page","3":"status-publish","5":"infinite-scroll-item"},"aioseo_notices":[],"_links":{"self":[{"href":"https:\/\/www.labeljoy.com\/es\/wp-json\/wp\/v2\/pages\/21745","targetHints":{"allow":["GET"]}}],"collection":[{"href":"https:\/\/www.labeljoy.com\/es\/wp-json\/wp\/v2\/pages"}],"about":[{"href":"https:\/\/www.labeljoy.com\/es\/wp-json\/wp\/v2\/types\/page"}],"author":[{"embeddable":true,"href":"https:\/\/www.labeljoy.com\/es\/wp-json\/wp\/v2\/users\/8"}],"replies":[{"embeddable":true,"href":"https:\/\/www.labeljoy.com\/es\/wp-json\/wp\/v2\/comments?post=21745"}],"version-history":[{"count":3,"href":"https:\/\/www.labeljoy.com\/es\/wp-json\/wp\/v2\/pages\/21745\/revisions"}],"predecessor-version":[{"id":21848,"href":"https:\/\/www.labeljoy.com\/es\/wp-json\/wp\/v2\/pages\/21745\/revisions\/21848"}],"up":[{"embeddable":true,"href":"https:\/\/www.labeljoy.com\/es\/wp-json\/wp\/v2\/pages\/21680"}],"wp:attachment":[{"href":"https:\/\/www.labeljoy.com\/es\/wp-json\/wp\/v2\/media?parent=21745"}],"curies":[{"name":"wp","href":"https:\/\/api.w.org\/{rel}","templated":true}]}}