{"id":21746,"date":"2014-11-19T14:38:11","date_gmt":"2014-11-19T14:38:11","guid":{"rendered":"http:\/\/www.labeljoy.com\/ayuda\/element-settings\/"},"modified":"2015-01-20T14:14:37","modified_gmt":"2015-01-20T14:14:37","slug":"elemento","status":"publish","type":"page","link":"https:\/\/www.labeljoy.com\/es\/ayuda\/elemento\/","title":{"rendered":"Elemento"},"content":{"rendered":"<div data-partent=\"19635\" class=\"callout callout-warning\">\n<h4>Esta p\u00e1gina hace referencia a Labeljoy 5, que no es nuestra \u00faltima versi\u00f3n.<\/h4>\n<p><a href=\"\/es\/comprar\/\">Actualice a Labeljoy 6<\/a> para obtener la \u00faltima versi\u00f3n del software con todas sus incre\u00edbles caracter\u00edsticas, o si ya es usuario, visite la <a href=\"\/es\/ayuda-lj6\/\">gu\u00eda del usuario de Labeljoy 6<\/a>.<\/p>\n<\/div>\n<link rel=\"stylesheet\" href=\"http:\/\/www.labeljoy.com\/user-guide-files\/en\/styles.css\" type=\"text\/css\" media=\"all\" \/>\n<div id=\"help-guide\">\n\r\n<p class=\"title\">elemento<\/p>\r\n<p class=\"body\">El icono <i>Configuraci\u00f3n de elemento<\/i> permite acceder a las <strong>funciones para la edici\u00f3n de elementos colocados en las etiquetas<\/strong>. Ofrece acceso a un men\u00fa que incluye las siguientes opciones:<\/p>\r\n<ul>\r\n  <li><span class=\"body\"><strong>Configuraci\u00f3n<\/strong>: esta opci\u00f3n permite acceder a la ventana de configuraci\u00f3n de los diferentes elementos, es decir, <a href=\"http:\/\/www.labeljoy.com\/es\/ayuda\/configurar-un-codigo-de-barras\/\"><span style='font-size: 9.0pt;line-height:140%;font-family:\"Verdana\",\"sans-serif\";\"Times New Roman\";'>c\u00f3digo de barras<\/a>, <a href=\"http:\/\/www.labeljoy.com\/es\/ayuda\/configuracion-de-texto\/\">textos<\/a>, <a href=\"http:\/\/www.labeljoy.com\/es\/ayuda\/configurar-un-elemento-grafico\/\">gr\u00e1fica<\/a> y <a href=\"http:\/\/www.labeljoy.com\/es\/ayuda\/configurar-un-elemento-de-pagina\/\">elementos de p\u00e1gina<\/a>.<\/span><\/li>\r\n  <li><span class=\"body\"><strong>Cortar<\/strong>: elimina los elementos seleccionados y los copia en el portapapeles.<\/span><\/li>\r\n  <li><span class=\"body\"><strong>Copiar<\/strong>: copia los elementos seleccionados en el portapapeles de Labeljoy.<\/span><\/li>\r\n  <li><span class=\"body\"><strong>Pegar<\/strong>: pega los elementos copiados en el portapapeles haciendo una copia de seguridad. Tambi\u00e9n se puede utilizar este comando para crear copias de elementos de grupos de diferentes etiquetas. Consulte el p\u00e1rrafo <a href=\"http:\/\/www.labeljoy.com\/es\/ayuda\/copiar-y-pegar-los-elementos\/\"><span style='font-size: 9.0pt;line-height:140%;font-family:\"Verdana\",\"sans-serif\";\"Times New Roman\";'>Copiar y pegar elementos<\/a> para m\u00e1s detalles.<\/span><\/li>\r\n  <li><span class=\"body\"><strong>Eliminar<\/strong>: elimina los elementos seleccionados sin copiarlos en el portapapeles.<\/span><\/li>\r\n  <li><span class=\"body\"><strong>Fuente<\/strong>: permite cambiar la fuente de todos los elementos seleccionados al mismo tiempo. No tiene ning\u00fan efecto sobre los elementos de tipo gr\u00e1fico.<\/span><\/li>\r\n  <li><span class=\"body\"><strong>Color de frente<\/strong>: permite cambiar el color de frente a todos los elementos seleccionados.<\/span><\/li>\r\n  <li><span class=\"body\"><strong>Color de fondo<\/strong>: permite cambiar simult\u00e1neamente el color de fondo a todos los elementos seleccionados.<\/span><\/li>\r\n  <li><span class=\"body\"><strong>Traer al frente<\/strong>: pone el elemento seleccionado en el primer plano en comparaci\u00f3n con todos los dem\u00e1s.<\/span><\/li>\r\n  <li><span class=\"body\"><strong>Enviar al fondo<\/strong>: pone el elemento detr\u00e1s de todos los dem\u00e1s.<\/span><\/li>\r\n  <li><span class=\"body\"><strong>Alinear<\/strong>: esta opci\u00f3n s\u00f3lo se activa si se seleccionan varios elementos, permite acceder a una serie de submen\u00fas que se utilizan para alinear m\u00e1s elementos entre ellos.<\/span><\/li>\r\n  <li><span class=\"body\"><strong>Mismo tama\u00f1o<\/strong>: esta opci\u00f3n s\u00f3lo se puede utilizar en caso de selecci\u00f3n m\u00faltiple y proporciona acceso a una serie de submen\u00fas que permiten igualar el tama\u00f1o de los elementos seleccionados.<\/span><\/li>\r\n  <li><span class=\"body\"><strong>Centrar\/rotar<\/strong>: proporciona acceso a tres submen\u00fas que permiten cambiar la posici\u00f3n de los elementos seleccionados.<\/span><\/li>\r\n  <li class=\"body\"><strong>Mover<\/strong>: proporciona acceso a una serie de submen\u00fas que permiten cambiar la posici\u00f3n y el tama\u00f1o de los elementos.<\/li>\r\n<\/ul>\r\n<p class=\"note\"><strong>Nota<\/strong><br>\r\n  Para <strong>profundizar<\/strong> sobre las funciones <i>ubicaci\u00f3n y tama\u00f1o autom\u00e1ticos<\/i> de los elementos vea el p\u00e1rrafo <a href=\"http:\/\/www.labeljoy.com\/es\/ayuda\/organizar-automaticamente-los-elementos\/\">organizar autom\u00e1ticamente los elementos<\/a>.<br>\r\n  Para profundizar sobre las funciones <i>Traer al frente<\/i> y <i>Enviar al fondo<\/i> vea la secci\u00f3n <a href=\"http:\/\/www.labeljoy.com\/es\/ayuda\/establecer-el-orden-de-visualizacion\/\">establecer el orden de visualizaci\u00f3n<\/a>.<\/p>\r\n<p class=\"body\">Algunos de estos comandos tambi\u00e9n est\u00e1n presentes en la <a href=\"http:\/\/www.labeljoy.com\/es\/ayuda\/la-barra-de-herramientas\/\">barra de herramientas<\/a>.<\/p>\r\n<\/div>\n<\/div>\n","protected":false},"excerpt":{"rendered":"<p>Esta p\u00e1gina hace referencia a Labeljoy 5, que no es nuestra \u00faltima versi\u00f3n. Actualice a Labeljoy 6 para obtener la \u00faltima versi\u00f3n del software con todas sus incre\u00edbles caracter\u00edsticas, o si ya es usuario, visite la gu\u00eda del usuario de Labeljoy 6.<\/p>\n","protected":false},"author":8,"featured_media":0,"parent":21680,"menu_order":0,"comment_status":"open","ping_status":"closed","template":"page-template-left-sidebar.php","meta":{"inline_featured_image":false,"_monsterinsights_skip_tracking":false,"_monsterinsights_sitenote_active":false,"_monsterinsights_sitenote_note":"","_monsterinsights_sitenote_category":0,"footnotes":""},"class_list":{"0":"post-21746","1":"page","2":"type-page","3":"status-publish","5":"infinite-scroll-item"},"aioseo_notices":[],"_links":{"self":[{"href":"https:\/\/www.labeljoy.com\/es\/wp-json\/wp\/v2\/pages\/21746","targetHints":{"allow":["GET"]}}],"collection":[{"href":"https:\/\/www.labeljoy.com\/es\/wp-json\/wp\/v2\/pages"}],"about":[{"href":"https:\/\/www.labeljoy.com\/es\/wp-json\/wp\/v2\/types\/page"}],"author":[{"embeddable":true,"href":"https:\/\/www.labeljoy.com\/es\/wp-json\/wp\/v2\/users\/8"}],"replies":[{"embeddable":true,"href":"https:\/\/www.labeljoy.com\/es\/wp-json\/wp\/v2\/comments?post=21746"}],"version-history":[{"count":2,"href":"https:\/\/www.labeljoy.com\/es\/wp-json\/wp\/v2\/pages\/21746\/revisions"}],"predecessor-version":[{"id":21785,"href":"https:\/\/www.labeljoy.com\/es\/wp-json\/wp\/v2\/pages\/21746\/revisions\/21785"}],"up":[{"embeddable":true,"href":"https:\/\/www.labeljoy.com\/es\/wp-json\/wp\/v2\/pages\/21680"}],"wp:attachment":[{"href":"https:\/\/www.labeljoy.com\/es\/wp-json\/wp\/v2\/media?parent=21746"}],"curies":[{"name":"wp","href":"https:\/\/api.w.org\/{rel}","templated":true}]}}