{"id":21747,"date":"2014-11-19T14:39:24","date_gmt":"2014-11-19T14:39:24","guid":{"rendered":"http:\/\/www.labeljoy.com\/ayuda\/element-view\/"},"modified":"2015-01-20T15:44:04","modified_gmt":"2015-01-20T15:44:04","slug":"vista-de-elementos","status":"publish","type":"page","link":"https:\/\/www.labeljoy.com\/es\/ayuda\/vista-de-elementos\/","title":{"rendered":"Vista de elementos"},"content":{"rendered":"<div data-partent=\"19635\" class=\"callout callout-warning\">\n<h4>Esta p\u00e1gina hace referencia a Labeljoy 5, que no es nuestra \u00faltima versi\u00f3n.<\/h4>\n<p><a href=\"\/es\/comprar\/\">Actualice a Labeljoy 6<\/a> para obtener la \u00faltima versi\u00f3n del software con todas sus incre\u00edbles caracter\u00edsticas, o si ya es usuario, visite la <a href=\"\/es\/ayuda-lj6\/\">gu\u00eda del usuario de Labeljoy 6<\/a>.<\/p>\n<\/div>\n<div id=\"help-guide\">\n\r\n<p class=\"title\">vista de elementos<\/p>\r\n<p class=\"body\">Este icono permite acceder a un men\u00fa que permite <strong>realizar tareas importantes<\/strong>:<\/p>\r\n<p class=\"body\">1.&nbsp; <a href=\"http:\/\/www.labeljoy.com\/es\/ayuda\/visualizacion-selectiva\/\">Activar\/Desactivar<\/a> <strong>la visualizaci\u00f3n<\/strong> de grupos de elementos.<\/p>\r\n<p class=\"body\">2.&nbsp; <a href=\"http:\/\/www.labeljoy.com\/es\/ayuda\/seleccion-de-elementos\/\">Seleccionar<\/a> un grupo o un elemento <strong>presente en la p\u00e1gina<\/strong>.<\/p>\r\n<\/div>\n<\/div>\n","protected":false},"excerpt":{"rendered":"<p>Esta p\u00e1gina hace referencia a Labeljoy 5, que no es nuestra \u00faltima versi\u00f3n. Actualice a Labeljoy 6 para obtener la \u00faltima versi\u00f3n del software con todas sus incre\u00edbles caracter\u00edsticas, o si ya es usuario, visite la gu\u00eda del usuario de Labeljoy 6.<\/p>\n","protected":false},"author":8,"featured_media":0,"parent":21680,"menu_order":0,"comment_status":"open","ping_status":"closed","template":"page-template-left-sidebar.php","meta":{"inline_featured_image":false,"_monsterinsights_skip_tracking":false,"_monsterinsights_sitenote_active":false,"_monsterinsights_sitenote_note":"","_monsterinsights_sitenote_category":0,"footnotes":""},"class_list":{"0":"post-21747","1":"page","2":"type-page","3":"status-publish","5":"infinite-scroll-item"},"aioseo_notices":[],"_links":{"self":[{"href":"https:\/\/www.labeljoy.com\/es\/wp-json\/wp\/v2\/pages\/21747","targetHints":{"allow":["GET"]}}],"collection":[{"href":"https:\/\/www.labeljoy.com\/es\/wp-json\/wp\/v2\/pages"}],"about":[{"href":"https:\/\/www.labeljoy.com\/es\/wp-json\/wp\/v2\/types\/page"}],"author":[{"embeddable":true,"href":"https:\/\/www.labeljoy.com\/es\/wp-json\/wp\/v2\/users\/8"}],"replies":[{"embeddable":true,"href":"https:\/\/www.labeljoy.com\/es\/wp-json\/wp\/v2\/comments?post=21747"}],"version-history":[{"count":3,"href":"https:\/\/www.labeljoy.com\/es\/wp-json\/wp\/v2\/pages\/21747\/revisions"}],"predecessor-version":[{"id":21845,"href":"https:\/\/www.labeljoy.com\/es\/wp-json\/wp\/v2\/pages\/21747\/revisions\/21845"}],"up":[{"embeddable":true,"href":"https:\/\/www.labeljoy.com\/es\/wp-json\/wp\/v2\/pages\/21680"}],"wp:attachment":[{"href":"https:\/\/www.labeljoy.com\/es\/wp-json\/wp\/v2\/media?parent=21747"}],"curies":[{"name":"wp","href":"https:\/\/api.w.org\/{rel}","templated":true}]}}