{"id":21788,"date":"2014-11-19T14:42:16","date_gmt":"2014-11-19T14:42:16","guid":{"rendered":"http:\/\/www.labeljoy.com\/ayuda\/showing-the-toolbar\/"},"modified":"2015-01-20T17:16:14","modified_gmt":"2015-01-20T17:16:14","slug":"visualizar-la-barra-de-herramientas","status":"publish","type":"page","link":"https:\/\/www.labeljoy.com\/es\/ayuda\/visualizar-la-barra-de-herramientas\/","title":{"rendered":"Visualizar la barra de herramientas"},"content":{"rendered":"<div data-partent=\"19635\" class=\"callout callout-warning\">\n<h4>Esta p\u00e1gina hace referencia a Labeljoy 5, que no es nuestra \u00faltima versi\u00f3n.<\/h4>\n<p><a href=\"\/es\/comprar\/\">Actualice a Labeljoy 6<\/a> para obtener la \u00faltima versi\u00f3n del software con todas sus incre\u00edbles caracter\u00edsticas, o si ya es usuario, visite la <a href=\"\/es\/ayuda-lj6\/\">gu\u00eda del usuario de Labeljoy 6<\/a>.<\/p>\n<\/div>\n<div id=\"help-guide\">\n\r\n<p class=\"title\">visualizar la barra de herramientas<\/p>\n<p class=\"body\">Se puede visualizar la barra de herramientas en 5 modos:<\/p>\n<ul>\n  <li class=\"body\"><strong>Ventana<\/strong>: la barra de herramientas se coloca dentro de una ventana flotante que se puede colocar donde se desea.<\/li>\n  <li class=\"body\"><strong>Izquierda<\/strong>: la barra de herramientas se coloca verticalmente a la izquierda de la ventana principal.<\/li>\n  <li class=\"body\"><strong>Derecha<\/strong>: igual que el anterior, pero a la derecha.<\/li>\n  <li class=\"body\"><strong>Arriba<\/strong>: la barra de herramientas se coloca en la parte superior de la ventana principal por debajo de la barra de herramientas principal.<\/li>\n  <li class=\"body\"><strong>Abajo<\/strong>: la barra se coloca en la parte inferior de la ventana principal por encima de la barra de estado (si est\u00e1 visible).<\/li>\n<\/ul>\n\n<\/div>\n","protected":false},"excerpt":{"rendered":"<p>Esta p\u00e1gina hace referencia a Labeljoy 5, que no es nuestra \u00faltima versi\u00f3n. Actualice a Labeljoy 6 para obtener la \u00faltima versi\u00f3n del software con todas sus incre\u00edbles caracter\u00edsticas, o si ya es usuario, visite la gu\u00eda del usuario de Labeljoy 6.<\/p>\n","protected":false},"author":8,"featured_media":0,"parent":21680,"menu_order":0,"comment_status":"open","ping_status":"closed","template":"page-template-left-sidebar.php","meta":{"inline_featured_image":false,"_monsterinsights_skip_tracking":false,"_monsterinsights_sitenote_active":false,"_monsterinsights_sitenote_note":"","_monsterinsights_sitenote_category":0,"footnotes":""},"class_list":{"0":"post-21788","1":"page","2":"type-page","3":"status-publish","5":"infinite-scroll-item"},"aioseo_notices":[],"_links":{"self":[{"href":"https:\/\/www.labeljoy.com\/es\/wp-json\/wp\/v2\/pages\/21788","targetHints":{"allow":["GET"]}}],"collection":[{"href":"https:\/\/www.labeljoy.com\/es\/wp-json\/wp\/v2\/pages"}],"about":[{"href":"https:\/\/www.labeljoy.com\/es\/wp-json\/wp\/v2\/types\/page"}],"author":[{"embeddable":true,"href":"https:\/\/www.labeljoy.com\/es\/wp-json\/wp\/v2\/users\/8"}],"replies":[{"embeddable":true,"href":"https:\/\/www.labeljoy.com\/es\/wp-json\/wp\/v2\/comments?post=21788"}],"version-history":[{"count":3,"href":"https:\/\/www.labeljoy.com\/es\/wp-json\/wp\/v2\/pages\/21788\/revisions"}],"predecessor-version":[{"id":21922,"href":"https:\/\/www.labeljoy.com\/es\/wp-json\/wp\/v2\/pages\/21788\/revisions\/21922"}],"up":[{"embeddable":true,"href":"https:\/\/www.labeljoy.com\/es\/wp-json\/wp\/v2\/pages\/21680"}],"wp:attachment":[{"href":"https:\/\/www.labeljoy.com\/es\/wp-json\/wp\/v2\/media?parent=21788"}],"curies":[{"name":"wp","href":"https:\/\/api.w.org\/{rel}","templated":true}]}}