{"id":21789,"date":"2014-11-19T14:41:06","date_gmt":"2014-11-19T14:41:06","guid":{"rendered":"http:\/\/www.labeljoy.com\/ayuda\/filtering-elements\/"},"modified":"2015-01-20T15:42:50","modified_gmt":"2015-01-20T15:42:50","slug":"visualizacion-selectiva","status":"publish","type":"page","link":"https:\/\/www.labeljoy.com\/es\/ayuda\/visualizacion-selectiva\/","title":{"rendered":"Visualizaci\u00f3n selectiva"},"content":{"rendered":"<div data-partent=\"19635\" class=\"callout callout-warning\">\n<h4>Esta p\u00e1gina hace referencia a Labeljoy 5, que no es nuestra \u00faltima versi\u00f3n.<\/h4>\n<p><a href=\"\/es\/comprar\/\">Actualice a Labeljoy 6<\/a> para obtener la \u00faltima versi\u00f3n del software con todas sus incre\u00edbles caracter\u00edsticas, o si ya es usuario, visite la <a href=\"\/es\/ayuda-lj6\/\">gu\u00eda del usuario de Labeljoy 6<\/a>.<\/p>\n<\/div>\n<link rel=\"stylesheet\" href=\"http:\/\/www.labeljoy.com\/user-guide-files\/en\/styles.css\" type=\"text\/css\" media=\"all\" \/>\n<div id=\"help-guide\">\n\r\n<p class=\"title\">visualizaci\u00f3n selectiva<\/p>\r\n<p class=\"body\">Las primeras opciones que se muestran haciendo clic en el icono <a href=\"http:\/\/www.labeljoy.com\/es\/ayuda\/vista-de-elementos\/\">\u00a0Vista de elementos<\/a> permiten a<strong>ctivar o desactivar la visualizaci\u00f3n de los 4 tipos de elementos <\/strong>colocados en una hoja, es decir, los <a href=\"http:\/\/www.labeljoy.com\/es\/ayuda\/configurar-un-codigo-de-barras\/\">C\u00f3digo de barras<\/a>, <a href=\"http:\/\/www.labeljoy.com\/es\/ayuda\/configuracion-de-texto\/\">Texto<\/a>, <a href=\"http:\/\/www.labeljoy.com\/es\/ayuda\/configurar-un-elemento-grafico\/\">Gr\u00e1ficos<\/a> y <a href=\"http:\/\/www.labeljoy.com\/es\/ayuda\/configurar-un-elemento-de-pagina\/\">Elementos p\u00e1gina<\/a> con respecto a la hoja.<\/p>\r\n<p class=\"body\"><img src=\"http:\/\/www.labeljoy.com\/user-guide-files\/es\/1480_002.png\" align=\"left\" style=\"margin: 0px 24px 4px 0px\">Las casillas se pueden clicar dependiendo si el elemento se encuentra presente en la hoja.<\/p>\r\n<p class=\"body\">El prop\u00f3sito de estos comandos es el de <strong>facilitar la fase de creaci\u00f3n<\/strong> de las etiquetas cuando se tiene que gestionar muchos elementos a la vez. La desactivaci\u00f3n temporal de uno o m\u00e1s elementos, adem\u00e1s de <strong>facilitar la edici\u00f3n<\/strong>, pueden hacer el <strong>programa m\u00e1s r\u00e1pido<\/strong> al visualizar las modificaciones realizadas.<\/p>\r\n<p class=\"body\">La siguiente secci\u00f3n permite <strong>seleccionar los elementos<\/strong> a trav\u00e9s de una serie de <a href=\"http:\/\/www.labeljoy.com\/es\/ayuda\/seleccion-de-elementos\/\">men\u00fas anidados<\/a>.<\/p>\r\n<\/div>\n<\/div>\n","protected":false},"excerpt":{"rendered":"<p>Esta p\u00e1gina hace referencia a Labeljoy 5, que no es nuestra \u00faltima versi\u00f3n. Actualice a Labeljoy 6 para obtener la \u00faltima versi\u00f3n del software con todas sus incre\u00edbles caracter\u00edsticas, o si ya es usuario, visite la gu\u00eda del usuario de Labeljoy 6.<\/p>\n","protected":false},"author":8,"featured_media":0,"parent":21680,"menu_order":0,"comment_status":"open","ping_status":"closed","template":"page-template-left-sidebar.php","meta":{"inline_featured_image":false,"_monsterinsights_skip_tracking":false,"_monsterinsights_sitenote_active":false,"_monsterinsights_sitenote_note":"","_monsterinsights_sitenote_category":0,"footnotes":""},"class_list":{"0":"post-21789","1":"page","2":"type-page","3":"status-publish","5":"infinite-scroll-item"},"aioseo_notices":[],"_links":{"self":[{"href":"https:\/\/www.labeljoy.com\/es\/wp-json\/wp\/v2\/pages\/21789","targetHints":{"allow":["GET"]}}],"collection":[{"href":"https:\/\/www.labeljoy.com\/es\/wp-json\/wp\/v2\/pages"}],"about":[{"href":"https:\/\/www.labeljoy.com\/es\/wp-json\/wp\/v2\/types\/page"}],"author":[{"embeddable":true,"href":"https:\/\/www.labeljoy.com\/es\/wp-json\/wp\/v2\/users\/8"}],"replies":[{"embeddable":true,"href":"https:\/\/www.labeljoy.com\/es\/wp-json\/wp\/v2\/comments?post=21789"}],"version-history":[{"count":2,"href":"https:\/\/www.labeljoy.com\/es\/wp-json\/wp\/v2\/pages\/21789\/revisions"}],"predecessor-version":[{"id":21824,"href":"https:\/\/www.labeljoy.com\/es\/wp-json\/wp\/v2\/pages\/21789\/revisions\/21824"}],"up":[{"embeddable":true,"href":"https:\/\/www.labeljoy.com\/es\/wp-json\/wp\/v2\/pages\/21680"}],"wp:attachment":[{"href":"https:\/\/www.labeljoy.com\/es\/wp-json\/wp\/v2\/media?parent=21789"}],"curies":[{"name":"wp","href":"https:\/\/api.w.org\/{rel}","templated":true}]}}