{"id":21790,"date":"2014-11-19T14:48:35","date_gmt":"2014-11-19T14:48:35","guid":{"rendered":"http:\/\/www.labeljoy.com\/ayuda\/options\/"},"modified":"2015-01-20T15:43:04","modified_gmt":"2015-01-20T15:43:04","slug":"opciones","status":"publish","type":"page","link":"https:\/\/www.labeljoy.com\/es\/ayuda\/opciones\/","title":{"rendered":"Opciones"},"content":{"rendered":"<div data-partent=\"19635\" class=\"callout callout-warning\">\n<h4>Esta p\u00e1gina hace referencia a Labeljoy 5, que no es nuestra \u00faltima versi\u00f3n.<\/h4>\n<p><a href=\"\/es\/comprar\/\">Actualice a Labeljoy 6<\/a> para obtener la \u00faltima versi\u00f3n del software con todas sus incre\u00edbles caracter\u00edsticas, o si ya es usuario, visite la <a href=\"\/es\/ayuda-lj6\/\">gu\u00eda del usuario de Labeljoy 6<\/a>.<\/p>\n<\/div>\n<link rel=\"stylesheet\" href=\"http:\/\/www.labeljoy.com\/user-guide-files\/en\/styles.css\" type=\"text\/css\" media=\"all\" \/>\n<div id=\"help-guide\">\n\r\n<p class=\"title\">opciones<\/p>\r\n<p class=\"body\">El bot\u00f3n <i>Opciones<\/i> abre una ventana con la que se puede configurar una variedad de <strong>ajustes<\/strong> relacionados con el <strong>funcionamiento y el aspecto del programa<\/strong>.<\/p>\r\n<p class=\"body\">La ventana de opciones posee <strong>7 fichas<\/strong> seleccionables haciendo clic en los elementos correspondientes en la <strong>parte superior <\/strong>de la ventana.<\/p>\r\n<p class=\"body\">Las 7 fichas agrupan 7 \u00e1reas de configuraci\u00f3n en las cuales se pueden establecer varias opciones. Ellas son:<\/p>\r\n<ul type=disc>\r\n  <li class=\"body\"><a href=\"http:\/\/www.labeljoy.com\/es\/ayuda\/principal\/\">Principal<\/a><\/li>\r\n  <li class=\"body\"><a href=\"http:\/\/www.labeljoy.com\/es\/ayuda\/pagina\/\">P\u00e1gina<\/a><\/li>\r\n  <li class=\"body\"><a href=\"http:\/\/www.labeljoy.com\/es\/ayuda\/reglas\/\">Reglas<\/a><\/li>\r\n  <li class=\"body\"><a href=\"http:\/\/www.labeljoy.com\/es\/ayuda\/margenes\/\">M\u00e1rgenes<\/a><\/li>\r\n  <li class=\"body\"><a href=\"http:\/\/www.labeljoy.com\/es\/ayuda\/seleccion\/\">Selecci\u00f3n<\/a><\/li>\r\n  <li class=\"body\"><a href=\"http:\/\/www.labeljoy.com\/es\/ayuda\/impresion\/\">Impresi\u00f3n<\/a><\/li>\r\n  <li class=\"body\"><a href=\"http:\/\/www.labeljoy.com\/es\/ayuda\/interfaz\/\">Interfaz<\/a><\/li>\r\n<\/ul>\r\n<p class=\"note\"><strong>Nota<\/strong><br>\r\n  La ventana de Opciones tiene un bot\u00f3n <i>Predefinidas<\/i> que permite <strong>volver a configurar a los valores por defecto<\/strong> todos los ajustes que se muestran en la <strong>pesta\u00f1a seleccionada<\/strong>. Utilizar este bot\u00f3n en caso de que la combinaci\u00f3n de las opciones seleccionada <strong>resulte inadecuada<\/strong> y ya no sea capaz de encontrar un <strong>equilibrio satisfactorio<\/strong>.<\/p>\r\n<p class=\"body\">Tener en cuenta que muchas opciones de <strong>aspecto del programa <\/strong>en la pantalla <strong>no poseen ninguna influencia sobre el resultado de la impresi\u00f3n<\/strong>. En las fichas en las que se aplica esta condici\u00f3n aparece <i>Estas configuraciones no afectan a la impresi\u00f3n<\/i>.<\/p>\r\n<\/div>\n<\/div>\n","protected":false},"excerpt":{"rendered":"<p>Esta p\u00e1gina hace referencia a Labeljoy 5, que no es nuestra \u00faltima versi\u00f3n. Actualice a Labeljoy 6 para obtener la \u00faltima versi\u00f3n del software con todas sus incre\u00edbles caracter\u00edsticas, o si ya es usuario, visite la gu\u00eda del usuario de Labeljoy 6.<\/p>\n","protected":false},"author":8,"featured_media":0,"parent":21680,"menu_order":0,"comment_status":"open","ping_status":"closed","template":"page-template-left-sidebar.php","meta":{"inline_featured_image":false,"_monsterinsights_skip_tracking":false,"_monsterinsights_sitenote_active":false,"_monsterinsights_sitenote_note":"","_monsterinsights_sitenote_category":0,"footnotes":""},"class_list":{"0":"post-21790","1":"page","2":"type-page","3":"status-publish","5":"infinite-scroll-item"},"aioseo_notices":[],"_links":{"self":[{"href":"https:\/\/www.labeljoy.com\/es\/wp-json\/wp\/v2\/pages\/21790","targetHints":{"allow":["GET"]}}],"collection":[{"href":"https:\/\/www.labeljoy.com\/es\/wp-json\/wp\/v2\/pages"}],"about":[{"href":"https:\/\/www.labeljoy.com\/es\/wp-json\/wp\/v2\/types\/page"}],"author":[{"embeddable":true,"href":"https:\/\/www.labeljoy.com\/es\/wp-json\/wp\/v2\/users\/8"}],"replies":[{"embeddable":true,"href":"https:\/\/www.labeljoy.com\/es\/wp-json\/wp\/v2\/comments?post=21790"}],"version-history":[{"count":2,"href":"https:\/\/www.labeljoy.com\/es\/wp-json\/wp\/v2\/pages\/21790\/revisions"}],"predecessor-version":[{"id":21829,"href":"https:\/\/www.labeljoy.com\/es\/wp-json\/wp\/v2\/pages\/21790\/revisions\/21829"}],"up":[{"embeddable":true,"href":"https:\/\/www.labeljoy.com\/es\/wp-json\/wp\/v2\/pages\/21680"}],"wp:attachment":[{"href":"https:\/\/www.labeljoy.com\/es\/wp-json\/wp\/v2\/media?parent=21790"}],"curies":[{"name":"wp","href":"https:\/\/api.w.org\/{rel}","templated":true}]}}