{"id":21791,"date":"2014-11-19T14:43:27","date_gmt":"2014-11-19T14:43:27","guid":{"rendered":"http:\/\/www.labeljoy.com\/ayuda\/selecting-elements\/"},"modified":"2015-01-20T17:09:21","modified_gmt":"2015-01-20T17:09:21","slug":"seleccion-de-elementos","status":"publish","type":"page","link":"https:\/\/www.labeljoy.com\/es\/ayuda\/seleccion-de-elementos\/","title":{"rendered":"Selecci\u00f3n de elementos"},"content":{"rendered":"<div data-partent=\"19635\" class=\"callout callout-warning\">\n<h4>Esta p\u00e1gina hace referencia a Labeljoy 5, que no es nuestra \u00faltima versi\u00f3n.<\/h4>\n<p><a href=\"\/es\/comprar\/\">Actualice a Labeljoy 6<\/a> para obtener la \u00faltima versi\u00f3n del software con todas sus incre\u00edbles caracter\u00edsticas, o si ya es usuario, visite la <a href=\"\/es\/ayuda-lj6\/\">gu\u00eda del usuario de Labeljoy 6<\/a>.<\/p>\n<\/div>\n<div id=\"help-guide\">\n\r\n<p class=\"title\">selecci\u00f3n de elementos<\/p>\r\n<p class=\"body\">La \u00faltima secci\u00f3n del men\u00fa <i>Vista de elementos<\/i> permite <strong>acceder a una serie de men\u00fas<\/strong> que enumera todos los elementos en la hoja y en las etiquetas.<\/p>\r\n<p class=\"body\">La<strong> parte superior enumera<\/strong>, si est\u00e1n presentes, <strong>los elementos de p\u00e1gina<\/strong> y, a continuaci\u00f3n<strong> los grupos de las etiquetas y de los elementos que contienen<\/strong>.<\/p>\r\n<p class=\"note\"><strong>Nota<\/strong><br>\r\n  Si existen varios conjuntos de etiquetas, se mostrar\u00e1 el men\u00fa agrupado. Dentro de cada men\u00fa se mostrar\u00e1n los submen\u00fas con la lista de elementos del respectivo grupo.<br>\r\n  Adem\u00e1s, cada elemento en un grupo est\u00e1 agrupado en submen\u00fas por tipo. Por ejemplo, todos los elementos del tipo Texto se mostrar\u00e1n dentro del submen\u00fa Textos.<\/p>\r\n<p class=\"body\">El texto visualizado en estos men\u00fas depende del <strong>nombre<\/strong> del elemento. El nombre se encuentra en la ficha <a href=\"http:\/\/www.labeljoy.com\/es\/ayuda\/posicionar-los-elementos\/\">Avanzadas<\/a> de la ventana de propiedades de los elementos y en la <a href=\"http:\/\/www.labeljoy.com\/es\/ayuda\/administrar-grupos\/\">ventana de propiedad<\/a> para los grupos.<\/p>\r\n<p class=\"body\">El uso de estos elementos de men\u00fa puede ser muy <strong>importante<\/strong> en el caso de que se desee acceder a los elementos donde <strong>ser\u00eda ineficaz el uso del rat\u00f3n para la selecci\u00f3n<\/strong>.<\/p>\r\n<p class=\"body\">Esto puede ocurrir cuando:<\/p>\r\n<ul>\r\n  <li class=\"body\">Un elemento est\u00e1 parcialmente o totalmente cubierto por otros.<\/li>\r\n  <li class=\"body\">Un elemento se coloca fuera de la etiqueta.<\/li>\r\n  <li class=\"body\">Un elemento ha sido creado con la opci\u00f3n <a href=\"http:\/\/www.labeljoy.com\/es\/ayuda\/posicionar-los-elementos\/\">responder al rat\u00f3n<\/a> desactivada.<\/li>\r\n<\/ul>\r\n<p class=\"note\"><strong>Nota<\/strong><br>\r\n  <strong>Elementos visibles<\/strong> tambi\u00e9n se pueden seleccionar (y clicar) con la ayuda de la tecla <strong>TAB<\/strong> (selecciona el siguiente) y la combinaci\u00f3n de teclas <strong>SHIFT + TAB<\/strong> (selecciona el anterior).<\/p>\r\n<p class=\"note\"><strong>Nota<\/strong><br>\r\n  Si durante la selecci\u00f3n de un elemento se mantiene pulsada la tecla Control (CTRL), adem\u00e1s de la selecci\u00f3n tambi\u00e9n se mostrar\u00e1 <strong>su ventana de propiedades<\/strong>.<\/p>\r\n<\/div>\n<\/div>\n","protected":false},"excerpt":{"rendered":"<p>Esta p\u00e1gina hace referencia a Labeljoy 5, que no es nuestra \u00faltima versi\u00f3n. Actualice a Labeljoy 6 para obtener la \u00faltima versi\u00f3n del software con todas sus incre\u00edbles caracter\u00edsticas, o si ya es usuario, visite la gu\u00eda del usuario de Labeljoy 6.<\/p>\n","protected":false},"author":8,"featured_media":0,"parent":21680,"menu_order":0,"comment_status":"open","ping_status":"closed","template":"page-template-left-sidebar.php","meta":{"inline_featured_image":false,"_monsterinsights_skip_tracking":false,"_monsterinsights_sitenote_active":false,"_monsterinsights_sitenote_note":"","_monsterinsights_sitenote_category":0,"footnotes":""},"class_list":{"0":"post-21791","1":"page","2":"type-page","3":"status-publish","5":"infinite-scroll-item"},"aioseo_notices":[],"_links":{"self":[{"href":"https:\/\/www.labeljoy.com\/es\/wp-json\/wp\/v2\/pages\/21791","targetHints":{"allow":["GET"]}}],"collection":[{"href":"https:\/\/www.labeljoy.com\/es\/wp-json\/wp\/v2\/pages"}],"about":[{"href":"https:\/\/www.labeljoy.com\/es\/wp-json\/wp\/v2\/types\/page"}],"author":[{"embeddable":true,"href":"https:\/\/www.labeljoy.com\/es\/wp-json\/wp\/v2\/users\/8"}],"replies":[{"embeddable":true,"href":"https:\/\/www.labeljoy.com\/es\/wp-json\/wp\/v2\/comments?post=21791"}],"version-history":[{"count":3,"href":"https:\/\/www.labeljoy.com\/es\/wp-json\/wp\/v2\/pages\/21791\/revisions"}],"predecessor-version":[{"id":21920,"href":"https:\/\/www.labeljoy.com\/es\/wp-json\/wp\/v2\/pages\/21791\/revisions\/21920"}],"up":[{"embeddable":true,"href":"https:\/\/www.labeljoy.com\/es\/wp-json\/wp\/v2\/pages\/21680"}],"wp:attachment":[{"href":"https:\/\/www.labeljoy.com\/es\/wp-json\/wp\/v2\/media?parent=21791"}],"curies":[{"name":"wp","href":"https:\/\/api.w.org\/{rel}","templated":true}]}}