{"id":21792,"date":"2014-11-19T14:44:38","date_gmt":"2014-11-19T14:44:38","guid":{"rendered":"http:\/\/www.labeljoy.com\/ayuda\/locking-elements\/"},"modified":"2015-01-20T17:16:47","modified_gmt":"2015-01-20T17:16:47","slug":"bloquear-elementos","status":"publish","type":"page","link":"https:\/\/www.labeljoy.com\/es\/ayuda\/bloquear-elementos\/","title":{"rendered":"Bloquear elementos"},"content":{"rendered":"<div data-partent=\"19635\" class=\"callout callout-warning\">\n<h4>Esta p\u00e1gina hace referencia a Labeljoy 5, que no es nuestra \u00faltima versi\u00f3n.<\/h4>\n<p><a href=\"\/es\/comprar\/\">Actualice a Labeljoy 6<\/a> para obtener la \u00faltima versi\u00f3n del software con todas sus incre\u00edbles caracter\u00edsticas, o si ya es usuario, visite la <a href=\"\/es\/ayuda-lj6\/\">gu\u00eda del usuario de Labeljoy 6<\/a>.<\/p>\n<\/div>\n<div id=\"help-guide\">\n\r\n<p class=\"title\">bloquear elementos<\/p>\r\n<p class=\"body\">El icono <i>Bloquear elementos<\/i> permite poner Labeljoy en una condici\u00f3n en la cual <strong>los movimientos<\/strong>, <strong>los cambios de tama\u00f1o<\/strong> y las rotaciones que suelen completarse con el rat\u00f3n <strong>est\u00e1n desactivados<\/strong>.<\/p>\r\n<p class=\"body\">Las coordenadas de los elementos pero se pueden modificar a trav\u00e9s de l<strong>as ventanas de propiedades<\/strong> de los distintos elementos, en la pesta\u00f1a <a href=\"http:\/\/www.labeljoy.com\/es\/ayuda\/posicionar-los-elementos\/\"><i>Avanzada<\/i><\/a>, com\u00fan a todos los elementos.<\/p>\r\n<p class=\"body\">Con la activaci\u00f3n del bloque de los elementos se mostrar\u00e1 el icono en la <a href=\"http:\/\/www.labeljoy.com\/es\/ayuda\/la-barra-de-estado\/\">barra de estado<\/a>. Ser\u00e1 posible desbloquear los elementos tambi\u00e9n haciendo clic en este icono.<\/p>\r\n<p class=\"note\"><strong>Nota<\/strong><br>\r\n  El bloque de los elementos es totalmente <strong>independiente<\/strong> de la configuraci\u00f3n <i>Responder al rat\u00f3n<\/i> ajustable en la ficha <a href=\"http:\/\/www.labeljoy.com\/es\/ayuda\/posicionar-los-elementos\/\">Avanzada<\/a>. De hecho, cuando <i>Bloquear elementos<\/i> est\u00e1 activo a\u00fan es posible hacer doble clic con el rat\u00f3n para acceder a las ventanas de propiedades, si no ha sido seleccionado el ajuste <i>Responder al rat\u00f3n<\/i>.<\/p>\r\n<\/div>\n<\/div>\n","protected":false},"excerpt":{"rendered":"<p>Esta p\u00e1gina hace referencia a Labeljoy 5, que no es nuestra \u00faltima versi\u00f3n. Actualice a Labeljoy 6 para obtener la \u00faltima versi\u00f3n del software con todas sus incre\u00edbles caracter\u00edsticas, o si ya es usuario, visite la gu\u00eda del usuario de Labeljoy 6.<\/p>\n","protected":false},"author":8,"featured_media":0,"parent":21680,"menu_order":0,"comment_status":"open","ping_status":"closed","template":"page-template-left-sidebar.php","meta":{"inline_featured_image":false,"_monsterinsights_skip_tracking":false,"_monsterinsights_sitenote_active":false,"_monsterinsights_sitenote_note":"","_monsterinsights_sitenote_category":0,"footnotes":""},"class_list":{"0":"post-21792","1":"page","2":"type-page","3":"status-publish","5":"infinite-scroll-item"},"aioseo_notices":[],"_links":{"self":[{"href":"https:\/\/www.labeljoy.com\/es\/wp-json\/wp\/v2\/pages\/21792","targetHints":{"allow":["GET"]}}],"collection":[{"href":"https:\/\/www.labeljoy.com\/es\/wp-json\/wp\/v2\/pages"}],"about":[{"href":"https:\/\/www.labeljoy.com\/es\/wp-json\/wp\/v2\/types\/page"}],"author":[{"embeddable":true,"href":"https:\/\/www.labeljoy.com\/es\/wp-json\/wp\/v2\/users\/8"}],"replies":[{"embeddable":true,"href":"https:\/\/www.labeljoy.com\/es\/wp-json\/wp\/v2\/comments?post=21792"}],"version-history":[{"count":3,"href":"https:\/\/www.labeljoy.com\/es\/wp-json\/wp\/v2\/pages\/21792\/revisions"}],"predecessor-version":[{"id":21925,"href":"https:\/\/www.labeljoy.com\/es\/wp-json\/wp\/v2\/pages\/21792\/revisions\/21925"}],"up":[{"embeddable":true,"href":"https:\/\/www.labeljoy.com\/es\/wp-json\/wp\/v2\/pages\/21680"}],"wp:attachment":[{"href":"https:\/\/www.labeljoy.com\/es\/wp-json\/wp\/v2\/media?parent=21792"}],"curies":[{"name":"wp","href":"https:\/\/api.w.org\/{rel}","templated":true}]}}