{"id":21793,"date":"2014-11-19T14:45:35","date_gmt":"2014-11-19T14:45:35","guid":{"rendered":"http:\/\/www.labeljoy.com\/ayuda\/zoom-icon\/"},"modified":"2015-01-20T16:24:35","modified_gmt":"2015-01-20T16:24:35","slug":"zoom-icon","status":"publish","type":"page","link":"https:\/\/www.labeljoy.com\/es\/ayuda\/zoom-icon\/","title":{"rendered":"Zoom"},"content":{"rendered":"<div data-partent=\"19635\" class=\"callout callout-warning\">\n<h4>Esta p\u00e1gina hace referencia a Labeljoy 5, que no es nuestra \u00faltima versi\u00f3n.<\/h4>\n<p><a href=\"\/es\/comprar\/\">Actualice a Labeljoy 6<\/a> para obtener la \u00faltima versi\u00f3n del software con todas sus incre\u00edbles caracter\u00edsticas, o si ya es usuario, visite la <a href=\"\/es\/ayuda-lj6\/\">gu\u00eda del usuario de Labeljoy 6<\/a>.<\/p>\n<\/div>\n<div id=\"help-guide\">\n\r\n<p class=\"title\">zoom<\/p>\r\n<p class=\"body\">Con este bot\u00f3n se accede a un men\u00fa que permite ajustar el<strong> factor de zoom<\/strong> con que Labeljoy muestra el proyecto actual.<\/p>\r\n<table width=\"100%\">\r\n  <tr valign=\"top\">\r\n    <td><p class=\"body\"><img src=\"http:\/\/www.labeljoy.com\/user-guide-files\/es\/1540_001.png\" align=\"left\" style=\"margin: 0px 24px 4px 0px\">El valor se puede ajustar de acuerdo a un valor <strong>proporcional<\/strong> o un segundo valor de <strong>forma libre<\/strong>. Los tres primeros elementos del men\u00fa ajustan el factor de zoom proporcional de la siguiente manera:<\/p>\r\n      <ul>\r\n        <li class=\"body\"><strong>Etiqueta<\/strong>: estableciendo este valor, Labeljoy ajustar\u00e1 autom\u00e1ticamente el factor de zoom mayor posible para que una <strong>etiqueta completa<\/strong> se pueda visualizar en la pantalla. <\/li>\r\n        <li class=\"body\"><strong>P\u00e1gina completa<\/strong>: seleccionando esta opci\u00f3n, se establecer\u00e1 un factor de zoom que permite ver una p\u00e1gina entera en la pantalla.<\/li>\r\n        <li class=\"body\"><strong>Ancho de p\u00e1gina<\/strong>: por \u00faltimo, seleccionando esta opci\u00f3n se establecer\u00e1 un factor de zoom que permite ver en la pantalla la p\u00e1gina en <strong>direcci\u00f3n horizontal<\/strong>.<\/li>\r\n      <\/ul>\r\n      <p class=\"note\"><strong>Nota<\/strong><br>\r\n        El valor definido autom\u00e1ticamente por Labeljoy cuando se selecciona una de las tres opciones variar\u00e1 en funci\u00f3n del<strong> tama\u00f1o de la ventana principal del programa<\/strong>.<\/p>\r\n      <p class=\"body\">La siguiente serie de elementos permite establecer un factor de <strong>zoom fijo e independiente <\/strong>del tama\u00f1o de la ventana del programa, del tama\u00f1o de la etiqueta o de la etiqueta.<\/p>\r\n      <p class=\"body\">Por \u00faltimo, est\u00e1n los comandos <i>Zoom +<\/i> y <i>Zoom -<\/i> con los que tambi\u00e9n se puede <strong>aumentar<\/strong> o <strong>disminuir<\/strong> el factor de zoom con incrementos de 25 puntos porcentuales, tambi\u00e9n pulsando la tecla &quot;+&quot; y &quot;-&quot; en el <strong>teclado num\u00e9rico<\/strong>.<\/p>\r\n      <p class=\"note\"><strong>Nota<\/strong><br>\r\n        Es posible hacer zoom sobre los elementos presentes con el uso del <strong>rat\u00f3n junto al teclado<\/strong> de la siguiente manera:<br>\r\n        haciendo clic con el <strong>bot\u00f3n izquierdo<\/strong> del rat\u00f3n sobre un punto de la pantalla mientras se mantiene pulsada la tecla <i>ALT<\/i> (Alternate), esto aumentar\u00e1 el factor de zoom de 50 puntos porcentuales;<br>\r\n        haciendo clic con el <strong>bot\u00f3n derecho<\/strong> del rat\u00f3n mientras se mantiene presionada la tecla <i>ALT<\/i>, esto provocar\u00e1 una disminuci\u00f3n del zoom de 50%, hasta que sea posible.<br>\r\n        Utilizando este sistema el punto en el que se presiona el rat\u00f3n se <strong>centrar\u00e1 en la pantalla<\/strong>.<br>\r\n        Tener en cuenta que el uso de esta funci\u00f3n <strong>desactivar\u00e1<\/strong> cualquier selecci\u00f3n de <strong>zoom proporcional <\/strong>previamente activado.<\/p><\/td>\r\n  <\/tr>\r\n<\/table>\r\n\n<\/div>\n","protected":false},"excerpt":{"rendered":"<p>Esta p\u00e1gina hace referencia a Labeljoy 5, que no es nuestra \u00faltima versi\u00f3n. Actualice a Labeljoy 6 para obtener la \u00faltima versi\u00f3n del software con todas sus incre\u00edbles caracter\u00edsticas, o si ya es usuario, visite la gu\u00eda del usuario de Labeljoy 6.<\/p>\n","protected":false},"author":8,"featured_media":0,"parent":21680,"menu_order":0,"comment_status":"open","ping_status":"closed","template":"page-template-left-sidebar.php","meta":{"inline_featured_image":false,"_monsterinsights_skip_tracking":false,"_monsterinsights_sitenote_active":false,"_monsterinsights_sitenote_note":"","_monsterinsights_sitenote_category":0,"footnotes":""},"class_list":{"0":"post-21793","1":"page","2":"type-page","3":"status-publish","5":"infinite-scroll-item"},"aioseo_notices":[],"_links":{"self":[{"href":"https:\/\/www.labeljoy.com\/es\/wp-json\/wp\/v2\/pages\/21793","targetHints":{"allow":["GET"]}}],"collection":[{"href":"https:\/\/www.labeljoy.com\/es\/wp-json\/wp\/v2\/pages"}],"about":[{"href":"https:\/\/www.labeljoy.com\/es\/wp-json\/wp\/v2\/types\/page"}],"author":[{"embeddable":true,"href":"https:\/\/www.labeljoy.com\/es\/wp-json\/wp\/v2\/users\/8"}],"replies":[{"embeddable":true,"href":"https:\/\/www.labeljoy.com\/es\/wp-json\/wp\/v2\/comments?post=21793"}],"version-history":[{"count":3,"href":"https:\/\/www.labeljoy.com\/es\/wp-json\/wp\/v2\/pages\/21793\/revisions"}],"predecessor-version":[{"id":21904,"href":"https:\/\/www.labeljoy.com\/es\/wp-json\/wp\/v2\/pages\/21793\/revisions\/21904"}],"up":[{"embeddable":true,"href":"https:\/\/www.labeljoy.com\/es\/wp-json\/wp\/v2\/pages\/21680"}],"wp:attachment":[{"href":"https:\/\/www.labeljoy.com\/es\/wp-json\/wp\/v2\/media?parent=21793"}],"curies":[{"name":"wp","href":"https:\/\/api.w.org\/{rel}","templated":true}]}}