{"id":21795,"date":"2014-11-19T14:50:16","date_gmt":"2014-11-19T14:50:16","guid":{"rendered":"http:\/\/www.labeljoy.com\/ayuda\/main\/"},"modified":"2015-01-20T17:17:01","modified_gmt":"2015-01-20T17:17:01","slug":"principal","status":"publish","type":"page","link":"https:\/\/www.labeljoy.com\/es\/ayuda\/principal\/","title":{"rendered":"Principal"},"content":{"rendered":"<div data-partent=\"19635\" class=\"callout callout-warning\">\n<h4>Esta p\u00e1gina hace referencia a Labeljoy 5, que no es nuestra \u00faltima versi\u00f3n.<\/h4>\n<p><a href=\"\/es\/comprar\/\">Actualice a Labeljoy 6<\/a> para obtener la \u00faltima versi\u00f3n del software con todas sus incre\u00edbles caracter\u00edsticas, o si ya es usuario, visite la <a href=\"\/es\/ayuda-lj6\/\">gu\u00eda del usuario de Labeljoy 6<\/a>.<\/p>\n<\/div>\n<div id=\"help-guide\">\n\r\n<p class=\"title\">principal<\/p>\r\n<p class=\"body\">La ficha <i>Principal<\/i> incluye una serie de opciones relativas al funcionamiento y al aspecto del programa.<\/p>\r\n<table width=\"100%\">\r\n  <tr valign=\"top\">\r\n    <td><p class=\"body\"><img src=\"http:\/\/www.labeljoy.com\/user-guide-files\/es\/1680_001.png\" align=left style=\"margin: 0px 24px 4px 0px\">Estas opciones son:<\/p>\r\n      <ul>\r\n        <li><span class=\"body\"><strong>Confirmar Cortar\/Eliminar<\/strong>: Si esta opci\u00f3n est\u00e1 activa, con los comandos <i>Cortar<\/i> o <i>Eliminar <\/i>se visualiza un mensaje de confirmaci\u00f3n.<\/span><\/li>\r\n        <li class=\"body\"><strong>Mostrar nombre al mover el mouse<\/strong>: cuando esta opci\u00f3n est\u00e1 activada, posicionando el rat\u00f3n sobre los elementos se visualiza el nombre asignado al elemento abajo, tal como se establece en la ficha <a href=\"http:\/\/www.labeljoy.com\/es\/ayuda\/posicionar-los-elementos\/\">Avanzada<\/a>.<\/li>\r\n        <li class=\"body\"><strong>Modalidad de carga<\/strong>: al hacer clic en el bot\u00f3n <a href=\"http:\/\/www.labeljoy.com\/es\/ayuda\/abrir\/\">Cargar un proyecto<\/a> y si hay uno o m\u00e1s grupos de etiquetas, Labeljoy permite decidir c\u00f3mo llevar a cabo la operaci\u00f3n de carga. Se puede optar por eliminar el proyecto actual y reemplazar con el proyecto que se est\u00e1 cargando, o mantener el proyecto actual y agregar el proyecto que se est\u00e1 cargando.<\/li>\r\n        <li><span class=\"body\"><strong>Mostrar editor luego de agregar \u00edtem<\/strong>: se asegura de que al final de la inserci\u00f3n de un nuevo elemento con el rat\u00f3n, se abra la ventana de gesti\u00f3n del elemento recientemente a\u00f1adido.<\/span><\/li>\r\n        <li class=\"body\"><strong>Unidades de medida<\/strong>: definici\u00f3n de la unidad de medida en uso.<\/li>\r\n      <\/ul>      <\/td>\r\n  <\/tr>\r\n<\/table>\r\n<\/div>\n<\/div>\n","protected":false},"excerpt":{"rendered":"<p>Esta p\u00e1gina hace referencia a Labeljoy 5, que no es nuestra \u00faltima versi\u00f3n. Actualice a Labeljoy 6 para obtener la \u00faltima versi\u00f3n del software con todas sus incre\u00edbles caracter\u00edsticas, o si ya es usuario, visite la gu\u00eda del usuario de Labeljoy 6.<\/p>\n","protected":false},"author":8,"featured_media":0,"parent":21680,"menu_order":0,"comment_status":"open","ping_status":"closed","template":"page-template-left-sidebar.php","meta":{"inline_featured_image":false,"_monsterinsights_skip_tracking":false,"_monsterinsights_sitenote_active":false,"_monsterinsights_sitenote_note":"","_monsterinsights_sitenote_category":0,"footnotes":""},"class_list":{"0":"post-21795","1":"page","2":"type-page","3":"status-publish","5":"infinite-scroll-item"},"aioseo_notices":[],"_links":{"self":[{"href":"https:\/\/www.labeljoy.com\/es\/wp-json\/wp\/v2\/pages\/21795","targetHints":{"allow":["GET"]}}],"collection":[{"href":"https:\/\/www.labeljoy.com\/es\/wp-json\/wp\/v2\/pages"}],"about":[{"href":"https:\/\/www.labeljoy.com\/es\/wp-json\/wp\/v2\/types\/page"}],"author":[{"embeddable":true,"href":"https:\/\/www.labeljoy.com\/es\/wp-json\/wp\/v2\/users\/8"}],"replies":[{"embeddable":true,"href":"https:\/\/www.labeljoy.com\/es\/wp-json\/wp\/v2\/comments?post=21795"}],"version-history":[{"count":3,"href":"https:\/\/www.labeljoy.com\/es\/wp-json\/wp\/v2\/pages\/21795\/revisions"}],"predecessor-version":[{"id":21927,"href":"https:\/\/www.labeljoy.com\/es\/wp-json\/wp\/v2\/pages\/21795\/revisions\/21927"}],"up":[{"embeddable":true,"href":"https:\/\/www.labeljoy.com\/es\/wp-json\/wp\/v2\/pages\/21680"}],"wp:attachment":[{"href":"https:\/\/www.labeljoy.com\/es\/wp-json\/wp\/v2\/media?parent=21795"}],"curies":[{"name":"wp","href":"https:\/\/api.w.org\/{rel}","templated":true}]}}