{"id":21796,"date":"2014-11-19T14:51:44","date_gmt":"2014-11-19T14:51:44","guid":{"rendered":"http:\/\/www.labeljoy.com\/ayuda\/page\/"},"modified":"2015-01-20T17:16:24","modified_gmt":"2015-01-20T17:16:24","slug":"pagina","status":"publish","type":"page","link":"https:\/\/www.labeljoy.com\/es\/ayuda\/pagina\/","title":{"rendered":"P\u00e1gina"},"content":{"rendered":"<div data-partent=\"19635\" class=\"callout callout-warning\">\n<h4>Esta p\u00e1gina hace referencia a Labeljoy 5, que no es nuestra \u00faltima versi\u00f3n.<\/h4>\n<p><a href=\"\/es\/comprar\/\">Actualice a Labeljoy 6<\/a> para obtener la \u00faltima versi\u00f3n del software con todas sus incre\u00edbles caracter\u00edsticas, o si ya es usuario, visite la <a href=\"\/es\/ayuda-lj6\/\">gu\u00eda del usuario de Labeljoy 6<\/a>.<\/p>\n<\/div>\n<div id=\"help-guide\">\n\r\n<p class=\"title\">p\u00e1gina<\/p>\r\n<p class=\"body\">Ficha para la configuraci\u00f3n de <strong>visualizaci\u00f3n a pantalla de la p\u00e1gina<\/strong>.<\/p>\r\n<table width=\"100%\">\r\n  <tr valign=\"top\">\r\n    <td><p class=\"body\"><img src=\"http:\/\/www.labeljoy.com\/user-guide-files\/es\/1580_001.png\" align=left><\/p><\/td>\r\n    <td><p class=\"body\">La ficha <em>P\u00e1gina <\/em>contiene las siguientes opciones:<\/p>\r\n      <ul type=disc>\r\n        <li class=\"body\"><strong>Fondo<\/strong>: definici\u00f3n del color de fondo de la ventana principal del programa, es decir, el espacio vac\u00edo detr\u00e1s de la hoja. Al hacer clic en el \u00e1rea coloreada aparecer\u00e1 una <a href=\"http:\/\/www.labeljoy.com\/es\/ayuda\/definir-los-colores\/\">ventana para configurar los colores<\/a>.<\/li>\r\n        <li class=\"body\"><strong>Contorno de p\u00e1gina<\/strong>: color del borde alrededor de la hoja.<\/li>\r\n        <li class=\"body\"><strong>Etiquetas vac\u00edas<\/strong>: n\u00famero de las etiquetas en blanco en la primera p\u00e1gina (en el caso en el que se establece un punto de <a href=\"http:\/\/www.labeljoy.com\/es\/ayuda\/ajustar-la-posicion-de-inicio-de-impresion\/\">inicio de la impresi\u00f3n<\/a> diferente de la primera fila, primera columna) y de la \u00faltima p\u00e1gina (en caso de que el n\u00famero total de etiquetas no llena completamente la \u00faltima hoja).<\/li>\r\n        <li class=\"body\"><strong>Contorno de etiquetas<\/strong>: color de las l\u00edneas de demarcaci\u00f3n de las etiquetas.<\/li>\r\n        <li class=\"body\"><strong>P\u00e1gina<\/strong>: color de fondo de la p\u00e1gina.<\/li>\r\n        <li class=\"body\"><strong>Tama\u00f1o de sombra<\/strong>: tama\u00f1o (en p\u00edxeles) de la sombra de la p\u00e1gina en la parte inferior derecha de la hoja.<\/li>\r\n        <li class=\"body\"><strong>Tama\u00f1o de cuadro vac\u00edo<\/strong>: tama\u00f1o (en p\u00edxeles) de la zona en blanco alrededor de la hoja. Reduciendo este valor dar\u00e1 lugar un aumento del \u00e1rea visible.<\/li>\r\n      <\/ul><\/td>\r\n  <\/tr>\r\n<\/table>\r\n<\/div>\n<\/div>\n","protected":false},"excerpt":{"rendered":"<p>Esta p\u00e1gina hace referencia a Labeljoy 5, que no es nuestra \u00faltima versi\u00f3n. Actualice a Labeljoy 6 para obtener la \u00faltima versi\u00f3n del software con todas sus incre\u00edbles caracter\u00edsticas, o si ya es usuario, visite la gu\u00eda del usuario de Labeljoy 6.<\/p>\n","protected":false},"author":8,"featured_media":0,"parent":21680,"menu_order":0,"comment_status":"open","ping_status":"closed","template":"page-template-left-sidebar.php","meta":{"inline_featured_image":false,"_monsterinsights_skip_tracking":false,"_monsterinsights_sitenote_active":false,"_monsterinsights_sitenote_note":"","_monsterinsights_sitenote_category":0,"footnotes":""},"class_list":{"0":"post-21796","1":"page","2":"type-page","3":"status-publish","5":"infinite-scroll-item"},"aioseo_notices":[],"_links":{"self":[{"href":"https:\/\/www.labeljoy.com\/es\/wp-json\/wp\/v2\/pages\/21796","targetHints":{"allow":["GET"]}}],"collection":[{"href":"https:\/\/www.labeljoy.com\/es\/wp-json\/wp\/v2\/pages"}],"about":[{"href":"https:\/\/www.labeljoy.com\/es\/wp-json\/wp\/v2\/types\/page"}],"author":[{"embeddable":true,"href":"https:\/\/www.labeljoy.com\/es\/wp-json\/wp\/v2\/users\/8"}],"replies":[{"embeddable":true,"href":"https:\/\/www.labeljoy.com\/es\/wp-json\/wp\/v2\/comments?post=21796"}],"version-history":[{"count":3,"href":"https:\/\/www.labeljoy.com\/es\/wp-json\/wp\/v2\/pages\/21796\/revisions"}],"predecessor-version":[{"id":21923,"href":"https:\/\/www.labeljoy.com\/es\/wp-json\/wp\/v2\/pages\/21796\/revisions\/21923"}],"up":[{"embeddable":true,"href":"https:\/\/www.labeljoy.com\/es\/wp-json\/wp\/v2\/pages\/21680"}],"wp:attachment":[{"href":"https:\/\/www.labeljoy.com\/es\/wp-json\/wp\/v2\/media?parent=21796"}],"curies":[{"name":"wp","href":"https:\/\/api.w.org\/{rel}","templated":true}]}}