{"id":21797,"date":"2014-11-19T14:55:14","date_gmt":"2014-11-19T14:55:14","guid":{"rendered":"http:\/\/www.labeljoy.com\/ayuda\/margins\/"},"modified":"2015-01-20T17:16:56","modified_gmt":"2015-01-20T17:16:56","slug":"margenes","status":"publish","type":"page","link":"https:\/\/www.labeljoy.com\/es\/ayuda\/margenes\/","title":{"rendered":"M\u00e1rgenes"},"content":{"rendered":"<div data-partent=\"19635\" class=\"callout callout-warning\">\n<h4>Esta p\u00e1gina hace referencia a Labeljoy 5, que no es nuestra \u00faltima versi\u00f3n.<\/h4>\n<p><a href=\"\/es\/comprar\/\">Actualice a Labeljoy 6<\/a> para obtener la \u00faltima versi\u00f3n del software con todas sus incre\u00edbles caracter\u00edsticas, o si ya es usuario, visite la <a href=\"\/es\/ayuda-lj6\/\">gu\u00eda del usuario de Labeljoy 6<\/a>.<\/p>\n<\/div>\n<div id=\"help-guide\">\n\r\n<p class=\"title\">m\u00e1rgenes<\/p>\r\n<p class=\"body\">En esta ficha se puede definir la visualizaci\u00f3n de los m\u00e1rgenes de la <a href=\"http:\/\/www.labeljoy.com\/es\/ayuda\/impresion-icono\/\">impresora seleccionada<\/a>.<\/p>\r\n<table width=\"100%\">\r\n  <tr valign=\"top\">\r\n    <td><p class=\"body\"><img src=\"http:\/\/www.labeljoy.com\/user-guide-files\/es\/1620_001.png\" align=left style=\"margin: 0px 24px 4px 0px\">Esta funci\u00f3n permite evitar la colocaci\u00f3n de elementos <strong>fuera del \u00e1rea de impresi\u00f3n<\/strong>. Existen dos configuraciones:<\/p>\r\n      <ul>\r\n        <li class=\"body\"><strong>Colores de m\u00e1rgenes de impresora<\/strong>: selecci\u00f3n del color con el que se mostrar\u00e1n las l\u00edneas del borde.<\/li>\r\n        <li class=\"body\"><strong>Visualizaci\u00f3n de m\u00e1rgenes de impresi\u00f3n<\/strong>: selecci\u00f3n de las formas en que se muestran las l\u00edneas de los m\u00e1rgenes.<\/li>\r\n      <\/ul>\r\n      <p class=\"note\"><strong>Nota<\/strong><br>\r\n        Si los m\u00e1rgenes muestran \u00e1reas no imprimibles en la parte inferior de la hoja debido a limitaciones f\u00edsicas de la impresora, utilice la funci\u00f3n de <a href=\"http:\/\/www.labeljoy.com\/es\/ayuda\/dividir-un-layout\/\">subdivisi\u00f3n autom\u00e1tica<\/a> de un layout.<\/p><\/td>\r\n  <\/tr>\r\n<\/table>\r\n<\/div>\n<\/div>\n","protected":false},"excerpt":{"rendered":"<p>Esta p\u00e1gina hace referencia a Labeljoy 5, que no es nuestra \u00faltima versi\u00f3n. Actualice a Labeljoy 6 para obtener la \u00faltima versi\u00f3n del software con todas sus incre\u00edbles caracter\u00edsticas, o si ya es usuario, visite la gu\u00eda del usuario de Labeljoy 6.<\/p>\n","protected":false},"author":8,"featured_media":0,"parent":21680,"menu_order":0,"comment_status":"open","ping_status":"closed","template":"page-template-left-sidebar.php","meta":{"inline_featured_image":false,"_monsterinsights_skip_tracking":false,"_monsterinsights_sitenote_active":false,"_monsterinsights_sitenote_note":"","_monsterinsights_sitenote_category":0,"footnotes":""},"class_list":{"0":"post-21797","1":"page","2":"type-page","3":"status-publish","5":"infinite-scroll-item"},"aioseo_notices":[],"_links":{"self":[{"href":"https:\/\/www.labeljoy.com\/es\/wp-json\/wp\/v2\/pages\/21797","targetHints":{"allow":["GET"]}}],"collection":[{"href":"https:\/\/www.labeljoy.com\/es\/wp-json\/wp\/v2\/pages"}],"about":[{"href":"https:\/\/www.labeljoy.com\/es\/wp-json\/wp\/v2\/types\/page"}],"author":[{"embeddable":true,"href":"https:\/\/www.labeljoy.com\/es\/wp-json\/wp\/v2\/users\/8"}],"replies":[{"embeddable":true,"href":"https:\/\/www.labeljoy.com\/es\/wp-json\/wp\/v2\/comments?post=21797"}],"version-history":[{"count":4,"href":"https:\/\/www.labeljoy.com\/es\/wp-json\/wp\/v2\/pages\/21797\/revisions"}],"predecessor-version":[{"id":21926,"href":"https:\/\/www.labeljoy.com\/es\/wp-json\/wp\/v2\/pages\/21797\/revisions\/21926"}],"up":[{"embeddable":true,"href":"https:\/\/www.labeljoy.com\/es\/wp-json\/wp\/v2\/pages\/21680"}],"wp:attachment":[{"href":"https:\/\/www.labeljoy.com\/es\/wp-json\/wp\/v2\/media?parent=21797"}],"curies":[{"name":"wp","href":"https:\/\/api.w.org\/{rel}","templated":true}]}}