{"id":21798,"date":"2014-11-19T14:56:52","date_gmt":"2014-11-19T14:56:52","guid":{"rendered":"http:\/\/www.labeljoy.com\/ayuda\/selection-options\/"},"modified":"2015-01-20T15:43:06","modified_gmt":"2015-01-20T15:43:06","slug":"seleccion","status":"publish","type":"page","link":"https:\/\/www.labeljoy.com\/es\/ayuda\/seleccion\/","title":{"rendered":"Selecci\u00f3n"},"content":{"rendered":"<div data-partent=\"19635\" class=\"callout callout-warning\">\n<h4>Esta p\u00e1gina hace referencia a Labeljoy 5, que no es nuestra \u00faltima versi\u00f3n.<\/h4>\n<p><a href=\"\/es\/comprar\/\">Actualice a Labeljoy 6<\/a> para obtener la \u00faltima versi\u00f3n del software con todas sus incre\u00edbles caracter\u00edsticas, o si ya es usuario, visite la <a href=\"\/es\/ayuda-lj6\/\">gu\u00eda del usuario de Labeljoy 6<\/a>.<\/p>\n<\/div>\n<link rel=\"stylesheet\" href=\"http:\/\/www.labeljoy.com\/user-guide-files\/en\/styles.css\" type=\"text\/css\" media=\"all\" \/>\n<div id=\"help-guide\">\n\r\n<p class=\"title\">selecci\u00f3n<\/p>\r\n<p class=\"body\">En esta ficha se pueden establecer los par\u00e1metros para el <i>cuadro de selecci\u00f3n<\/i> que aparece cuando se selecciona un elemento.<\/p>\r\n<table width=\"100%\">\r\n  <tr valign=\"top\">\r\n    <td><p class=\"body\"><img src=\"http:\/\/www.labeljoy.com\/user-guide-files\/es\/1640_001.png\" alt=\"\" align=left style=\"margin: 0px 24px 4px 0px\">Las opciones son las siguientes:<\/p>\r\n      <ul>\r\n        <li class=\"body\"><strong>Relleno<\/strong>: color utilizado para el marco de selecci\u00f3n.<\/li>\r\n        <li class=\"body\"><strong>Opacidad de relleno<\/strong>: valor de opacidad del color de relleno. Arrastrando el cursor a la izquierda no se tendr\u00e1 ning\u00fan relleno, mientras arrastrando el cursor a la derecha el relleno cubre completamente el \u00e1rea del elemento seleccionado.<\/li>\r\n        <li class=\"body\"><strong>Color del recuadro<\/strong>: color del marco alrededor del cuadro de selecci\u00f3n.<\/li>\r\n        <li class=\"body\"><strong>Recuadro<\/strong>: modo utilizado para dibujar las l\u00edneas que componen el marco.<\/li>\r\n        <li class=\"body\"><strong>Arrastrar contenidos<\/strong>: cuando esta opci\u00f3n est\u00e1 activada, el contenido de los elementos en las etiquetas y en las p\u00e1ginas se mostrar\u00e1 en su totalidad en el proceso de arrastrar y cambio de tama\u00f1o. Cuando esta opci\u00f3n est\u00e1 desactivada, s\u00f3lo se ver\u00e1 el marco exterior. Mantenga desactivada esta opci\u00f3n para que el arrastre con el rat\u00f3n sea m\u00e1s suave.<\/li>\r\n      <\/ul>      <\/td>\r\n  <\/tr>\r\n<\/table>\r\n\n<\/div>\n","protected":false},"excerpt":{"rendered":"<p>Esta p\u00e1gina hace referencia a Labeljoy 5, que no es nuestra \u00faltima versi\u00f3n. Actualice a Labeljoy 6 para obtener la \u00faltima versi\u00f3n del software con todas sus incre\u00edbles caracter\u00edsticas, o si ya es usuario, visite la gu\u00eda del usuario de Labeljoy 6.<\/p>\n","protected":false},"author":8,"featured_media":0,"parent":21680,"menu_order":0,"comment_status":"open","ping_status":"closed","template":"page-template-left-sidebar.php","meta":{"inline_featured_image":false,"_monsterinsights_skip_tracking":false,"_monsterinsights_sitenote_active":false,"_monsterinsights_sitenote_note":"","_monsterinsights_sitenote_category":0,"footnotes":""},"class_list":{"0":"post-21798","1":"page","2":"type-page","3":"status-publish","5":"infinite-scroll-item"},"aioseo_notices":[],"_links":{"self":[{"href":"https:\/\/www.labeljoy.com\/es\/wp-json\/wp\/v2\/pages\/21798","targetHints":{"allow":["GET"]}}],"collection":[{"href":"https:\/\/www.labeljoy.com\/es\/wp-json\/wp\/v2\/pages"}],"about":[{"href":"https:\/\/www.labeljoy.com\/es\/wp-json\/wp\/v2\/types\/page"}],"author":[{"embeddable":true,"href":"https:\/\/www.labeljoy.com\/es\/wp-json\/wp\/v2\/users\/8"}],"replies":[{"embeddable":true,"href":"https:\/\/www.labeljoy.com\/es\/wp-json\/wp\/v2\/comments?post=21798"}],"version-history":[{"count":2,"href":"https:\/\/www.labeljoy.com\/es\/wp-json\/wp\/v2\/pages\/21798\/revisions"}],"predecessor-version":[{"id":21835,"href":"https:\/\/www.labeljoy.com\/es\/wp-json\/wp\/v2\/pages\/21798\/revisions\/21835"}],"up":[{"embeddable":true,"href":"https:\/\/www.labeljoy.com\/es\/wp-json\/wp\/v2\/pages\/21680"}],"wp:attachment":[{"href":"https:\/\/www.labeljoy.com\/es\/wp-json\/wp\/v2\/media?parent=21798"}],"curies":[{"name":"wp","href":"https:\/\/api.w.org\/{rel}","templated":true}]}}