{"id":21799,"date":"2014-11-19T14:59:26","date_gmt":"2014-11-19T14:59:26","guid":{"rendered":"http:\/\/www.labeljoy.com\/ayuda\/user-interface\/"},"modified":"2015-01-20T17:16:04","modified_gmt":"2015-01-20T17:16:04","slug":"interfaz","status":"publish","type":"page","link":"https:\/\/www.labeljoy.com\/es\/ayuda\/interfaz\/","title":{"rendered":"Interfaz"},"content":{"rendered":"<div data-partent=\"19635\" class=\"callout callout-warning\">\n<h4>Esta p\u00e1gina hace referencia a Labeljoy 5, que no es nuestra \u00faltima versi\u00f3n.<\/h4>\n<p><a href=\"\/es\/comprar\/\">Actualice a Labeljoy 6<\/a> para obtener la \u00faltima versi\u00f3n del software con todas sus incre\u00edbles caracter\u00edsticas, o si ya es usuario, visite la <a href=\"\/es\/ayuda-lj6\/\">gu\u00eda del usuario de Labeljoy 6<\/a>.<\/p>\n<\/div>\n<div id=\"help-guide\">\n\r\n<p class=\"title\">interfaz<\/p>\n<p class=\"body\">La ficha <i>Interfaz<\/i> agrupa algunas opciones para el aspecto del programa.<\/p>\n<table width=\"100%\">\n  <tr valign=\"top\">\n    <td>\n    <img src=\"http:\/\/www.labeljoy.com\/user-guide-files\/es\/2600_001.png\" align=\"left\" class=\"body\" style=\"margin: 0px 24px 4px 0px\">\n    <ul>\n      <li><span class=\"body\"><strong>Idioma<\/strong>: permite definir el idioma utilizado en la interfaz de Labeljoy.<\/span><\/li>\n      <li class=\"body\"><strong>Tama\u00f1o iconos principales<\/strong>: el tama\u00f1o de los iconos que aparecen en la barra de iconos. Se puede reducir el tama\u00f1o de los iconos para reservar m\u00e1s espacio al \u00e1rea de trabajo. Seleccionando la opci\u00f3n <i>Ajustar<\/i> los iconos se adaptaran a fin de garantizar su visibilidad completa.<\/li>\n      <li class=\"body\"><strong>Visualizaci\u00f3n de barra de herramientas<\/strong>: permite definir c\u00f3mo se muestra la barra de herramientas.<\/li>\n      <li class=\"body\"><strong>Tama\u00f1o de iconos de herramientas<\/strong>: definici\u00f3n del tama\u00f1o de los iconos de los instrumentos.<\/li>\n    <\/ul>      <\/td>\n  <\/tr>\n<\/table>\n\n<\/div>\n","protected":false},"excerpt":{"rendered":"<p>Esta p\u00e1gina hace referencia a Labeljoy 5, que no es nuestra \u00faltima versi\u00f3n. Actualice a Labeljoy 6 para obtener la \u00faltima versi\u00f3n del software con todas sus incre\u00edbles caracter\u00edsticas, o si ya es usuario, visite la gu\u00eda del usuario de Labeljoy 6.<\/p>\n","protected":false},"author":8,"featured_media":0,"parent":21680,"menu_order":0,"comment_status":"open","ping_status":"closed","template":"page-template-left-sidebar.php","meta":{"inline_featured_image":false,"_monsterinsights_skip_tracking":false,"_monsterinsights_sitenote_active":false,"_monsterinsights_sitenote_note":"","_monsterinsights_sitenote_category":0,"footnotes":""},"class_list":{"0":"post-21799","1":"page","2":"type-page","3":"status-publish","5":"infinite-scroll-item"},"aioseo_notices":[],"_links":{"self":[{"href":"https:\/\/www.labeljoy.com\/es\/wp-json\/wp\/v2\/pages\/21799","targetHints":{"allow":["GET"]}}],"collection":[{"href":"https:\/\/www.labeljoy.com\/es\/wp-json\/wp\/v2\/pages"}],"about":[{"href":"https:\/\/www.labeljoy.com\/es\/wp-json\/wp\/v2\/types\/page"}],"author":[{"embeddable":true,"href":"https:\/\/www.labeljoy.com\/es\/wp-json\/wp\/v2\/users\/8"}],"replies":[{"embeddable":true,"href":"https:\/\/www.labeljoy.com\/es\/wp-json\/wp\/v2\/comments?post=21799"}],"version-history":[{"count":3,"href":"https:\/\/www.labeljoy.com\/es\/wp-json\/wp\/v2\/pages\/21799\/revisions"}],"predecessor-version":[{"id":21921,"href":"https:\/\/www.labeljoy.com\/es\/wp-json\/wp\/v2\/pages\/21799\/revisions\/21921"}],"up":[{"embeddable":true,"href":"https:\/\/www.labeljoy.com\/es\/wp-json\/wp\/v2\/pages\/21680"}],"wp:attachment":[{"href":"https:\/\/www.labeljoy.com\/es\/wp-json\/wp\/v2\/media?parent=21799"}],"curies":[{"name":"wp","href":"https:\/\/api.w.org\/{rel}","templated":true}]}}