{"id":21800,"date":"2014-11-19T14:58:08","date_gmt":"2014-11-19T14:58:08","guid":{"rendered":"http:\/\/www.labeljoy.com\/ayuda\/print-options\/"},"modified":"2015-01-20T17:16:33","modified_gmt":"2015-01-20T17:16:33","slug":"impresion","status":"publish","type":"page","link":"https:\/\/www.labeljoy.com\/es\/ayuda\/impresion\/","title":{"rendered":"Impresi\u00f3n"},"content":{"rendered":"<div data-partent=\"19635\" class=\"callout callout-warning\">\n<h4>Esta p\u00e1gina hace referencia a Labeljoy 5, que no es nuestra \u00faltima versi\u00f3n.<\/h4>\n<p><a href=\"\/es\/comprar\/\">Actualice a Labeljoy 6<\/a> para obtener la \u00faltima versi\u00f3n del software con todas sus incre\u00edbles caracter\u00edsticas, o si ya es usuario, visite la <a href=\"\/es\/ayuda-lj6\/\">gu\u00eda del usuario de Labeljoy 6<\/a>.<\/p>\n<\/div>\n<div id=\"help-guide\">\n\r\n<p class=\"title\">impresi\u00f3n<\/p>\r\n<p class=\"body\">En esta ficha se pueden definir <strong>algunos par\u00e1metros importantes relacionados con la impresi\u00f3n<\/strong>.<\/p>\r\n<table width=\"100%\">\r\n  <tr valign=\"top\">\r\n    <td><p class=\"body\"><img src=\"http:\/\/www.labeljoy.com\/user-guide-files\/es\/1660_001.png\" align=left style=\"margin: 0px 24px 4px 0px\">El cambio de estos par\u00e1metros afectar\u00e1 el <strong>proceso de impresi\u00f3n<\/strong>.<\/p>\r\n      <p class=\"body\"><strong><u>RECORDAR IMPRESORA<\/u><\/strong><u><br>\r\n        <\/u>Active la opci\u00f3n <strong>Recordar impresora al salir<\/strong> para hacer que, al abrir el programa, Labeljoy restablezca la impresora utilizada por \u00faltima vez. Esta funci\u00f3n es \u00fatil en sistemas donde se instalan varias impresoras, y si se utiliza una impresora especial con Labeljoy.<\/p>\r\n      <p class=\"body\"><strong><u>SINCRONIZAR EL TAMA\u00d1O DE P\u00c1GINA CON LA IMPRESORA<\/u><\/strong><u> <br>\r\n        <\/u>Esta opci\u00f3n, si es activada, se asegura de que cada vez que se utiliza la impresora en Labeljoy, el tama\u00f1o p\u00e1gina del dise\u00f1o se sincronice con los reportados por el driver de la impresora seleccionada.<br>\r\n        En algunos casos, se recomienda que se desactive esta opci\u00f3n para evitar cambios autom\u00e1ticos en el dise\u00f1o seleccionado.<\/p>\r\n      <p class=\"body\"><strong><u>IMPRIMIR DESDE UN PUNTO<\/u><\/strong><u><br>\r\n        <\/u>Labeljoy permite definir un <strong>punto de inicio de la impresi\u00f3n<\/strong> de las etiquetas diferentes de la posici\u00f3n <strong>en la parte superior izquierda<\/strong> de uso com\u00fan. Esta funci\u00f3n es especialmente \u00fatil si se decide empezar a imprimir un lote de etiquetas con una primera hoja que ya ha sido utilizada parcialmente.<\/p>\r\n      <p class=\"body\">En esta ficha se pueden definir las coordenadas con respecto al <strong>n\u00famero de filas<\/strong> y el<strong> n\u00famero de columnas<\/strong>, donde se inicia la impresi\u00f3n. Por ejemplo, si se desea volver a utilizar una hoja compuesta de 3 columnas y 8 filas de etiquetas, pero que ya se han usado 5, podemos instruir Labeljoy para iniciar la impresi\u00f3n de la columna 2, l\u00ednea 3, de tal manera que la <strong>impresi\u00f3n se iniciar\u00e1 exactamente a la primera etiqueta a disposici\u00f3n en la hoja<\/strong>.<br>\r\n        Las opciones son:<\/p>\r\n      <ul>\r\n        <li class=\"body\"><strong>Imprimir l\u00ednea de inicio<\/strong>: especifica la l\u00ednea de partida para la impresi\u00f3n.<\/li>\r\n        <li class=\"body\"><strong>Imprimir columna de inicio<\/strong>: especifica la columna de partida para la impresi\u00f3n.<\/li>\r\n        <li class=\"body\"><strong>Actualizaci\u00f3n de posici\u00f3n de fila y columna de inicio despu\u00e9s de la impresi\u00f3n<\/strong>: Activando esta opci\u00f3n Labeljoy actualizar\u00e1 la posici\u00f3n de inicio de impresi\u00f3n al final de una impresi\u00f3n. En otras palabras, cuando se activa esta opci\u00f3n, al final de un procedimiento de impresi\u00f3n, Labeljoy calcula autom\u00e1ticamente la posici\u00f3n en la que se completa la impresi\u00f3n y propone autom\u00e1ticamente una nueva posici\u00f3n de inicio de impresi\u00f3n de tal manera que la \u00faltima hoja impresa puede ser reutilizada.<\/li>\r\n      <\/ul>      <\/td>\r\n  <\/tr>\r\n<\/table>\r\n<p class=\"note\"><strong>Nota<\/strong><br>\r\n  La posici\u00f3n de inicio impresi\u00f3n tambi\u00e9n se puede configurar con la ayuda del rat\u00f3n como se describe en el p\u00e1rrafo de <a href=\"http:\/\/www.labeljoy.com\/es\/ayuda\/ajustar-la-posicion-de-inicio-de-impresion\/\">ajustar la posici\u00f3n de inicio de impresi\u00f3n<\/a>.<\/p>\r\n<p class=\"body\"><strong><u>AGRUPAMIENTO DE P\u00c1GINAS MAX<\/u><\/strong><u><br>\r\n  <\/u>Windows no puede gestionar los proyectos enviados a la impresora cuando el <strong>tama\u00f1o del proyecto supera los 2 GB<\/strong>. En estos casos se genera un <strong>error del sistema<\/strong>. Para evitar que esto ocurra, Labeljoy env\u00eda las p\u00e1ginas que desea imprimir en <strong>grupos separados con un n\u00famero predefinido de p\u00e1ginas<\/strong>. El cuadro <i>Agrupamiento de p\u00e1ginas max<\/i> permite definir un n\u00famero m\u00e1ximo de p\u00e1ginas <strong>que se env\u00edan a la impresora<\/strong> como un solo proyecto (Min 1 - Max 999).<br>\r\n  Esta opci\u00f3n es \u00fatil <strong>cuando se env\u00eda a la impresora un gran n\u00famero de p\u00e1ginas<\/strong> y si el contenido es rico en informaci\u00f3n y gr\u00e1ficos.<br>\r\n  Por ejemplo, si el proyecto se compone de 250 p\u00e1ginas y el ajuste en este cuadro es el predeterminado (100 p\u00e1ginas), la impresora se llevar\u00e1 a cabo en tres fases: 100 p\u00e1ginas, 100 p\u00e1ginas, 50 p\u00e1ginas. Se imprimen todas las p\u00e1ginas, y simplemente se agrupan en lo que Windows interpretar\u00e1 como tres diferentes proyectos.<\/p>\r\n<p class=\"note\"><strong>Nota<\/strong><br>\r\n  Si el n\u00famero m\u00e1ximo de p\u00e1ginas que se env\u00edan a la impresora supera el l\u00edmite establecido, la cancelaci\u00f3n de <strong>la impresi\u00f3n s\u00f3lo tendr\u00e1 efecto en el grupo que se est\u00e1 imprimiendo<\/strong>.<\/p>\r\n<p class=\"body\"><strong><u>L\u00cdNEA GU\u00cdA<\/u><\/strong><br>\r\n  A continuaci\u00f3n se presentan los controles para configurar la<strong> impresi\u00f3n de las l\u00edneas gu\u00eda<\/strong>. Las l\u00edneas tienen por objeto proporcionar una pista en la que es necesario <strong>recortar las hojas impresas<\/strong>.<\/p>\r\n<p class=\"body\">El cuadro <i>l\u00ednea gu\u00eda<\/i> permite establecer el aspecto de las l\u00edneas:<\/p>\r\n<ul>\r\n  <li class=\"body\"><strong>Oculto<\/strong>: las l\u00edneas no son visualizadas ni impresas.<\/li>\r\n  <li class=\"body\"><strong>Tam. fijo<\/strong>: l\u00edneas impresas con tama\u00f1o fijo de 25,4 mm (1 pulgada).<\/li>\r\n  <li class=\"body\"><strong>Marg. Izq.<\/strong>: se imprimen las l\u00edneas cuyas dimensiones depender\u00e1n de los m\u00e1rgenes disponibles en la parte exterior del papel, seg\u00fan lo seleccionado en la ventana <a href=\"http:\/\/www.labeljoy.com\/es\/ayuda\/establecer-el-layout\/\">layout<\/a>.<\/li>\r\n  <li class=\"body\"><strong>Tam. p\u00e1gina<\/strong>: se imprimen las l\u00edneas utilizando por entero las dimensiones vertical y horizontal del papel.<\/li>\r\n  <li class=\"body\"><strong>Contorno de etiqueta<\/strong>: se imprimen las l\u00edneas siguiendo los bordes de las etiquetas, tal como se define en el layout actual. Esta opci\u00f3n es especialmente \u00fatil si se necesita cortar a mano las etiquetas impresas.<\/li>\r\n<\/ul>\r\n<p class=\"note\"><strong>Nota<\/strong><br>\r\n  De modo que la opci\u00f3n de <i>Marg. Izq.<\/i> determina un resultado visible en la impresi\u00f3n, es necesario que los <strong>m\u00e1rgenes laterales<\/strong> fijados en la ventana de layout sean <strong>los suficientemente grandes <\/strong>como para <strong>superar los m\u00e1rgenes de impresi\u00f3n requeridos por la impresora<\/strong>. De lo contrario, <strong>no se impriman algunas l\u00edneas<\/strong>.<\/p>\r\n<p class=\"body\">Es posible definir un color para imprimir las gu\u00edas haciendo clic en <i>Color <\/i>directrices.<\/p>\r\n<\/div>\n<\/div>\n","protected":false},"excerpt":{"rendered":"<p>Esta p\u00e1gina hace referencia a Labeljoy 5, que no es nuestra \u00faltima versi\u00f3n. Actualice a Labeljoy 6 para obtener la \u00faltima versi\u00f3n del software con todas sus incre\u00edbles caracter\u00edsticas, o si ya es usuario, visite la gu\u00eda del usuario de Labeljoy 6.<\/p>\n","protected":false},"author":8,"featured_media":0,"parent":21680,"menu_order":0,"comment_status":"open","ping_status":"closed","template":"page-template-left-sidebar.php","meta":{"inline_featured_image":false,"_monsterinsights_skip_tracking":false,"_monsterinsights_sitenote_active":false,"_monsterinsights_sitenote_note":"","_monsterinsights_sitenote_category":0,"footnotes":""},"class_list":{"0":"post-21800","1":"page","2":"type-page","3":"status-publish","5":"infinite-scroll-item"},"aioseo_notices":[],"_links":{"self":[{"href":"https:\/\/www.labeljoy.com\/es\/wp-json\/wp\/v2\/pages\/21800","targetHints":{"allow":["GET"]}}],"collection":[{"href":"https:\/\/www.labeljoy.com\/es\/wp-json\/wp\/v2\/pages"}],"about":[{"href":"https:\/\/www.labeljoy.com\/es\/wp-json\/wp\/v2\/types\/page"}],"author":[{"embeddable":true,"href":"https:\/\/www.labeljoy.com\/es\/wp-json\/wp\/v2\/users\/8"}],"replies":[{"embeddable":true,"href":"https:\/\/www.labeljoy.com\/es\/wp-json\/wp\/v2\/comments?post=21800"}],"version-history":[{"count":3,"href":"https:\/\/www.labeljoy.com\/es\/wp-json\/wp\/v2\/pages\/21800\/revisions"}],"predecessor-version":[{"id":21924,"href":"https:\/\/www.labeljoy.com\/es\/wp-json\/wp\/v2\/pages\/21800\/revisions\/21924"}],"up":[{"embeddable":true,"href":"https:\/\/www.labeljoy.com\/es\/wp-json\/wp\/v2\/pages\/21680"}],"wp:attachment":[{"href":"https:\/\/www.labeljoy.com\/es\/wp-json\/wp\/v2\/media?parent=21800"}],"curies":[{"name":"wp","href":"https:\/\/api.w.org\/{rel}","templated":true}]}}