{"id":21801,"date":"2014-11-19T15:00:50","date_gmt":"2014-11-19T15:00:50","guid":{"rendered":"http:\/\/www.labeljoy.com\/ayuda\/help-icon\/"},"modified":"2015-01-20T16:44:23","modified_gmt":"2015-01-20T16:44:23","slug":"ayuda-icono","status":"publish","type":"page","link":"https:\/\/www.labeljoy.com\/es\/ayuda\/ayuda-icono\/","title":{"rendered":"Ayuda"},"content":{"rendered":"<div data-partent=\"19635\" class=\"callout callout-warning\">\n<h4>Esta p\u00e1gina hace referencia a Labeljoy 5, que no es nuestra \u00faltima versi\u00f3n.<\/h4>\n<p><a href=\"\/es\/comprar\/\">Actualice a Labeljoy 6<\/a> para obtener la \u00faltima versi\u00f3n del software con todas sus incre\u00edbles caracter\u00edsticas, o si ya es usuario, visite la <a href=\"\/es\/ayuda-lj6\/\">gu\u00eda del usuario de Labeljoy 6<\/a>.<\/p>\n<\/div>\n<div id=\"help-guide\">\n\r\n<p class=\"title\">ayuda<\/p>\r\n<p class=\"body\">El \u00faltimo bot\u00f3n de la derecha de la barra de iconos permite acceder al men\u00fa con las f<strong>unciones adicionales del programa<\/strong>.<\/p>\r\n<table width=\"100%\">\r\n  <tr valign=\"top\">\r\n    <td><p class=\"body\"><img src=\"http:\/\/www.labeljoy.com\/user-guide-files\/es\/1720_001.png\" align=left style=\"margin: 0px 24px 4px 0px\">Las opciones son la siguientes:<\/p>\r\n      <ul>\r\n        <li class=\"body\"><strong>Ayuda Labeljoy<\/strong>: abre la pantalla de ayuda en l\u00ednea.<\/li>\r\n        <li class=\"body\"><strong>Introducci\u00f3n<\/strong>: muestra la ventana de bienvenida que normalmente aparece cuando se inicia el programa.<\/li>\r\n        <li class=\"body\"><strong>Activaci\u00f3n<\/strong>: Se abre el cuadro de di\u00e1logo de activaci\u00f3n que permite la liberaci\u00f3n del programa de la versi\u00f3n demo a la versi\u00f3n completa.<\/li>\r\n        <li class=\"body\"><strong>Soporte por email*<\/strong>: prepara un e-mail dirigido al soporte t\u00e9cnico de Labeljoy.<\/li>\r\n        <li class=\"body\"><strong>Ir al sitio web*<\/strong>: conexi\u00f3n con el sitio www.labeljoy.it dedicado a Labeljoy.<\/li>\r\n        <li class=\"body\"><strong>Acerca de Labeljoy<\/strong>: abre ventana con informaci\u00f3n sobre la versi\u00f3n del programa.<\/li>\r\n      <\/ul>\r\n      <p class=\"body\"><strong>*<\/strong> Para estas opciones se requiere una conexi\u00f3n a Internet.<\/p><\/td>\r\n  <\/tr>\r\n<\/table>\r\n\n<\/div>\n","protected":false},"excerpt":{"rendered":"<p>Esta p\u00e1gina hace referencia a Labeljoy 5, que no es nuestra \u00faltima versi\u00f3n. Actualice a Labeljoy 6 para obtener la \u00faltima versi\u00f3n del software con todas sus incre\u00edbles caracter\u00edsticas, o si ya es usuario, visite la gu\u00eda del usuario de Labeljoy 6.<\/p>\n","protected":false},"author":8,"featured_media":0,"parent":21680,"menu_order":0,"comment_status":"open","ping_status":"closed","template":"page-template-left-sidebar.php","meta":{"inline_featured_image":false,"_monsterinsights_skip_tracking":false,"_monsterinsights_sitenote_active":false,"_monsterinsights_sitenote_note":"","_monsterinsights_sitenote_category":0,"footnotes":""},"class_list":{"0":"post-21801","1":"page","2":"type-page","3":"status-publish","5":"infinite-scroll-item"},"aioseo_notices":[],"_links":{"self":[{"href":"https:\/\/www.labeljoy.com\/es\/wp-json\/wp\/v2\/pages\/21801","targetHints":{"allow":["GET"]}}],"collection":[{"href":"https:\/\/www.labeljoy.com\/es\/wp-json\/wp\/v2\/pages"}],"about":[{"href":"https:\/\/www.labeljoy.com\/es\/wp-json\/wp\/v2\/types\/page"}],"author":[{"embeddable":true,"href":"https:\/\/www.labeljoy.com\/es\/wp-json\/wp\/v2\/users\/8"}],"replies":[{"embeddable":true,"href":"https:\/\/www.labeljoy.com\/es\/wp-json\/wp\/v2\/comments?post=21801"}],"version-history":[{"count":3,"href":"https:\/\/www.labeljoy.com\/es\/wp-json\/wp\/v2\/pages\/21801\/revisions"}],"predecessor-version":[{"id":21918,"href":"https:\/\/www.labeljoy.com\/es\/wp-json\/wp\/v2\/pages\/21801\/revisions\/21918"}],"up":[{"embeddable":true,"href":"https:\/\/www.labeljoy.com\/es\/wp-json\/wp\/v2\/pages\/21680"}],"wp:attachment":[{"href":"https:\/\/www.labeljoy.com\/es\/wp-json\/wp\/v2\/media?parent=21801"}],"curies":[{"name":"wp","href":"https:\/\/api.w.org\/{rel}","templated":true}]}}