{"id":21849,"date":"2014-11-19T15:02:04","date_gmt":"2014-11-19T15:02:04","guid":{"rendered":"http:\/\/www.labeljoy.com\/ayuda\/the-status-bar\/"},"modified":"2015-01-20T17:25:12","modified_gmt":"2015-01-20T17:25:12","slug":"la-barra-de-estado","status":"publish","type":"page","link":"https:\/\/www.labeljoy.com\/es\/ayuda\/la-barra-de-estado\/","title":{"rendered":"La barra de estado"},"content":{"rendered":"<div data-partent=\"19635\" class=\"callout callout-warning\">\n<h4>Esta p\u00e1gina hace referencia a Labeljoy 5, que no es nuestra \u00faltima versi\u00f3n.<\/h4>\n<p><a href=\"\/es\/comprar\/\">Actualice a Labeljoy 6<\/a> para obtener la \u00faltima versi\u00f3n del software con todas sus incre\u00edbles caracter\u00edsticas, o si ya es usuario, visite la <a href=\"\/es\/ayuda-lj6\/\">gu\u00eda del usuario de Labeljoy 6<\/a>.<\/p>\n<\/div>\n<div id=\"help-guide\">\n\r\n<p class=\"title\">la barra de estado<\/p>\r\n<p class=\"body\">La <i>barra de estado<\/i> es el <strong>elemento horizontal<\/strong> en la <strong>parte inferior de la ventana principal <\/strong>de Labeljoy que contiene <strong>informaci\u00f3n \u00fatil<\/strong> para desarrollar el proyecto.<\/p>\r\n<p class=\"body\"><img src=\"http:\/\/www.labeljoy.com\/user-guide-files\/es\/1740_001.png\" style=\"margin: 0px 24px 4px 0px\"><\/p>\r\n<p class=\"body\">La barra de estado se compone de <strong>13 elementos<\/strong>, de izquierda a derecha, posee la siguiente informaci\u00f3n:<\/p>\r\n<ol>\r\n  <li><span class=\"body\">Nombre del programa y versi\u00f3n. Al hacer clic en este elemento se muestra la ventana de informaci\u00f3n del programa.<\/span><\/li>\r\n  <li><span class=\"body\">El n\u00famero de la p\u00e1gina actual y el n\u00famero total de p\u00e1ginas.<\/span><\/li>\r\n  <li><span class=\"body\">Primera y \u00faltima etiqueta visualizada en la p\u00e1gina actual y el n\u00famero total de etiquetas.<\/span><\/li>\r\n  <li><span class=\"body\">N\u00famero de grupos de etiquetas.<\/span><\/li>\r\n  <li><span class=\"body\">Tama\u00f1o del papel, establecido en la ventana <a href=\"http:\/\/www.labeljoy.com\/es\/ayuda\/establecer-el-layout\/\">Distribuci\u00f3n<\/a>.<\/span><\/li>\r\n  <li><span class=\"body\">Dimensiones de la etiqueta resultantes de los ajustes en la ventana de distribuci\u00f3n.<\/span><\/li>\r\n  <li><span class=\"body\">Nombre del layout, definido en la ficha <i>Avanzada<\/i> de la ventana de <i>Layout<\/i>. Al hacer clic en este elemento se muestra la ventana de propiedades del layout.<\/span><\/li>\r\n  <li><span class=\"body\">Factor de zoom actual. Al hacer clic en esta opci\u00f3n de men\u00fa se muestra el ajuste del zoom.<\/span><\/li>\r\n  <li><span class=\"body\">Espacio dedicado a la visualizaci\u00f3n del icono <a href=\"http:\/\/www.labeljoy.com\/es\/ayuda\/bloquear-elementos\/\">Bloque0 elementos<\/a>, cuando se activa. Este elemento tambi\u00e9n permite el desbloqueo de los elementos a trav\u00e9s el clic del rat\u00f3n.<\/span><\/li>\r\n  <li><span class=\"body\">Espacio dedicado a la visualizaci\u00f3n del icono <a href=\"http:\/\/www.labeljoy.com\/es\/ayuda\/vista-de-elementos\/\">Visualizaci\u00f3n elementos<\/a>, en presencia de elementos ocultos. Al hacer clic en este elemento se muestra el men\u00fa de visualizaci\u00f3n elementos.<\/span><\/li>\r\n  <li><span class=\"body\">CAPS. Cuando se activa la tecla de bloqueo de may\u00fasculas, este elemento se vuelve oscuro.<\/span><\/li>\r\n  <li><span class=\"body\">NUM teclado num\u00e9rico. Cuando la tecla de activaci\u00f3n del teclado num\u00e9rico est\u00e1 activada, este elemento se vuelve oscuro.<\/span><\/li>\r\n  <li><span class=\"body\">Fecha y hora actuales.<\/span><\/li>\r\n<\/ol>\r\n<\/div>\n<\/div>\n","protected":false},"excerpt":{"rendered":"<p>Esta p\u00e1gina hace referencia a Labeljoy 5, que no es nuestra \u00faltima versi\u00f3n. Actualice a Labeljoy 6 para obtener la \u00faltima versi\u00f3n del software con todas sus incre\u00edbles caracter\u00edsticas, o si ya es usuario, visite la gu\u00eda del usuario de Labeljoy 6.<\/p>\n","protected":false},"author":8,"featured_media":0,"parent":21680,"menu_order":0,"comment_status":"open","ping_status":"closed","template":"page-template-left-sidebar.php","meta":{"inline_featured_image":false,"_monsterinsights_skip_tracking":false,"_monsterinsights_sitenote_active":false,"_monsterinsights_sitenote_note":"","_monsterinsights_sitenote_category":0,"footnotes":""},"class_list":{"0":"post-21849","1":"page","2":"type-page","3":"status-publish","5":"infinite-scroll-item"},"aioseo_notices":[],"_links":{"self":[{"href":"https:\/\/www.labeljoy.com\/es\/wp-json\/wp\/v2\/pages\/21849","targetHints":{"allow":["GET"]}}],"collection":[{"href":"https:\/\/www.labeljoy.com\/es\/wp-json\/wp\/v2\/pages"}],"about":[{"href":"https:\/\/www.labeljoy.com\/es\/wp-json\/wp\/v2\/types\/page"}],"author":[{"embeddable":true,"href":"https:\/\/www.labeljoy.com\/es\/wp-json\/wp\/v2\/users\/8"}],"replies":[{"embeddable":true,"href":"https:\/\/www.labeljoy.com\/es\/wp-json\/wp\/v2\/comments?post=21849"}],"version-history":[{"count":3,"href":"https:\/\/www.labeljoy.com\/es\/wp-json\/wp\/v2\/pages\/21849\/revisions"}],"predecessor-version":[{"id":21936,"href":"https:\/\/www.labeljoy.com\/es\/wp-json\/wp\/v2\/pages\/21849\/revisions\/21936"}],"up":[{"embeddable":true,"href":"https:\/\/www.labeljoy.com\/es\/wp-json\/wp\/v2\/pages\/21680"}],"wp:attachment":[{"href":"https:\/\/www.labeljoy.com\/es\/wp-json\/wp\/v2\/media?parent=21849"}],"curies":[{"name":"wp","href":"https:\/\/api.w.org\/{rel}","templated":true}]}}