{"id":21850,"date":"2014-11-19T15:05:53","date_gmt":"2014-11-19T15:05:53","guid":{"rendered":"http:\/\/www.labeljoy.com\/ayuda\/the-toolbar\/"},"modified":"2015-01-20T17:24:22","modified_gmt":"2015-01-20T17:24:22","slug":"la-barra-de-herramientas","status":"publish","type":"page","link":"https:\/\/www.labeljoy.com\/es\/ayuda\/la-barra-de-herramientas\/","title":{"rendered":"La barra de herramientas"},"content":{"rendered":"<div data-partent=\"19635\" class=\"callout callout-warning\">\n<h4>Esta p\u00e1gina hace referencia a Labeljoy 5, que no es nuestra \u00faltima versi\u00f3n.<\/h4>\n<p><a href=\"\/es\/comprar\/\">Actualice a Labeljoy 6<\/a> para obtener la \u00faltima versi\u00f3n del software con todas sus incre\u00edbles caracter\u00edsticas, o si ya es usuario, visite la <a href=\"\/es\/ayuda-lj6\/\">gu\u00eda del usuario de Labeljoy 6<\/a>.<\/p>\n<\/div>\n<div id=\"help-guide\">\n\r\n<p class=\"title\">la barra de herramientas<\/p>\r\n<p class=\"body\">La barra de herramientas es el elemento que contiene <strong>los comandos utilizados con mayor frecuencia<\/strong> que permiten <strong>cambiar r\u00e1pidamente la apariencia de las etiquetas<\/strong>.<\/p>\r\n<table width=\"100%\">\r\n  <tr valign=\"top\">\r\n    <td><p class=\"body\"><img src=\"http:\/\/www.labeljoy.com\/user-guide-files\/es\/1750_001.png\" align=\"left\" style=\"margin: 0px 24px 4px 0px\">Se puede <a href=\"http:\/\/www.labeljoy.com\/es\/ayuda\/visualizar-la-barra-de-herramientas\/\">colocar<\/a> de diferentes maneras. En su interior se encuentran los siguientes elementos, activos en funci\u00f3n del contexto en el que se encuentra el programa:<\/p>\r\n      <ul>\r\n        <li class=\"body\"><strong>Cantidad de etiquetas<\/strong>: En la parte superior se encuentra el control para manejar el n\u00famero de etiquetas que se desea imprimir. Con los botones se puede cambiar el n\u00famero de etiquetas del grupo. Tambi\u00e9n se puede introducir manualmente el n\u00famero de etiquetas que se desea imprimir.<br>\r\n          Cuando se cambia la cantidad de las etiquetas a trav\u00e9s de este control, Labeljoy mueve la p\u00e1gina actual a la \u00faltima en la cual el grupo se encuentra (la \u00faltima del proyecto si existe un solo grupo).<\/li>\r\n      <\/ul>\r\n      <p class=\"note\"><strong>Nota<\/strong><br>\r\n        Cuando la unidad est\u00e1 conectada a una fuente de datos, no se puede cambiar el n\u00famero de etiquetas.<br>\r\n        Cuando existen varios grupos en el proyecto, el control est\u00e1 conectado al primer grupo a representar en la p\u00e1gina actual.<\/p>\r\n      <ul>\r\n        <li class=\"body\"><strong>Modo rat\u00f3n<\/strong>: el modo por defecto, el rat\u00f3n funciona con normalidad y se puede utilizar para mover y cambiar el tama\u00f1o de los elementos.<\/li>\r\n        <li class=\"body\"><strong>Insertar c\u00f3digo<\/strong>: permite insertar un elemento <a href=\"http:\/\/www.labeljoy.com\/es\/ayuda\/gestionar-los-codigos-de-barras\/\">c\u00f3digo de barra<\/a>. Cuando este modo est\u00e1 activado el cursor del rat\u00f3n cambia a una cruz, haciendo clic en un punto de una etiqueta y arrastrando la selecci\u00f3n se permite introducir un nuevo elemento.<\/li>\r\n        <li class=\"body\"><strong>Insertar Texto<\/strong>: igual que el anterior pero para los elementos de <a href=\"http:\/\/www.labeljoy.com\/es\/ayuda\/gestionar-textos\/\">texto<\/a>.<\/li>\r\n        <li class=\"body\"><strong>Insertar Gr\u00e1ficos<\/strong>: igual que el anterior pero para los <a href=\"http:\/\/www.labeljoy.com\/es\/ayuda\/configuracion-grafica\/\">gr\u00e1ficos<\/a>.<\/li>\r\n        <li class=\"body\"><strong>Insertar elemento de p\u00e1gina<\/strong>: el anterior pero para los <a href=\"http:\/\/www.labeljoy.com\/es\/ayuda\/administrar-los-elementos-pagina\/\">elementos de p\u00e1gina<\/a>.<\/li>\r\n        <li class=\"body\"><strong>Punto de inicio impresi\u00f3n<\/strong>: se define el <a href=\"http:\/\/www.labeljoy.com\/es\/ayuda\/ajustar-la-posicion-de-inicio-de-impresion\/\">punto inicio de la impresi\u00f3n<\/a>. En este modo, se define la posici\u00f3n desde la que imprimir la etiqueta en la primera p\u00e1gina.<\/li>\r\n        <li class=\"body\"><strong>Configuraci\u00f3n distribuci\u00f3n<\/strong>: abre la ventana de configuraci\u00f3n <a href=\"http:\/\/www.labeljoy.com\/es\/ayuda\/establecer-el-layout\/\">layout<\/a>.<\/li>\r\n        <li class=\"body\"><strong>Configuraci\u00f3n de grupo<\/strong>: abre la ventana para configurar el <a href=\"http:\/\/www.labeljoy.com\/es\/ayuda\/administrar-grupos\/\">grupo<\/a> actual de las etiquetas.<\/li>\r\n        <li class=\"body\"><strong>V\u00ednculo a fuentes de datos*<\/strong>: permite iniciar el <a href=\"http:\/\/www.labeljoy.com\/es\/ayuda\/asistente-para-la-conexion-a-una-fuente-de-datos\/\">asistente para conectarse a une fuente de datos<\/a>.<\/li>\r\n        <li class=\"body\"><strong>Configuraci\u00f3n de elemento<\/strong>: abre la ventana de configuraci\u00f3n de los elementos. La ventana abierta corresponder\u00e1 a la ventana de propiedades del \u00faltimo elemento seleccionado.<\/li>\r\n        <li class=\"body\"><strong>Cortar<\/strong>: elimina los elementos seleccionados y los copia en el portapapeles.<\/li>\r\n        <li class=\"body\"><strong>Copiar<\/strong>: copia los elementos seleccionados en el portapapeles de Labeljoy.<\/li>\r\n        <li class=\"body\"><strong>Pegar<\/strong>: pega los elementos copiados al portapapeles haciendo una copia de seguridad. Tambi\u00e9n se puede utilizar este comando para crear copias de elementos sobre grupos de diferentes etiquetas. Consulte el p\u00e1rrafo <a href=\"http:\/\/www.labeljoy.com\/es\/ayuda\/copiar-y-pegar-los-elementos\/\">C\u00f3mo copiar y pegar elementos<\/a> para m\u00e1s detalles.<\/li>\r\n        <li class=\"body\"><strong>Eliminar<\/strong>: elimina los elementos seleccionados sin copiarlos en el portapapeles.<\/li>\r\n        <li class=\"body\"><strong>Traer al frente<\/strong>: trae el elemento seleccionado en <strong>primer plano<\/strong> en comparaci\u00f3n con todos los dem\u00e1s.<\/li>\r\n        <li class=\"body\"><strong>Enviar al fondo<\/strong>: dispone el elemento <strong>tras<\/strong> todos los dem\u00e1s.<\/li>\r\n        <li class=\"body\"><strong>Alinear<\/strong>: este elemento s\u00f3lo se activa <strong>si se seleccionan varios elementos<\/strong>, permite acceder a una serie de submen\u00fas que se utilizan para alinear m\u00e1s elementos entre ellos.<\/li>\r\n        <li class=\"body\"><strong>Mismo tama\u00f1o<\/strong>: este elemento s\u00f3lo se puede utilizar en caso de selecci\u00f3n m\u00faltiple y proporciona acceso a una serie de submen\u00fas que permiten igualar el tama\u00f1o de los elementos seleccionados.<\/li>\r\n        <li class=\"body\"><strong>Centro\/rotaci\u00f3n<\/strong>: esta variable permite el acceso a 2 grupos de men\u00fas diferentes: el men\u00fa superior permite cambiar la posici\u00f3n de los elementos seleccionados en relaci\u00f3n con la etiqueta de referencia, mientras el segundo grupo permite definir una rotaci\u00f3n.<\/li>\r\n        <li class=\"body\"><strong>Mover<\/strong>: este bot\u00f3n permite el acceso a una serie de submen\u00fas que permiten cambiar la posici\u00f3n y el tama\u00f1o de los elementos.<\/li>\r\n        <li class=\"body\"><strong>Posicionar barra de herramientas<\/strong>: este bot\u00f3n permite el acceso al men\u00fa para la colocaci\u00f3n de la barra de herramientas y al men\u00fa para definir el tama\u00f1o de la barra de herramientas.<\/li>\r\n      <\/ul>\r\n      <p class=\"note\"><strong>Nota<\/strong><br>\r\n        Para m\u00e1s detalles sobre las funciones de <i>Mismo tama\u00f1o<\/i> y <i>Mover<\/i> de los elementos ver el p\u00e1rrafo <a href=\"http:\/\/www.labeljoy.com\/es\/ayuda\/organizar-automaticamente-los-elementos\/\">disponer autom\u00e1ticamente los elementos<\/a>.<br>\r\n        Para m\u00e1s detalles de las funciones <i>Traer al frente <\/i>y <i>Enviar al fondo<\/i> ver el p\u00e1rrafo <a href=\"http:\/\/www.labeljoy.com\/es\/ayuda\/establecer-el-orden-de-visualizacion\/\">establecer el orden de visualizaci\u00f3n<\/a>.<\/p>\r\n      <p class=\"body\">* Este comando s\u00f3lo est\u00e1 disponible en la versi\u00f3n Full.<\/p><\/td>\r\n  <\/tr>\r\n<\/table>\r\n<\/div>\n<\/div>\n","protected":false},"excerpt":{"rendered":"<p>Esta p\u00e1gina hace referencia a Labeljoy 5, que no es nuestra \u00faltima versi\u00f3n. Actualice a Labeljoy 6 para obtener la \u00faltima versi\u00f3n del software con todas sus incre\u00edbles caracter\u00edsticas, o si ya es usuario, visite la gu\u00eda del usuario de Labeljoy 6.<\/p>\n","protected":false},"author":8,"featured_media":0,"parent":21680,"menu_order":0,"comment_status":"open","ping_status":"closed","template":"page-template-left-sidebar.php","meta":{"inline_featured_image":false,"_monsterinsights_skip_tracking":false,"_monsterinsights_sitenote_active":false,"_monsterinsights_sitenote_note":"","_monsterinsights_sitenote_category":0,"footnotes":""},"class_list":{"0":"post-21850","1":"page","2":"type-page","3":"status-publish","5":"infinite-scroll-item"},"aioseo_notices":[],"_links":{"self":[{"href":"https:\/\/www.labeljoy.com\/es\/wp-json\/wp\/v2\/pages\/21850","targetHints":{"allow":["GET"]}}],"collection":[{"href":"https:\/\/www.labeljoy.com\/es\/wp-json\/wp\/v2\/pages"}],"about":[{"href":"https:\/\/www.labeljoy.com\/es\/wp-json\/wp\/v2\/types\/page"}],"author":[{"embeddable":true,"href":"https:\/\/www.labeljoy.com\/es\/wp-json\/wp\/v2\/users\/8"}],"replies":[{"embeddable":true,"href":"https:\/\/www.labeljoy.com\/es\/wp-json\/wp\/v2\/comments?post=21850"}],"version-history":[{"count":3,"href":"https:\/\/www.labeljoy.com\/es\/wp-json\/wp\/v2\/pages\/21850\/revisions"}],"predecessor-version":[{"id":21930,"href":"https:\/\/www.labeljoy.com\/es\/wp-json\/wp\/v2\/pages\/21850\/revisions\/21930"}],"up":[{"embeddable":true,"href":"https:\/\/www.labeljoy.com\/es\/wp-json\/wp\/v2\/pages\/21680"}],"wp:attachment":[{"href":"https:\/\/www.labeljoy.com\/es\/wp-json\/wp\/v2\/media?parent=21850"}],"curies":[{"name":"wp","href":"https:\/\/api.w.org\/{rel}","templated":true}]}}