{"id":21851,"date":"2014-11-19T13:47:19","date_gmt":"2014-11-19T13:47:19","guid":{"rendered":"http:\/\/www.labeljoy.com\/ayuda\/usage\/"},"modified":"2015-01-20T15:50:54","modified_gmt":"2015-01-20T15:50:54","slug":"uso","status":"publish","type":"page","link":"https:\/\/www.labeljoy.com\/es\/ayuda\/uso\/","title":{"rendered":"Uso"},"content":{"rendered":"<div data-partent=\"19635\" class=\"callout callout-warning\">\n<h4>Esta p\u00e1gina hace referencia a Labeljoy 5, que no es nuestra \u00faltima versi\u00f3n.<\/h4>\n<p><a href=\"\/es\/comprar\/\">Actualice a Labeljoy 6<\/a> para obtener la \u00faltima versi\u00f3n del software con todas sus incre\u00edbles caracter\u00edsticas, o si ya es usuario, visite la <a href=\"\/es\/ayuda-lj6\/\">gu\u00eda del usuario de Labeljoy 6<\/a>.<\/p>\n<\/div>\n<link rel=\"stylesheet\" href=\"http:\/\/www.labeljoy.com\/user-guide-files\/en\/styles.css\" type=\"text\/css\" media=\"all\" \/>\n<div id=\"help-guide\">\n\r\n<p class=\"title\">uso<\/p>\r\n<p class=\"body\">Labeljoy organiza las etiquetas en <i>Grupos<\/i>, es decir, <strong>conjuntos de una o m\u00e1s etiquetas<\/strong> que se replican en las hojas. Se puede<strong> crear varios grupos de etiquetas <\/strong>en \u00fanico proyecto con el fin de crear impresiones complejas y completas.<\/p>\r\n<p class=\"body\">Cada grupo puede contener elementos de tipo <a href=\"http:\/\/www.labeljoy.com\/es\/ayuda\/configurar-un-codigo-de-barras\/\">C\u00f3digo de barra<\/a>, <a href=\"http:\/\/www.labeljoy.com\/es\/ayuda\/configuracion-de-texto\/\">Texto<\/a> o <a href=\"http:\/\/www.labeljoy.com\/es\/ayuda\/configurar-un-elemento-grafico\/\">Gr\u00e1fica<\/a> a trav\u00e9s del cual se c<strong>rea el dise\u00f1o de la estructura de la etiqueta<\/strong>. Los elementos incluidos en un grupo de etiquetas <strong>se replican en todas las etiquetas que pertenecen a ese grupo<\/strong>.<\/p>\r\n<p class=\"body\">En la p\u00e1gina <a href=\"http:\/\/www.labeljoy.com\/es\/ayuda\/administrar-grupos\/\">Propiedades de grupo<\/a>, se puede definir el <strong>n\u00famero de repeticiones<\/strong> para ese grupo, o <strong>conectar el grupo a una base de datos<\/strong> externa, de tal manera que los elementos contenidos en el grupo pueden estar vinculados a los campos de la base de datos (s\u00f3lo en la versi\u00f3n Full).<\/p>\r\n<p class=\"body\"><strong>La distribuci\u00f3n de las etiquetas<\/strong> (<a href=\"http:\/\/www.labeljoy.com\/es\/ayuda\/establecer-el-layout\/\">layout<\/a>) determina la <strong>disposici\u00f3n de las etiquetas en la hoja<\/strong>. Se puede utilizar Labeljoy para imprimir <strong>hojas de etiquetas<\/strong> cuando se necesita replicar la informaci\u00f3n varias veces en una hoja de papel, o para <strong>imprimir sobres<\/strong> en caso de que la informaci\u00f3n deba ser replicada una vez por hoja.<\/p>\r\n<p class=\"body\"><strong>El ajuste de los elementos<\/strong> se lleva a cabo a trav\u00e9s de una serie de <strong>ventanas de propiedades<\/strong>, diferentes unos de otros dependiendo del contexto. As\u00ed, por ejemplo, el establecimiento de las propiedades de un elemento C\u00f3digo de barras ser\u00e1 a trav\u00e9s de una ventana de propiedad que contiene una serie de <i>fichas<\/i> que permiten <strong>ajustar todos los par\u00e1metros<\/strong> relativos a un elemento C\u00f3digo de barras.<\/p>\r\n<p class=\"body\">Cada ventana de configuraci\u00f3n consta de <strong>3 botones <\/strong>que permiten aplicar o no la <strong>configuraci\u00f3n especificada<\/strong>. Estos botones son:<\/p>\r\n<ul>\r\n  <li class=\"body\"><strong>OK<\/strong>: haciendo clic en este bot\u00f3n, <strong>los ajustes se activar\u00e1n y se cerrar\u00e1 la ventana de configuraci\u00f3n<\/strong>.<\/li>\r\n  <li class=\"body\"><strong>Aplicar<\/strong>: este bot\u00f3n aplicar\u00e1 la configuraci\u00f3n especificada <strong>sin cerrar la ventana de configuraci\u00f3n<\/strong> para que se pueda continuar haciendo cambios.<\/li>\r\n  <li class=\"body\"><strong>Cancelar<\/strong>: este bot\u00f3n cerrar\u00e1 la ventana de configuraci\u00f3n, y <strong>devolver\u00e1 el estado del elemento a como era antes de abrir la ventana de configuraci\u00f3n<\/strong>, aunque haya sido pulsado el bot\u00f3n Aplicar.<\/li>\r\n<\/ul>\r\n<p class=\"body\">Tambi\u00e9n posee siempre presente abajo a la izquierda el icono con un <strong>signo de interrogaci\u00f3n<\/strong> que permite ver la ayuda en l\u00ednea de la secci\u00f3n sobre el contexto en el que se encuentra.<\/p>\r\n<\/div>\n<\/div>\n","protected":false},"excerpt":{"rendered":"<p>Esta p\u00e1gina hace referencia a Labeljoy 5, que no es nuestra \u00faltima versi\u00f3n. Actualice a Labeljoy 6 para obtener la \u00faltima versi\u00f3n del software con todas sus incre\u00edbles caracter\u00edsticas, o si ya es usuario, visite la gu\u00eda del usuario de Labeljoy 6.<\/p>\n","protected":false},"author":8,"featured_media":0,"parent":21680,"menu_order":0,"comment_status":"open","ping_status":"closed","template":"page-template-left-sidebar.php","meta":{"inline_featured_image":false,"_monsterinsights_skip_tracking":false,"_monsterinsights_sitenote_active":false,"_monsterinsights_sitenote_note":"","_monsterinsights_sitenote_category":0,"footnotes":""},"class_list":{"0":"post-21851","1":"page","2":"type-page","3":"status-publish","5":"infinite-scroll-item"},"aioseo_notices":[],"_links":{"self":[{"href":"https:\/\/www.labeljoy.com\/es\/wp-json\/wp\/v2\/pages\/21851","targetHints":{"allow":["GET"]}}],"collection":[{"href":"https:\/\/www.labeljoy.com\/es\/wp-json\/wp\/v2\/pages"}],"about":[{"href":"https:\/\/www.labeljoy.com\/es\/wp-json\/wp\/v2\/types\/page"}],"author":[{"embeddable":true,"href":"https:\/\/www.labeljoy.com\/es\/wp-json\/wp\/v2\/users\/8"}],"replies":[{"embeddable":true,"href":"https:\/\/www.labeljoy.com\/es\/wp-json\/wp\/v2\/comments?post=21851"}],"version-history":[{"count":2,"href":"https:\/\/www.labeljoy.com\/es\/wp-json\/wp\/v2\/pages\/21851\/revisions"}],"predecessor-version":[{"id":21855,"href":"https:\/\/www.labeljoy.com\/es\/wp-json\/wp\/v2\/pages\/21851\/revisions\/21855"}],"up":[{"embeddable":true,"href":"https:\/\/www.labeljoy.com\/es\/wp-json\/wp\/v2\/pages\/21680"}],"wp:attachment":[{"href":"https:\/\/www.labeljoy.com\/es\/wp-json\/wp\/v2\/media?parent=21851"}],"curies":[{"name":"wp","href":"https:\/\/api.w.org\/{rel}","templated":true}]}}