{"id":21858,"date":"2014-11-19T15:39:05","date_gmt":"2014-11-19T15:39:05","guid":{"rendered":"http:\/\/www.labeljoy.com\/ayuda\/layout-definition\/"},"modified":"2015-01-20T16:16:58","modified_gmt":"2015-01-20T16:16:58","slug":"establecer-el-layout","status":"publish","type":"page","link":"https:\/\/www.labeljoy.com\/es\/ayuda\/establecer-el-layout\/","title":{"rendered":"Establecer el layout"},"content":{"rendered":"<div data-partent=\"19635\" class=\"callout callout-warning\">\n<h4>Esta p\u00e1gina hace referencia a Labeljoy 5, que no es nuestra \u00faltima versi\u00f3n.<\/h4>\n<p><a href=\"\/es\/comprar\/\">Actualice a Labeljoy 6<\/a> para obtener la \u00faltima versi\u00f3n del software con todas sus incre\u00edbles caracter\u00edsticas, o si ya es usuario, visite la <a href=\"\/es\/ayuda-lj6\/\">gu\u00eda del usuario de Labeljoy 6<\/a>.<\/p>\n<\/div>\n<link rel=\"stylesheet\" href=\"http:\/\/www.labeljoy.com\/user-guide-files\/en\/styles.css\" type=\"text\/css\" media=\"all\" \/>\n<div id=\"help-guide\">\n\r\n<p class=\"title\">establecer el layout<\/p>\n<p class=\"online\"><strong>Profundizaci\u00f3n<\/strong>:<br>\n  Video: <a href=\"http:\/\/www.labeljoy.com\/es\/videos\/configurar-layout\/\" title=\"Manage and choose a layout\" target=\"_blank\">Configuraci\u00f3n y Selecci\u00f3n Layouts<\/a><br>\n  Video: <a href=\"http:\/\/www.labeljoy.com\/es\/videos\/imprimir-con-impresora-rollo\/\" title=\"Printing using a roll printe\" target=\"_blank\">Impresi\u00f3n utilizando Impresora de Rollo<\/a><br>\n  Tutorial: <a href=\"http:\/\/www.labeljoy.com\/es\/soporte\/como-hacer\/imprimir-con-impresoras-rollo\/\" title=\"Imprimir utilizando impresoras de rollo\" target=\"_blank\">Imprimir utilizando impresoras de rollo<\/a><\/p>\n<p class=\"body\">La <strong>ventana de distribuci\u00f3n<\/strong> permite seleccionar un layout de p\u00e1gina o ajustar manualmente los par\u00e1metros que determinan el <strong>tama\u00f1o del papel<\/strong>, el <strong>tama\u00f1o de las etiquetas<\/strong> y sus coordenadas en la hoja. En la parte derecha de la ventana hay una <strong>vista previa <\/strong>que muestra el resultado de los par\u00e1metros establecidos.<\/p>\n<p class=\"note\"><strong>Nota<\/strong><br>\n  Si la impresora seleccionada no es compatible con el nuevo tama\u00f1o de p\u00e1gina, pueden resultar inconsistencias entre los datos visualizados y los impresos.<br>\n  Si se necesita cambiar el tama\u00f1o de la p\u00e1gina siempre es recomendable actuar mediante la <a href=\"http:\/\/www.labeljoy.com\/es\/ayuda\/impresion-icono\/\">ventana de configuraci\u00f3n avanzada <\/a>de la impresora.<\/p>\n<p class=\"body\">La ventana est\u00e1 organizada en <strong>4 pesta\u00f1as<\/strong>.<\/p>\n<table width=\"100%\">\n  <tr valign=\"top\">\n    <td><p class=\"body\"><img src=\"http:\/\/www.labeljoy.com\/user-guide-files\/es\/1780_001.png\" align=\"left\" style=\"margin: 0px 24px 4px 0px\">La primera ficha <i>B\u00fasqueda de distribuci\u00f3n<\/i> permite <strong>buscar un layout existente<\/strong> presente en la carpeta de instalaci\u00f3n Labeljoy.<\/p>\n      <p class=\"body\">Escriba un texto en el cuadro <i>Ingrese su nombre de modelo<\/i> para buscar el nombre del archivo. Por ejemplo, si se desea buscar todos los archivos de layout cuyo nombre contienen la palabra <i>direcciones<\/i>, escriba <i>direcciones<\/i> en el cuadro y se encontrar\u00e1n todos los archivos con nombres como <i>direcciones J8562<\/i>, <i>direcciones 003R96245<\/i>, y as\u00ed sucesivamente.<\/p><\/td>\n  <\/tr>\n  <tr valign=\"top\">\n    <td><p class=\"body\"><img src=\"http:\/\/www.labeljoy.com\/user-guide-files\/es\/1780_001.png\" align=\"left\" style=\"margin: 0px 24px 4px 0px\">Tambi\u00e9n se puede <strong>buscar manualmente <\/strong>el layout a usar.<br>\n        Activando la casilla <i>B\u00fasqueda manual<\/i> en la parte inferior izquierda, la pantalla visualiza a todas la plantillas de la biblioteca, organizarlos por marca.<\/p>\n      <p class=\"note\"><strong>Nota<\/strong><br>\n        Los layout son archivos en formado <em>.lpl<\/em> ubicados en la carpeta de instalaci\u00f3n de Labeljoy, en la subcarpeta Layouts (normalmente <em>C:\\Programas\\Labeljoy\\Layouts<\/em> o <em>C:\\Programas (x86)\\Labeljoy\\Layouts<\/em>).<br>\n        Se pueden crear layouts proprios y guardarlos en esta posici\u00f3n, con el men\u00fa Archivo\\Guardar como, especificando el formado <i>archivo de distribuci\u00f3n<\/i> en el cuadro <i>Tipo de archivo<\/i>.<br>\n        Se puede crear una biblioteca propia de layouts que aparecer\u00e1 en esta pantalla de b\u00fasqueda, junto con todos los dise\u00f1os.<\/p><\/td>\n  <\/tr>\n  <tr valign=\"top\">\n    <td><p class=\"body\"><img src=\"http:\/\/www.labeljoy.com\/user-guide-files\/es\/1780_003.png\" align=\"left\" style=\"margin: 0px 24px 4px 0px\">La segunda pesta\u00f1a <i>Personalizado <\/i>permite la definici\u00f3n de los siguientes par\u00e1metros:<\/p>\n      <ul>\n        <li class=\"body\"><strong>P\u00e1gina<\/strong>: En este panel se pueden definir las dimensiones f\u00edsicas del papel. Desde el men\u00fa desplegable se puede seleccionar un tama\u00f1o est\u00e1ndar o, al seleccionar el \u00faltimo elemento <i>Definido por el usuario<\/i>, especificar un tama\u00f1o personalizado. En este caso los cuadros <i>Ancho<\/i> y <i>Alto<\/i> se activar\u00e1n para que se pueda introducir los valores manualmente. Adem\u00e1s, a trav\u00e9s de los cuadros combinados, se puede especificar la orientaci\u00f3n del papel (<i>horizontal<\/i> o <i>vertical<\/i>) y definir el tipo de papel (<i>P\u00e1gina<\/i> o <i>m\u00f3dulo<\/i>). Este \u00faltimo enfoque tiene como \u00fanico prop\u00f3sito el de mostrar en la pantalla los agujeros en los m\u00e1rgenes izquierdo y derecho, t\u00edpicos de los m\u00f3dulos continuos que se utilizan con las impresoras de matriz de puntos. Tenga en cuenta que es necesario que los bordes laterales est\u00e9n al menos a 7,5 mm, para hacer que se muestran los agujeros.<\/li>\n        <li class=\"body\"><strong>Etiquetas<\/strong>: en este cuadro se define el tama\u00f1o de la hoja, es decir, el n\u00famero de filas y columnas de etiquetas que van a formar la hoja. Tambi\u00e9n se puede definir la forma de las etiquetas.<\/li>\n        <li class=\"body\"><strong>M\u00e1rgenes<\/strong>: en este cuadro se definen las dimensiones internas de las hojas y en relaci\u00f3n con la disposici\u00f3n de las etiquetas. Los valores establecidos aqu\u00ed, junto con el formato especificado de filas y columnas, determinar\u00e1n el tama\u00f1o de las etiquetas. Los valores son:<\/li>\n        <li class=\"body\"><strong>Margen Izquierdo<\/strong>: espacio entre el borde izquierdo del papel y la primera columna de etiquetas.<\/li>\n        <li class=\"body\"><strong>Margen derecho<\/strong>: espacio entre el borde derecho de la \u00faltima columna de etiquetas y el borde derecho del papel.<\/li>\n        <li class=\"body\"><strong>Margen superior<\/strong>: espacio entre la parte superior de la p\u00e1gina y la primera fila de etiquetas.<\/li>\n        <li class=\"body\"><strong>Margen inferior<\/strong>: el espacio entre el borde inferior de la \u00faltima fila de etiquetas y el borde inferior del papel.<\/li>\n        <li class=\"body\"><strong>Espacio horizontal<\/strong>: espaciado horizontal entre las columnas de etiquetas.<\/li>\n        <li class=\"body\"><strong>Espacio vertical<\/strong>: espaciado vertical entre las filas de etiquetas.<\/li>\n        <li class=\"body\"><strong>Tolerancia<\/strong>: espacio \u00fatil fuera de las etiquetas (si existe) en la que se desea imprimir.<\/li>\n      <\/ul>\n      <p class=\"body\">En la parte inferior se observa el tama\u00f1o resultante de las etiquetas o, si los ajustes no son v\u00e1lidos, una advertencia.<\/p>\n      <p class=\"note\"><strong>Nota<\/strong><br>\n        Se puede visualizar el tama\u00f1o en cent\u00edmetros o pulgadas, dependiendo de la unidad de medida actual, seleccionable en la ficha <i>Interfaz<\/i> de la ventana <a href=\"http:\/\/www.labeljoy.com\/es\/ayuda\/principal\/\">Opciones<\/a>.<br>\n        Las fracciones de pulgada pueden insertarse mediante un men\u00fa contextual, tal como se detalla en el p\u00e1rrafo <a href=\"http:\/\/www.labeljoy.com\/es\/ayuda\/gestionar-las-fracciones-de-pulgadas\/\">gestionar las fracciones de pulgadas<\/a>.<\/p><\/td>\n  <\/tr>\n  <tr valign=\"top\">\n    <td><p class=\"body\"><img src=\"http:\/\/www.labeljoy.com\/user-guide-files\/es\/1780_004.png\" align=\"left\" style=\"margin: 0px 24px 4px 0px\">En la tercera pesta\u00f1a, <i>Marca de agua<\/i>, se puede definir una <strong>imagen que s\u00f3lo se muestra en la pantalla<\/strong>.<\/p>\n      <p class=\"body\">La imagen definida <strong>no ser\u00e1 impresa<\/strong> y tiene como objetivo facilitar la <strong>construcci\u00f3n de los modelos<\/strong> cuando se necesita imprimir en formularios u hojas de c\u00e1lculo pre-impresos, como el pago postal, boletas de dep\u00f3sito, etc.<br>\n        Una imagen de fondo que se utiliza para este fin deber\u00eda crearse mediante el <strong>escaneo de la plantilla que se usa<\/strong>, asegur\u00e1ndose de que la imagen sea de <strong>calidad<\/strong> y las <strong>dimensiones cumplen con los est\u00e1ndares<\/strong>. Consulte el p\u00e1rrafo secci\u00f3n <a href=\"http:\/\/www.labeljoy.com\/es\/ayuda\/configurar-una-imagen\/\">Configuraci\u00f3n de imagen<\/a> para los detalles de funcionamiento.<\/p><\/td>\n  <\/tr>\n  <tr valign=\"top\">\n    <td><p class=\"body\"><img src=\"http:\/\/www.labeljoy.com\/user-guide-files\/es\/1780_005.png\" align=\"left\" style=\"margin: 0px 24px 4px 0px\">La cuarta pesta\u00f1a, <i>Avanzada<\/i>, permite definir la marca de la hoja de etiquetas, el modelo y una breve descripci\u00f3n. Tenga en cuenta que lo que se ingresa en el campo <i>Modelo<\/i> se mostrar\u00e1 en la <a href=\"http:\/\/www.labeljoy.com\/es\/ayuda\/la-barra-de-estado\/\">barra de estado<\/a>.<\/p>\n      <p class=\"body\">Tambi\u00e9n se puede especificar el orden en el que la las etiquetas se van a disponer en la hoja.<br>\n        <strong>Por columna y luego por fila<\/strong> (por defecto) se asegura de que el orden de dibujado proceda primero horizontalmente y luego verticalmente. Por ejemplo, en una disposici\u00f3n con 2 columnas y 5 filas, las etiquetas se representan seg\u00fan el siguiente orden: la columna 1 fila 1, columna 2 fila 1, columna 3 fila 1, etc.<br>\n        <strong>Por el contrario: por fila y luego por columna<\/strong> se asegura de que el orden de dibujado proceda primero verticalmente y luego horizontalmente. En el ejemplo anterior, las etiquetas se representan en el siguiente orden: fila 1, fila 2, fila 3, fila 4 y y luego la l\u00ednea 5 de la columna 1, fila 1, fila 2, a continuaci\u00f3n, la fila 3 filas 4 y 5 de la columna 2, etc.<\/p>\n      <p class=\"note\"><strong>Nota<\/strong><br>\n        Esta configuraci\u00f3n s\u00f3lo afecta dise\u00f1os compuestos por m\u00e1s de una fila y varias columnas.<br>\n        Adem\u00e1s, esta caracter\u00edstica es \u00fatil s\u00f3lo en presencia de un texto o de c\u00f3digo de barras que contiene contadores, o si existe una conexi\u00f3n a la fuente de datos. O en el caso de uso de una hoja parcialmente usada en las primeras columnas.<\/p>\n      <p class=\"body\">En esta ficha se puede activar la opci\u00f3n <strong>Redimensionado de elementos autom\u00e1tico<\/strong>: si se selecciona la opci\u00f3n <i>Redimensionar elementos al cambiar de la distribuci\u00f3n<\/i>, cuando se cambia el dise\u00f1o y el tama\u00f1o de las etiquetas, los elementos pertenecientes a las etiquetas ser\u00e1n <strong>redimensionados<\/strong> y colocados de nuevo para adaptarse al nuevo tama\u00f1o.<br>\n      La opci\u00f3n <i>Redimensionar<\/i> fuentes hace que el redimensionado tenga efecto en el tama\u00f1o de los elementos de texto, mientras que la opci\u00f3n <i>Redimensionar elementos de p\u00e1gina<\/i> define si el redimensionado tiene efecto tambi\u00e9n sobre los <a href=\"http:\/\/www.labeljoy.com\/es\/ayuda\/administrar-los-elementos-pagina\/\">elementos de p\u00e1gina<\/a>.<\/p><\/td>\n  <\/tr>\n<\/table>\n<p class=\"note\"><strong>Nota<\/strong><br>\n  En Labeljoy hay m\u00e1s de <strong>6500 archivos de layout <\/strong>con las definiciones de las etiquetas de <strong>las marcas m\u00e1s famosas<\/strong>. Los archivos de los layout se copian durante la instalaci\u00f3n en la <strong>carpeta de instalaci\u00f3n del programa<\/strong>, y se dividen seg\u00fan la marca.<\/p>\n<p class=\"body\">Si se producen problemas relacionados con los m\u00e1rgenes de impresi\u00f3n en la parte inferior de la hoja, ser\u00e1 necesario dividir el layout en dos partes. Ver el p\u00e1rrafo <a href=\"http:\/\/www.labeljoy.com\/es\/ayuda\/dividir-un-layout\/\">dividir un layout<\/a> para m\u00e1s informaci\u00f3n.\t<\/p>\n<p class=\"note\"><strong>Nota<\/strong><br>\n  Cuando se aplica un nuevo layout a un proyecto, el <strong>n\u00famero de etiquetas por hoja puede cambiar<\/strong>, dependiendo de la configuraci\u00f3n definida en los campos <i>Filas<\/i> y <i>Columnas<\/i>. Si el proyecto actual no est\u00e1 conectado a una fuente de datos, Labeljoy a veces muestra un mensaje de confirmaci\u00f3n para adaptar el nuevo n\u00famero de etiquetas para el nuevo layout.<\/p>\n<\/div>\n<\/div>\n","protected":false},"excerpt":{"rendered":"<p>Esta p\u00e1gina hace referencia a Labeljoy 5, que no es nuestra \u00faltima versi\u00f3n. Actualice a Labeljoy 6 para obtener la \u00faltima versi\u00f3n del software con todas sus incre\u00edbles caracter\u00edsticas, o si ya es usuario, visite la gu\u00eda del usuario de Labeljoy 6.<\/p>\n","protected":false},"author":8,"featured_media":0,"parent":21680,"menu_order":0,"comment_status":"open","ping_status":"closed","template":"page-template-left-sidebar.php","meta":{"inline_featured_image":false,"_monsterinsights_skip_tracking":false,"_monsterinsights_sitenote_active":false,"_monsterinsights_sitenote_note":"","_monsterinsights_sitenote_category":0,"footnotes":""},"class_list":{"0":"post-21858","1":"page","2":"type-page","3":"status-publish","5":"infinite-scroll-item"},"aioseo_notices":[],"_links":{"self":[{"href":"https:\/\/www.labeljoy.com\/es\/wp-json\/wp\/v2\/pages\/21858","targetHints":{"allow":["GET"]}}],"collection":[{"href":"https:\/\/www.labeljoy.com\/es\/wp-json\/wp\/v2\/pages"}],"about":[{"href":"https:\/\/www.labeljoy.com\/es\/wp-json\/wp\/v2\/types\/page"}],"author":[{"embeddable":true,"href":"https:\/\/www.labeljoy.com\/es\/wp-json\/wp\/v2\/users\/8"}],"replies":[{"embeddable":true,"href":"https:\/\/www.labeljoy.com\/es\/wp-json\/wp\/v2\/comments?post=21858"}],"version-history":[{"count":2,"href":"https:\/\/www.labeljoy.com\/es\/wp-json\/wp\/v2\/pages\/21858\/revisions"}],"predecessor-version":[{"id":21889,"href":"https:\/\/www.labeljoy.com\/es\/wp-json\/wp\/v2\/pages\/21858\/revisions\/21889"}],"up":[{"embeddable":true,"href":"https:\/\/www.labeljoy.com\/es\/wp-json\/wp\/v2\/pages\/21680"}],"wp:attachment":[{"href":"https:\/\/www.labeljoy.com\/es\/wp-json\/wp\/v2\/media?parent=21858"}],"curies":[{"name":"wp","href":"https:\/\/api.w.org\/{rel}","templated":true}]}}