{"id":21860,"date":"2014-11-19T15:47:40","date_gmt":"2014-11-19T15:47:40","guid":{"rendered":"http:\/\/www.labeljoy.com\/ayuda\/adding-a-new-group\/"},"modified":"2015-01-20T17:25:28","modified_gmt":"2015-01-20T17:25:28","slug":"agregar-un-grupo","status":"publish","type":"page","link":"https:\/\/www.labeljoy.com\/es\/ayuda\/agregar-un-grupo\/","title":{"rendered":"Agregar un grupo"},"content":{"rendered":"<div data-partent=\"19635\" class=\"callout callout-warning\">\n<h4>Esta p\u00e1gina hace referencia a Labeljoy 5, que no es nuestra \u00faltima versi\u00f3n.<\/h4>\n<p><a href=\"\/es\/comprar\/\">Actualice a Labeljoy 6<\/a> para obtener la \u00faltima versi\u00f3n del software con todas sus incre\u00edbles caracter\u00edsticas, o si ya es usuario, visite la <a href=\"\/es\/ayuda-lj6\/\">gu\u00eda del usuario de Labeljoy 6<\/a>.<\/p>\n<\/div>\n<div id=\"help-guide\">\n\r\n<p class=\"title\">agregar un grupo<\/p>\n<p class=\"online\"><strong>Profundizaci\u00f3n<\/strong>:<br>\nVideo: <a href=\"http:\/\/www.labeljoy.com\/es\/videos\/etiquetas-diferentes-con-grupos\/\" title=\"Print different labels on th esame sheet using groups\" target=\"_blank\">Imprimir Diferentes Etiquetas en la Misma Hoja Utilizando Grupos<\/a><\/p>\n<p class=\"body\">Para agregar un nuevo grupo al proyecto actual se pueden utilizar <strong>3 m\u00e9todos diferentes<\/strong>:<\/p>\n<ul>\n  <li class=\"body\"><strong>Con el men\u00fa Proyecto<\/strong>: seleccionar el men\u00fa <i>Proyecto<\/i> y seleccionar <i>Agregar grupo<\/i>.<\/li>\n  <li class=\"body\"><strong>Con el bot\u00f3n Grupos<\/strong>: mostrar el men\u00fa de configuraci\u00f3n de los grupos haciendo clic en su icono, o haciendo clic con el bot\u00f3n derecho del rat\u00f3n en un \u00e1rea en blanco de un grupo. A continuaci\u00f3n, seleccionar <i>Agregar grupo<\/i>.<\/li>\n   <li class=\"body\"><strong>Pegando el \u00faltimo grupo copiado en el portapapeles<\/strong>: el men\u00fa de configuraci\u00f3n del grupo tambi\u00e9n  permite acceder a los comandos copiar\/pegar de los grupos.<\/li>\n<\/ul>\n<table width=\"100%\">\n  <tr valign=\"top\">\n    <td><p class=\"body\"><img src=\"http:\/\/www.labeljoy.com\/user-guide-files\/es\/1820_001.png\" align=\"left\" style=\"margin: 0px 24px 4px 0px\">Independientemente del m\u00e9todo utilizado, el grupo se colocar\u00e1 <strong>en la primera posici\u00f3n disponible<\/strong> y consistir\u00e1 de muchas etiquetas, tantas como existan en una hoja del layout actual. As\u00ed, por ejemplo, si en el momento en lo que se a\u00f1ade un grupo, el layout tiene 8 filas y 3 columnas de las etiquetas, el nuevo grupo se establece en un n\u00famero igual al 24 (8x3) repeticiones.<\/p>\n      <p class=\"note\"><strong>Nota<\/strong><br>\n        La posici\u00f3n de la p\u00e1gina <strong>se desplaza<\/strong> si es necesario a <strong>la \u00faltima p\u00e1gina <\/strong>para asegurarse de que el nuevo grupo sea visible.<\/p><\/td>\n  <\/tr>\n<\/table>\n\n<\/div>\n","protected":false},"excerpt":{"rendered":"<p>Esta p\u00e1gina hace referencia a Labeljoy 5, que no es nuestra \u00faltima versi\u00f3n. Actualice a Labeljoy 6 para obtener la \u00faltima versi\u00f3n del software con todas sus incre\u00edbles caracter\u00edsticas, o si ya es usuario, visite la gu\u00eda del usuario de Labeljoy 6.<\/p>\n","protected":false},"author":8,"featured_media":0,"parent":21680,"menu_order":0,"comment_status":"open","ping_status":"closed","template":"page-template-left-sidebar.php","meta":{"inline_featured_image":false,"_monsterinsights_skip_tracking":false,"_monsterinsights_sitenote_active":false,"_monsterinsights_sitenote_note":"","_monsterinsights_sitenote_category":0,"footnotes":""},"class_list":{"0":"post-21860","1":"page","2":"type-page","3":"status-publish","5":"infinite-scroll-item"},"aioseo_notices":[],"_links":{"self":[{"href":"https:\/\/www.labeljoy.com\/es\/wp-json\/wp\/v2\/pages\/21860","targetHints":{"allow":["GET"]}}],"collection":[{"href":"https:\/\/www.labeljoy.com\/es\/wp-json\/wp\/v2\/pages"}],"about":[{"href":"https:\/\/www.labeljoy.com\/es\/wp-json\/wp\/v2\/types\/page"}],"author":[{"embeddable":true,"href":"https:\/\/www.labeljoy.com\/es\/wp-json\/wp\/v2\/users\/8"}],"replies":[{"embeddable":true,"href":"https:\/\/www.labeljoy.com\/es\/wp-json\/wp\/v2\/comments?post=21860"}],"version-history":[{"count":3,"href":"https:\/\/www.labeljoy.com\/es\/wp-json\/wp\/v2\/pages\/21860\/revisions"}],"predecessor-version":[{"id":21938,"href":"https:\/\/www.labeljoy.com\/es\/wp-json\/wp\/v2\/pages\/21860\/revisions\/21938"}],"up":[{"embeddable":true,"href":"https:\/\/www.labeljoy.com\/es\/wp-json\/wp\/v2\/pages\/21680"}],"wp:attachment":[{"href":"https:\/\/www.labeljoy.com\/es\/wp-json\/wp\/v2\/media?parent=21860"}],"curies":[{"name":"wp","href":"https:\/\/api.w.org\/{rel}","templated":true}]}}