{"id":21861,"date":"2014-11-19T16:30:49","date_gmt":"2014-11-19T16:30:49","guid":{"rendered":"http:\/\/www.labeljoy.com\/ayuda\/linking-a-group-to-a-data-source\/"},"modified":"2018-09-27T21:02:15","modified_gmt":"2018-09-27T21:02:15","slug":"v%c3%adncular-un-grupo-a-una-fuente-de-datos","status":"publish","type":"page","link":"https:\/\/www.labeljoy.com\/es\/ayuda\/v%c3%adncular-un-grupo-a-una-fuente-de-datos\/","title":{"rendered":"V\u00edncular un grupo a una fuente de datos"},"content":{"rendered":"<div data-partent=\"19635\" class=\"callout callout-warning\">\n<h4>Esta p\u00e1gina hace referencia a Labeljoy 5, que no es nuestra \u00faltima versi\u00f3n.<\/h4>\n<p><a href=\"\/es\/comprar\/\">Actualice a Labeljoy 6<\/a> para obtener la \u00faltima versi\u00f3n del software con todas sus incre\u00edbles caracter\u00edsticas, o si ya es usuario, visite la <a href=\"\/es\/ayuda-lj6\/\">gu\u00eda del usuario de Labeljoy 6<\/a>.<\/p>\n<\/div>\n<div id=\"help-guide\">\n\r\n<p class=\"title\">v\u00edncular un grupo a una fuente de datos<\/p>\n<p class=\"online\"><strong>Profundizaci\u00f3n<\/strong>:<br>\n  Video: <a href=\"http:\/\/www.labeljoy.com\/es\/videos\/conectar-fuentes-datos-externos\/\" title=\"C\u00f3mo Conectar a Fuentes De Datos Externas\" target=\"_blank\">C\u00f3mo Conectar a Fuentes De Datos Externas<\/a><br>\n  Video: <a href=\"http:\/\/www.labeljoy.com\/es\/videos\/cargar-datos-desde-excel\/\" title=\"Cargar datos desde Excel\" target=\"_blank\">Cargar datos desde Excel<\/a><\/p>\n<p class=\"body\">Labeljoy permite el uso de <strong>fuentes de datos externos <\/strong>para crear grupos de etiquetas. Especifique un origen de datos para un grupo de etiquetas <strong>para poder conectar los elementos<\/strong> del grupo a <strong>los campos de la base de datos<\/strong> seleccionada. Por ejemplo, se puede agregar un elemento de texto que, una vez conectado a un campo de la base de datos, reporta la informaci\u00f3n <strong>variable para cada etiqueta del grupo<\/strong>.<\/p>\n<p class=\"note\"><strong>Nota<\/strong><br>\n  Labeljoy se conecta a una fuente de datos, carga los datos requeridos, los almacena en la memoria y se desconecta de la fuente de datos. Este modo de funcionamiento se conoce como un <i>modo desconectado<\/i>.<br>\n  Todos los cambios realizados en la fuente da datos no ser\u00e1n visibles en Labeljoy hasta que se llame al comando <i>Actualizar datos<\/i>.<br>\n  La conexi\u00f3n a fuentes de datos muy grandes provocar\u00e1 un gran uso indiscriminado de la memoria del sistema y generar\u00e1 archivos de gran tama\u00f1o.<\/p>\n<p class=\"body\">Labeljoy permite conectarse a las siguientes fuentes de datos:<\/p>\n<ul>\n  <li class=\"body\"><strong>Access 97, 2000, XP, 2003, 2007, 2010<\/strong><\/li>\n  <li class=\"body\"><strong>Excel 3.0, 4.0, 5.0, 7.0, 97, 2000, XP, 2003, 2007, 2010<\/strong><\/li>\n  <li class=\"body\"><strong>dBase III, IV, 5.0<\/strong><\/li>\n  <li class=\"body\"><strong>Lotus 1-2-3 WK1, WK3, WK4<\/strong><\/li>\n  <li class=\"body\"><strong>Archivo de texto delimitado (txt, csv)<\/strong><\/li>\n  <li class=\"body\"><strong>Agenda de Microsoft Outlook<\/strong><\/li>\n  <li class=\"body\"><strong>Agenda de Windows o Outlook Express (WAB)<\/strong><\/li>\n  <li class=\"body\"><strong>Archivo de SendBlaster<\/strong><\/li>\n  <li class=\"body\"><strong>Database MySql<\/strong><\/li>\n  <li class=\"body\"><strong>Database Oracle<\/strong><\/li>\n  <li class=\"body\"><strong>Database SQL Server<\/strong><\/li>\n  <li><span class=\"body\"><strong>Datos de texto en el portapapeles de Windows<\/strong><\/span><\/li>\n<\/ul>\n<p class=\"body\">Para conectar un grupo de etiquetas a una fuente de datos, primero se debe seleccionar el grupo y abrir la <strong>ventana de propiedades <\/strong>y actuar sobre los controles colocados en la ficha <i>Origen de datos<\/i>.<\/p>\n<p class=\"note\"><strong>Nota<\/strong><br>\n  La fichas <i>Seleccionar origen de datos<\/i> y de <i>Filtro y orden<\/i> s\u00f3lo est\u00e1n disponibles en la <strong>versi\u00f3n Full<\/strong>, o en la versi\u00f3n de demostraci\u00f3n.<\/p>\n<table width=\"100%\">\n  <tr valign=\"top\">\n    <td><p class=\"body\"><img src=\"http:\/\/www.labeljoy.com\/user-guide-files\/es\/1840_001.png\" align=\"left\" style=\"margin: 0px 24px 4px 0px\">Seleccione el tipo de fuente de datos que desea utilizar en la lista desplegable. Dependiendo de la elecci\u00f3n, podr\u00e1 ver los controles que le permiten configurar la conexi\u00f3n a los datos<\/p>\n      <p class=\"note\"><strong>Nota<\/strong><br>\n        Como alternativa a la configuraci\u00f3n manual de fuente de datos, puede utilizar el <a href=\"http:\/\/www.labeljoy.com\/es\/ayuda\/asistente-para-la-conexion-a-una-fuente-de-datos\/\">asistente<\/a> que facilita y proporciona informaci\u00f3n detallada para la conexi\u00f3n de datos.<br>\n        Haga clic en el bot\u00f3n <strong>Conectar fuente de datos <\/strong>para cerrar la ventana de configuraci\u00f3n del grupo e iniciar el asistente para conectar a los datos.<\/p>\n      <p class=\"body\">Una vez especificada la fuente de datos, active la opci\u00f3n <i>Actualizar los datos cuando se carga o imprime este archivo<\/i> si se desea que al abrir el archivo que contiene este grupo de etiquetas (o antes de imprimirlo o exportarlo), Labeljoy <strong>actualiza autom\u00e1ticamente los datos<\/strong>.<\/p>\n      <p class=\"body\">Cuando se hayan especificado todos los ajustes para la conexi\u00f3n a los datos, haciendo clic en <i>OK<\/i> o <i>Aplicar<\/i> se iniciar\u00e1 el <strong>proceso de carga de datos<\/strong>. En esta fase, una <strong>barra de desplazamiento<\/strong> aparecer\u00e1 para indicar el estado de ejecuci\u00f3n de la operaci\u00f3n. Dependiendo <strong>del tama\u00f1o de la tabla seleccionada<\/strong> y la <strong>capacidad del ordenador<\/strong>, esta fase puede durar <strong>desde unos pocos segundos hasta unos cuantos minutos<\/strong>.<\/p>\n      <p class=\"note\"><strong>Nota<\/strong><br>\n        El cuadro <strong>Cantidad<\/strong> permite seleccionar uno de los campos disponibles en la fuente de datos que se desea utilizar para <strong>definir el n\u00famero de etiquetas a generar<\/strong> para cada elemento presente. Utilice la configuraci\u00f3n predeterminada <strong>1 etiqueta por elemento<\/strong> para generar una etiqueta para cada elemento de la fuente de datos, o seleccione un campo de la lista para asegurarse que Labeljoy cree tantas etiquetas como haya elegido con la selecci\u00f3n.<\/p>\n      <p class=\"body\">Despu\u00e9s de conectar el dispositivo a la fuente de datos, el n\u00famero de etiquetas se <strong>ajustar\u00e1 al n\u00famero de elementos de la fuente de datos<\/strong>, y se conectar\u00e1n los elementos <strong>a los campos de la tabla conectada<\/strong>.<\/p><\/td>\n  <\/tr>\n<\/table>\n<\/div>\n<\/div>\n","protected":false},"excerpt":{"rendered":"<p>Esta p\u00e1gina hace referencia a Labeljoy 5, que no es nuestra \u00faltima versi\u00f3n. Actualice a Labeljoy 6 para obtener la \u00faltima versi\u00f3n del software con todas sus incre\u00edbles caracter\u00edsticas, o si ya es usuario, visite la gu\u00eda del usuario de Labeljoy 6.<\/p>\n","protected":false},"author":8,"featured_media":0,"parent":21680,"menu_order":0,"comment_status":"open","ping_status":"closed","template":"page-template-left-sidebar.php","meta":{"inline_featured_image":false,"_monsterinsights_skip_tracking":false,"_monsterinsights_sitenote_active":false,"_monsterinsights_sitenote_note":"","_monsterinsights_sitenote_category":0,"footnotes":""},"class_list":{"0":"post-21861","1":"page","2":"type-page","3":"status-publish","5":"infinite-scroll-item"},"aioseo_notices":[],"_links":{"self":[{"href":"https:\/\/www.labeljoy.com\/es\/wp-json\/wp\/v2\/pages\/21861","targetHints":{"allow":["GET"]}}],"collection":[{"href":"https:\/\/www.labeljoy.com\/es\/wp-json\/wp\/v2\/pages"}],"about":[{"href":"https:\/\/www.labeljoy.com\/es\/wp-json\/wp\/v2\/types\/page"}],"author":[{"embeddable":true,"href":"https:\/\/www.labeljoy.com\/es\/wp-json\/wp\/v2\/users\/8"}],"replies":[{"embeddable":true,"href":"https:\/\/www.labeljoy.com\/es\/wp-json\/wp\/v2\/comments?post=21861"}],"version-history":[{"count":3,"href":"https:\/\/www.labeljoy.com\/es\/wp-json\/wp\/v2\/pages\/21861\/revisions"}],"predecessor-version":[{"id":21931,"href":"https:\/\/www.labeljoy.com\/es\/wp-json\/wp\/v2\/pages\/21861\/revisions\/21931"}],"up":[{"embeddable":true,"href":"https:\/\/www.labeljoy.com\/es\/wp-json\/wp\/v2\/pages\/21680"}],"wp:attachment":[{"href":"https:\/\/www.labeljoy.com\/es\/wp-json\/wp\/v2\/media?parent=21861"}],"curies":[{"name":"wp","href":"https:\/\/api.w.org\/{rel}","templated":true}]}}