{"id":21862,"date":"2014-11-20T08:55:51","date_gmt":"2014-11-20T08:55:51","guid":{"rendered":"http:\/\/www.labeljoy.com\/ayuda\/loading-data-from-a-file\/"},"modified":"2015-01-20T16:17:03","modified_gmt":"2015-01-20T16:17:03","slug":"importar-datos-desde-un-archivo","status":"publish","type":"page","link":"https:\/\/www.labeljoy.com\/es\/ayuda\/importar-datos-desde-un-archivo\/","title":{"rendered":"Importar datos desde un archivo"},"content":{"rendered":"<div data-partent=\"19635\" class=\"callout callout-warning\">\n<h4>Esta p\u00e1gina hace referencia a Labeljoy 5, que no es nuestra \u00faltima versi\u00f3n.<\/h4>\n<p><a href=\"\/es\/comprar\/\">Actualice a Labeljoy 6<\/a> para obtener la \u00faltima versi\u00f3n del software con todas sus incre\u00edbles caracter\u00edsticas, o si ya es usuario, visite la <a href=\"\/es\/ayuda-lj6\/\">gu\u00eda del usuario de Labeljoy 6<\/a>.<\/p>\n<\/div>\n<link rel=\"stylesheet\" href=\"http:\/\/www.labeljoy.com\/user-guide-files\/en\/styles.css\" type=\"text\/css\" media=\"all\" \/>\n<div id=\"help-guide\">\n\r\n<p class=\"title\">importar datos desde un archivo<\/p>\r\n<p class=\"body\">En el cuadro de selecci\u00f3n de la fuente de datos, en la ventana de configuraci\u00f3n de grupo (secci\u00f3n fuente de datos), el primer grupo de elementos se refiere al enlace a fuentes de datos en forma de archivos existentes en el equipo (o red de computadoras).<\/p>\r\n<p class=\"body\">Al hacer clic en el bot\u00f3n <i>Seleccionar archivo<\/i>\r\nse muestra un <strong>cuadro de di\u00e1logo<\/strong> para seleccionar un archivo. <strong>Seleccione el archivo que contiene los datos <\/strong>a los que se desea conectar el grupo.<br>\r\nUna vez seleccionado el archivo, establezca la informaci\u00f3n adicional que var\u00eda dependiendo del tipo de archivo seleccionado. Por ejemplo, en el caso de un archivo en formato de Microsoft Access, se puede escribir una contrase\u00f1a de protecci\u00f3n. O en el caso de Microsoft Excel se puede definir si la primera fila del rango seleccionado contendr\u00e1 los nombres de los campos.<\/p>\r\n<p class=\"body\">Si el formato de archivo seleccionado es compatible con <strong>m\u00faltiples tablas u hojas<\/strong>, estos se mostrar\u00e1n en el men\u00fa desplegable situado en la parte inferior despu\u00e9s de hacer clic en el bot\u00f3n. En este punto se puede <strong>elegir entre dos m\u00e9todos<\/strong> para cargar datos:<\/p>\r\n<ul>\r\n  <li class=\"body\"><strong>Seleccionar la tabla que se utiliza<\/strong> como fuente de datos.<\/li>\r\n  <li class=\"body\"><strong>Seleccionar el \u00faltima elemento &quot;SQL...&quot;<\/strong> y escribir una consulta SQL para ejecutar en la base de datos seleccionada (para usuario expertos).<\/li>\r\n<\/ul>\r\n<p class=\"note\"><strong>Nota<\/strong><br>\r\nEl resultado de la consulta depende del <strong>formato del archivo <\/strong>seleccionado. La consulta debe ser un <i>SELECT<\/i>\r\ny se <strong>debe cumplir con las reglas que se utilizan en el lenguaje SQL<\/strong>.<br>\r\nSi la consulta no se realiza correctamente, se mostrar\u00e1 un <strong>mensaje de advertencia<\/strong>.<br>\r\nEn el <strong>Internet<\/strong> hay <strong>muchos recursos<\/strong> que permiten aprender el funcionamiento b\u00e1sico del lenguaje SQL. A continuaci\u00f3n se presentan algunos enlaces \u00fatiles:<br>\r\n<br>\r\n<a href=\"http:\/\/es.wikipedia.org\/wiki\/SQL\">http:\/\/es.wikipedia.org\/wiki\/SQL<\/a>\r\n<strong><\/strong><\/p>\r\n<p class=\"note\"><strong>Nota<\/strong><br>\r\nLa cantidad de datos cargados puede <strong>reducir el rendimiento<\/strong> del programa cuando se utilizan fuentes de datos de <strong>gran tama\u00f1o<\/strong>. Para que Labeljoy posea un alto rendimiento, es aconsejable evitar cargar tablas con <strong>grandes cantidades de datos binarios o un n\u00famero demasiado elevado de elementos<\/strong>. En funci\u00f3n de las <strong>capacidades del ordenador<\/strong>, se recomienda, si es posible, evitar de cargar tablas con m\u00e1s de 10.000 elementos.<\/p>\n<\/div>\n","protected":false},"excerpt":{"rendered":"<p>Esta p\u00e1gina hace referencia a Labeljoy 5, que no es nuestra \u00faltima versi\u00f3n. Actualice a Labeljoy 6 para obtener la \u00faltima versi\u00f3n del software con todas sus incre\u00edbles caracter\u00edsticas, o si ya es usuario, visite la gu\u00eda del usuario de Labeljoy 6.<\/p>\n","protected":false},"author":8,"featured_media":0,"parent":21680,"menu_order":0,"comment_status":"open","ping_status":"closed","template":"page-template-left-sidebar.php","meta":{"inline_featured_image":false,"_monsterinsights_skip_tracking":false,"_monsterinsights_sitenote_active":false,"_monsterinsights_sitenote_note":"","_monsterinsights_sitenote_category":0,"footnotes":""},"class_list":{"0":"post-21862","1":"page","2":"type-page","3":"status-publish","5":"infinite-scroll-item"},"aioseo_notices":[],"_links":{"self":[{"href":"https:\/\/www.labeljoy.com\/es\/wp-json\/wp\/v2\/pages\/21862","targetHints":{"allow":["GET"]}}],"collection":[{"href":"https:\/\/www.labeljoy.com\/es\/wp-json\/wp\/v2\/pages"}],"about":[{"href":"https:\/\/www.labeljoy.com\/es\/wp-json\/wp\/v2\/types\/page"}],"author":[{"embeddable":true,"href":"https:\/\/www.labeljoy.com\/es\/wp-json\/wp\/v2\/users\/8"}],"replies":[{"embeddable":true,"href":"https:\/\/www.labeljoy.com\/es\/wp-json\/wp\/v2\/comments?post=21862"}],"version-history":[{"count":2,"href":"https:\/\/www.labeljoy.com\/es\/wp-json\/wp\/v2\/pages\/21862\/revisions"}],"predecessor-version":[{"id":21894,"href":"https:\/\/www.labeljoy.com\/es\/wp-json\/wp\/v2\/pages\/21862\/revisions\/21894"}],"up":[{"embeddable":true,"href":"https:\/\/www.labeljoy.com\/es\/wp-json\/wp\/v2\/pages\/21680"}],"wp:attachment":[{"href":"https:\/\/www.labeljoy.com\/es\/wp-json\/wp\/v2\/media?parent=21862"}],"curies":[{"name":"wp","href":"https:\/\/api.w.org\/{rel}","templated":true}]}}