{"id":21863,"date":"2014-11-20T08:58:38","date_gmt":"2014-11-20T08:58:38","guid":{"rendered":"http:\/\/www.labeljoy.com\/ayuda\/loading-data-from-outlook\/"},"modified":"2015-01-20T17:24:56","modified_gmt":"2015-01-20T17:24:56","slug":"importar-datos-desde-outlook","status":"publish","type":"page","link":"https:\/\/www.labeljoy.com\/es\/ayuda\/importar-datos-desde-outlook\/","title":{"rendered":"Importar datos desde outlook"},"content":{"rendered":"<div data-partent=\"19635\" class=\"callout callout-warning\">\n<h4>Esta p\u00e1gina hace referencia a Labeljoy 5, que no es nuestra \u00faltima versi\u00f3n.<\/h4>\n<p><a href=\"\/es\/comprar\/\">Actualice a Labeljoy 6<\/a> para obtener la \u00faltima versi\u00f3n del software con todas sus incre\u00edbles caracter\u00edsticas, o si ya es usuario, visite la <a href=\"\/es\/ayuda-lj6\/\">gu\u00eda del usuario de Labeljoy 6<\/a>.<\/p>\n<\/div>\n<div id=\"help-guide\">\n\r\n<p class=\"title\">importar datos desde outlook<\/p>\r\n<p class=\"body\">En el cuadro de selecci\u00f3n de la fuente de datos, en la ventana de configuraci\u00f3n grupo (ficha <i>Seleccionar origen de datos<\/i>), el \u00faltimo grupo de elementos se refiere a la conexi\u00f3n a fuentes de datos relativos a los directorios de su sistema.<br>\r\n  La importaci\u00f3n de datos desde la agenda de Microsoft Outlook es <strong>completamente autom\u00e1tica<\/strong>.<\/p>\r\n<p class=\"body\">La importaci\u00f3n s\u00f3lo ser\u00e1 posible si Microsoft Outlook est\u00e1 instalado en el sistema. En este caso, la selecci\u00f3n de esta fuente de datos puede mostrar un cuadro de di\u00e1logo acerca el <strong>permiso para leer los datos de Outlook<\/strong>, en funci\u00f3n de los par\u00e1metros especificados en el programa de Microsoft.<\/p>\n<\/div>\n","protected":false},"excerpt":{"rendered":"<p>Esta p\u00e1gina hace referencia a Labeljoy 5, que no es nuestra \u00faltima versi\u00f3n. Actualice a Labeljoy 6 para obtener la \u00faltima versi\u00f3n del software con todas sus incre\u00edbles caracter\u00edsticas, o si ya es usuario, visite la gu\u00eda del usuario de Labeljoy 6.<\/p>\n","protected":false},"author":8,"featured_media":0,"parent":21680,"menu_order":0,"comment_status":"open","ping_status":"closed","template":"page-template-left-sidebar.php","meta":{"inline_featured_image":false,"_monsterinsights_skip_tracking":false,"_monsterinsights_sitenote_active":false,"_monsterinsights_sitenote_note":"","_monsterinsights_sitenote_category":0,"footnotes":""},"class_list":{"0":"post-21863","1":"page","2":"type-page","3":"status-publish","5":"infinite-scroll-item"},"aioseo_notices":[],"_links":{"self":[{"href":"https:\/\/www.labeljoy.com\/es\/wp-json\/wp\/v2\/pages\/21863","targetHints":{"allow":["GET"]}}],"collection":[{"href":"https:\/\/www.labeljoy.com\/es\/wp-json\/wp\/v2\/pages"}],"about":[{"href":"https:\/\/www.labeljoy.com\/es\/wp-json\/wp\/v2\/types\/page"}],"author":[{"embeddable":true,"href":"https:\/\/www.labeljoy.com\/es\/wp-json\/wp\/v2\/users\/8"}],"replies":[{"embeddable":true,"href":"https:\/\/www.labeljoy.com\/es\/wp-json\/wp\/v2\/comments?post=21863"}],"version-history":[{"count":3,"href":"https:\/\/www.labeljoy.com\/es\/wp-json\/wp\/v2\/pages\/21863\/revisions"}],"predecessor-version":[{"id":21934,"href":"https:\/\/www.labeljoy.com\/es\/wp-json\/wp\/v2\/pages\/21863\/revisions\/21934"}],"up":[{"embeddable":true,"href":"https:\/\/www.labeljoy.com\/es\/wp-json\/wp\/v2\/pages\/21680"}],"wp:attachment":[{"href":"https:\/\/www.labeljoy.com\/es\/wp-json\/wp\/v2\/media?parent=21863"}],"curies":[{"name":"wp","href":"https:\/\/api.w.org\/{rel}","templated":true}]}}