{"id":21865,"date":"2014-11-20T09:02:16","date_gmt":"2014-11-20T09:02:16","guid":{"rendered":"http:\/\/www.labeljoy.com\/ayuda\/loading-data-from-sendblaster\/"},"modified":"2015-01-20T17:24:09","modified_gmt":"2015-01-20T17:24:09","slug":"importar-datos-desde-sendblaster","status":"publish","type":"page","link":"https:\/\/www.labeljoy.com\/es\/ayuda\/importar-datos-desde-sendblaster\/","title":{"rendered":"Importar datos desde SendBlaster"},"content":{"rendered":"<div data-partent=\"19635\" class=\"callout callout-warning\">\n<h4>Esta p\u00e1gina hace referencia a Labeljoy 5, que no es nuestra \u00faltima versi\u00f3n.<\/h4>\n<p><a href=\"\/es\/comprar\/\">Actualice a Labeljoy 6<\/a> para obtener la \u00faltima versi\u00f3n del software con todas sus incre\u00edbles caracter\u00edsticas, o si ya es usuario, visite la <a href=\"\/es\/ayuda-lj6\/\">gu\u00eda del usuario de Labeljoy 6<\/a>.<\/p>\n<\/div>\n<div id=\"help-guide\">\n\r\n<p class=\"title\">importar datos desde SendBlaster<\/p>\n<p class=\"body\">Si se tiene el programa <a href=\"http:\/\/www.sendblaster.com\/\">SendBlaster<\/a> instalado en el PC, Labeljoy permite <strong>cargar la base de datos de SendBlaster de forma totalmente autom\u00e1tica<\/strong>.<\/p>\n<p class=\"body\">Seleccione el elemento correspondiente en la ficha <i>Origen de datos<\/i> y escriba la <strong>contrase\u00f1a que se ha establecido en SendBlaster<\/strong> (opcional).<\/p>\n<\/div>\n","protected":false},"excerpt":{"rendered":"<p>Esta p\u00e1gina hace referencia a Labeljoy 5, que no es nuestra \u00faltima versi\u00f3n. Actualice a Labeljoy 6 para obtener la \u00faltima versi\u00f3n del software con todas sus incre\u00edbles caracter\u00edsticas, o si ya es usuario, visite la gu\u00eda del usuario de Labeljoy 6.<\/p>\n","protected":false},"author":8,"featured_media":0,"parent":21680,"menu_order":0,"comment_status":"open","ping_status":"closed","template":"page-template-left-sidebar.php","meta":{"inline_featured_image":false,"_monsterinsights_skip_tracking":false,"_monsterinsights_sitenote_active":false,"_monsterinsights_sitenote_note":"","_monsterinsights_sitenote_category":0,"footnotes":""},"class_list":{"0":"post-21865","1":"page","2":"type-page","3":"status-publish","5":"infinite-scroll-item"},"aioseo_notices":[],"_links":{"self":[{"href":"https:\/\/www.labeljoy.com\/es\/wp-json\/wp\/v2\/pages\/21865","targetHints":{"allow":["GET"]}}],"collection":[{"href":"https:\/\/www.labeljoy.com\/es\/wp-json\/wp\/v2\/pages"}],"about":[{"href":"https:\/\/www.labeljoy.com\/es\/wp-json\/wp\/v2\/types\/page"}],"author":[{"embeddable":true,"href":"https:\/\/www.labeljoy.com\/es\/wp-json\/wp\/v2\/users\/8"}],"replies":[{"embeddable":true,"href":"https:\/\/www.labeljoy.com\/es\/wp-json\/wp\/v2\/comments?post=21865"}],"version-history":[{"count":3,"href":"https:\/\/www.labeljoy.com\/es\/wp-json\/wp\/v2\/pages\/21865\/revisions"}],"predecessor-version":[{"id":21929,"href":"https:\/\/www.labeljoy.com\/es\/wp-json\/wp\/v2\/pages\/21865\/revisions\/21929"}],"up":[{"embeddable":true,"href":"https:\/\/www.labeljoy.com\/es\/wp-json\/wp\/v2\/pages\/21680"}],"wp:attachment":[{"href":"https:\/\/www.labeljoy.com\/es\/wp-json\/wp\/v2\/media?parent=21865"}],"curies":[{"name":"wp","href":"https:\/\/api.w.org\/{rel}","templated":true}]}}