{"id":21866,"date":"2014-11-20T09:05:24","date_gmt":"2014-11-20T09:05:24","guid":{"rendered":"http:\/\/www.labeljoy.com\/ayuda\/filtering-and-sorting\/"},"modified":"2015-01-20T16:17:09","modified_gmt":"2015-01-20T16:17:09","slug":"establecer-un-filtro-y-un-orden","status":"publish","type":"page","link":"https:\/\/www.labeljoy.com\/es\/ayuda\/establecer-un-filtro-y-un-orden\/","title":{"rendered":"Establecer un filtro y un orden"},"content":{"rendered":"<div data-partent=\"19635\" class=\"callout callout-warning\">\n<h4>Esta p\u00e1gina hace referencia a Labeljoy 5, que no es nuestra \u00faltima versi\u00f3n.<\/h4>\n<p><a href=\"\/es\/comprar\/\">Actualice a Labeljoy 6<\/a> para obtener la \u00faltima versi\u00f3n del software con todas sus incre\u00edbles caracter\u00edsticas, o si ya es usuario, visite la <a href=\"\/es\/ayuda-lj6\/\">gu\u00eda del usuario de Labeljoy 6<\/a>.<\/p>\n<\/div>\n<link rel=\"stylesheet\" href=\"http:\/\/www.labeljoy.com\/user-guide-files\/en\/styles.css\" type=\"text\/css\" media=\"all\" \/>\n<div id=\"help-guide\">\n\r\n<p class=\"title\">establecer un filtro y un orden<\/p>\r\n<p class=\"body\">Una vez establecida la <a href=\"http:\/\/www.labeljoy.com\/es\/ayuda\/v\u00edncular-un-grupo-a-una-fuente-de-datos\/\">fuente de datos<\/a>, se puede actuar sobre los datos cargados con el fin de p<strong>ersonalizar ciertos par\u00e1metros<\/strong> que reglan la visualizaci\u00f3n de los datos. Esto se realiza en la ficha <i>Filtro y orden<\/i>, desde la ventana de propiedades grupo.<\/p>\r\n<table width=\"100%\">\r\n<tr valign=\"top\">\r\n<td>\r\n<p class=\"body\" style='margin-top:0cm'><img src=\"http:\/\/www.labeljoy.com\/user-guide-files\/es\/1920_001.png\" align=\"left\" style=\"margin: 0px 24px 4px 0px\">La pesta\u00f1a se divide en 3 zonas. La primera \u00e1rea en la parte superior <strong>permite definir un filtro<\/strong> seg\u00fan es cual visualizar o no los elementos que cumplan ciertos criterios.<br>\r\nEl filtro puede ser simple o doble en funci\u00f3n de la opci\u00f3n seleccionada en el primer cuadro combinado. En el caso de doble filtro, utilice las casillas de verificaci\u00f3n para concatenar <i>Y<\/i>\r\nu <i>O<\/i>\r\nel primer filtro con el segundo.<br>\r\nSeleccionando <i>Filtro single<\/i>\r\no <i>Filtro doble<\/i>\u00a0 los controles se activan. Ellos son, de izquierda a derecha:<\/p>\r\n<ul>\r\n  <li class=\"body\"><strong>Primer cuadro<\/strong>: campo. Selecci\u00f3n del campo de referencia desde la lista de campos de la fuente de datos cargada.<\/li>\r\n  <li class=\"body\"><strong>Segundo cuadro<\/strong>: operador. Selecci\u00f3n del tipo de operador de comparaci\u00f3n a usar.<\/li>\r\n  <li class=\"body\"><strong>Tercer cuadro<\/strong>: condici\u00f3n. Especifica el tipo de condiciones a utilizar.<\/li>\r\n<\/ul>\r\n<p class=\"body\">Por ejemplo, supongamos que se ha conectado el grupo a una tabla de registro que contiene el campo <i>Apellido<\/i>\r\n  y se tiene la necesidad de utilizar solamente los apellidos que contienen la s\u00edlaba &quot;RO&quot;, seleccione <i>Filtro individual<\/i>, seleccione el campo <i>Apellido<\/i>, especifique <i>Contiene<\/i>\r\n  como operador e introduzca la s\u00edlaba &quot;ro&quot;. La lista se filtra de acuerdo con estos par\u00e1metros y muestra s\u00f3lo los elementos que corresponden a los criterios definidos, como todas los elementos cuyo nombre de campo son &quot;<strong>Ro<\/strong>man&quot;, &quot;Pa<strong>ro<\/strong>di&quot;, &quot;Gena<strong>ro<\/strong>&quot;, y as\u00ed sucesivamente.<br>\r\n  La configuraci\u00f3n de filtro<strong> cambia el n\u00famero de etiquetas<\/strong> que se muestran y que se imprimir\u00e1n.<\/p>\r\n<p class=\"body\">En el cuadro <i>Orden<\/i>\r\nse puede <strong>definir el orden de los elementos <\/strong>de acuerdo con uno de los campos. Active la casilla <i>Orden<\/i>, seleccione un campo de la lista desplegable y establezca si el orden debe ser <i>Ascendente<\/i>\r\n(A-Z) o <i>Descendente<\/i>\r\n(Z-A). Los ajustes definidos aqu\u00ed van a <strong>alterar el orden en que las etiquetas se imprimen<\/strong> y pueden ser visibles en el momento en el que al menos un elemento presente est\u00e1 conectado a una fuente de datos.<\/p>\r\n<p class=\"body\" style='margin-bottom:0cm;margin-bottom:.0001pt'>En la parte inferior se puede ver la lista con los<strong> elementos de la fuente de datos seleccionada<\/strong>. Esta lista tiene una <strong>doble funci\u00f3n<\/strong>: proporcionar un primer ejemplo de c\u00f3mo los ajustes <i>Filtro<\/i>\r\ny <i>Orden<\/i>\r\nafectan los datos y permiten <i>ocultar<\/i>\r\nelementos que no se desea imprimir. Para cada elemento de la lista hay en el lado izquierdo un <strong>cuadro de selecci\u00f3n<\/strong> que permite <i>ocultar<\/i>\r\nlos elementos que no desea imprimir. Al desactivar la casilla de la izquierda se <strong>oculta esta opci\u00f3n<\/strong>. Esta funci\u00f3n es especialmente \u00fatil en aquellos casos en los que la configuraci\u00f3n de un filtro no cumple con las necesidades de visualizaci\u00f3n de los elementos.<br>\r\nEs posible activar o desactivar <strong>varios elementos a la vez <\/strong>haciendo clic con el <strong>bot\u00f3n derecho del rat\u00f3n<\/strong> sobre cualquiera de los cuadros. Esto mostrar\u00e1 un men\u00fa contextual que permite <strong>activar<\/strong> o <strong>desactivar<\/strong> todos los elementos, o para <strong>revertir<\/strong> el estado.<\/p>\r\n<\/td>\r\n<\/tr>\r\n<\/table>\r\n <p class=\"note\"><strong>Nota<\/strong><br>\r\nLa configuraci\u00f3n de visibilidad \/ invisibilidad de los elementos se pierden al <a href=\"http:\/\/www.labeljoy.com\/es\/ayuda\/actualizar-fuente-de-datos\/\">sincronizar los datos<\/a>.<\/p>\r\n<\/div>\n<\/div>\n","protected":false},"excerpt":{"rendered":"<p>Esta p\u00e1gina hace referencia a Labeljoy 5, que no es nuestra \u00faltima versi\u00f3n. Actualice a Labeljoy 6 para obtener la \u00faltima versi\u00f3n del software con todas sus incre\u00edbles caracter\u00edsticas, o si ya es usuario, visite la gu\u00eda del usuario de Labeljoy 6.<\/p>\n","protected":false},"author":8,"featured_media":0,"parent":21680,"menu_order":0,"comment_status":"open","ping_status":"closed","template":"page-template-left-sidebar.php","meta":{"inline_featured_image":false,"_monsterinsights_skip_tracking":false,"_monsterinsights_sitenote_active":false,"_monsterinsights_sitenote_note":"","_monsterinsights_sitenote_category":0,"footnotes":""},"class_list":{"0":"post-21866","1":"page","2":"type-page","3":"status-publish","5":"infinite-scroll-item"},"aioseo_notices":[],"_links":{"self":[{"href":"https:\/\/www.labeljoy.com\/es\/wp-json\/wp\/v2\/pages\/21866","targetHints":{"allow":["GET"]}}],"collection":[{"href":"https:\/\/www.labeljoy.com\/es\/wp-json\/wp\/v2\/pages"}],"about":[{"href":"https:\/\/www.labeljoy.com\/es\/wp-json\/wp\/v2\/types\/page"}],"author":[{"embeddable":true,"href":"https:\/\/www.labeljoy.com\/es\/wp-json\/wp\/v2\/users\/8"}],"replies":[{"embeddable":true,"href":"https:\/\/www.labeljoy.com\/es\/wp-json\/wp\/v2\/comments?post=21866"}],"version-history":[{"count":2,"href":"https:\/\/www.labeljoy.com\/es\/wp-json\/wp\/v2\/pages\/21866\/revisions"}],"predecessor-version":[{"id":21898,"href":"https:\/\/www.labeljoy.com\/es\/wp-json\/wp\/v2\/pages\/21866\/revisions\/21898"}],"up":[{"embeddable":true,"href":"https:\/\/www.labeljoy.com\/es\/wp-json\/wp\/v2\/pages\/21680"}],"wp:attachment":[{"href":"https:\/\/www.labeljoy.com\/es\/wp-json\/wp\/v2\/media?parent=21866"}],"curies":[{"name":"wp","href":"https:\/\/api.w.org\/{rel}","templated":true}]}}