{"id":21867,"date":"2014-11-20T09:03:24","date_gmt":"2014-11-20T09:03:24","guid":{"rendered":"http:\/\/www.labeljoy.com\/ayuda\/loading-data-from-a-professional-database\/"},"modified":"2015-01-20T17:24:49","modified_gmt":"2015-01-20T17:24:49","slug":"importar-datos-desde-una-base-de-datos-profesional","status":"publish","type":"page","link":"https:\/\/www.labeljoy.com\/es\/ayuda\/importar-datos-desde-una-base-de-datos-profesional\/","title":{"rendered":"Importar datos desde una base de datos profesional"},"content":{"rendered":"<div data-partent=\"19635\" class=\"callout callout-warning\">\n<h4>Esta p\u00e1gina hace referencia a Labeljoy 5, que no es nuestra \u00faltima versi\u00f3n.<\/h4>\n<p><a href=\"\/es\/comprar\/\">Actualice a Labeljoy 6<\/a> para obtener la \u00faltima versi\u00f3n del software con todas sus incre\u00edbles caracter\u00edsticas, o si ya es usuario, visite la <a href=\"\/es\/ayuda-lj6\/\">gu\u00eda del usuario de Labeljoy 6<\/a>.<\/p>\n<\/div>\n<div id=\"help-guide\">\n\r\n<p class=\"title\">importar datos desde una base de datos profesional<\/p>\r\n<p class=\"body\">Labeljoy permite <strong>conectarse a una base de datos profesional<\/strong> y cargar datos que se utilizar\u00e1n en las etiquetas.<br>\r\n  Las bases de datos soportados son:<\/p>\r\n<ul type=disc>\r\n  <li class=\"body\"><strong>MySql<\/strong><\/li>\r\n  <li class=\"body\"><strong>Oracle<\/strong><\/li>\r\n  <li class=\"body\"><strong>SQL Server<\/strong><\/li>\r\n<\/ul>\r\n<p class=\"body\">En la ventana de propiedades del grupo (ficha <i>Origen de datos<\/i>), dependiendo del tipo de base de datos seleccionada, se ver\u00e1n los <strong>campos que se deben conectar<\/strong>.<br>\r\n  Rellene los campos, ingresando los <strong>par\u00e1metros de conexi\u00f3n<\/strong> y luego haga clic en el bot\u00f3n <i>Cargar esquema<\/i> (o <i>Carga hojas<\/i>) para cargar la lista de tablas en la base de datos que ha seleccionado.<\/p>\r\n<p class=\"note\"><strong>Nota<\/strong><br>\r\n  Se recomienda utilizar el <a href=\"http:\/\/www.labeljoy.com\/es\/ayuda\/asistente-para-la-conexion-a-una-fuente-de-datos\/\">asistente<\/a> para conectarse a una fuente de datos de este tipo.<\/p>\r\n<p class=\"body\">Una vez cargada la lista de tablas, se puede seleccionar la que contiene los datos que se desea ver en las etiquetas.<br>\r\n  Tambi\u00e9n se puede seleccionar el \u00faltimo elemento de consulta SQL para escribir una sentencia SQL espec\u00edfica para cargar los datos.<\/p>\r\n<p class=\"note\"><strong>Nota<\/strong><br>\r\n  En <strong>Internet<\/strong> hay muchos recursos que permiten aprender el funcionamiento b\u00e1sico del lenguaje SQL. A continuaci\u00f3n se presentan algunos enlaces \u00fatiles:<br>\r\n  <br>\r\n  <a href=\"http:\/\/es.wikipedia.org\/wiki\/SQL\">http:\/\/es.wikipedia.org\/wiki\/SQL<\/a><br>\r\n  <br>\r\n<\/p>\r\n<\/div>\n<\/div>\n","protected":false},"excerpt":{"rendered":"<p>Esta p\u00e1gina hace referencia a Labeljoy 5, que no es nuestra \u00faltima versi\u00f3n. Actualice a Labeljoy 6 para obtener la \u00faltima versi\u00f3n del software con todas sus incre\u00edbles caracter\u00edsticas, o si ya es usuario, visite la gu\u00eda del usuario de Labeljoy 6.<\/p>\n","protected":false},"author":8,"featured_media":0,"parent":21680,"menu_order":0,"comment_status":"open","ping_status":"closed","template":"page-template-left-sidebar.php","meta":{"inline_featured_image":false,"_monsterinsights_skip_tracking":false,"_monsterinsights_sitenote_active":false,"_monsterinsights_sitenote_note":"","_monsterinsights_sitenote_category":0,"footnotes":""},"class_list":{"0":"post-21867","1":"page","2":"type-page","3":"status-publish","5":"infinite-scroll-item"},"aioseo_notices":[],"_links":{"self":[{"href":"https:\/\/www.labeljoy.com\/es\/wp-json\/wp\/v2\/pages\/21867","targetHints":{"allow":["GET"]}}],"collection":[{"href":"https:\/\/www.labeljoy.com\/es\/wp-json\/wp\/v2\/pages"}],"about":[{"href":"https:\/\/www.labeljoy.com\/es\/wp-json\/wp\/v2\/types\/page"}],"author":[{"embeddable":true,"href":"https:\/\/www.labeljoy.com\/es\/wp-json\/wp\/v2\/users\/8"}],"replies":[{"embeddable":true,"href":"https:\/\/www.labeljoy.com\/es\/wp-json\/wp\/v2\/comments?post=21867"}],"version-history":[{"count":3,"href":"https:\/\/www.labeljoy.com\/es\/wp-json\/wp\/v2\/pages\/21867\/revisions"}],"predecessor-version":[{"id":21933,"href":"https:\/\/www.labeljoy.com\/es\/wp-json\/wp\/v2\/pages\/21867\/revisions\/21933"}],"up":[{"embeddable":true,"href":"https:\/\/www.labeljoy.com\/es\/wp-json\/wp\/v2\/pages\/21680"}],"wp:attachment":[{"href":"https:\/\/www.labeljoy.com\/es\/wp-json\/wp\/v2\/media?parent=21867"}],"curies":[{"name":"wp","href":"https:\/\/api.w.org\/{rel}","templated":true}]}}