{"id":21868,"date":"2014-11-20T09:06:30","date_gmt":"2014-11-20T09:06:30","guid":{"rendered":"http:\/\/www.labeljoy.com\/ayuda\/updating-the-data-source\/"},"modified":"2015-01-20T17:23:52","modified_gmt":"2015-01-20T17:23:52","slug":"actualizar-fuente-de-datos","status":"publish","type":"page","link":"https:\/\/www.labeljoy.com\/es\/ayuda\/actualizar-fuente-de-datos\/","title":{"rendered":"Actualizar fuente de datos"},"content":{"rendered":"<div data-partent=\"19635\" class=\"callout callout-warning\">\n<h4>Esta p\u00e1gina hace referencia a Labeljoy 5, que no es nuestra \u00faltima versi\u00f3n.<\/h4>\n<p><a href=\"\/es\/comprar\/\">Actualice a Labeljoy 6<\/a> para obtener la \u00faltima versi\u00f3n del software con todas sus incre\u00edbles caracter\u00edsticas, o si ya es usuario, visite la <a href=\"\/es\/ayuda-lj6\/\">gu\u00eda del usuario de Labeljoy 6<\/a>.<\/p>\n<\/div>\n<div id=\"help-guide\">\n\r\n<p class=\"title\">actualizar fuente de datos<\/p>\r\n<p class=\"online\"><strong>Profundizaci\u00f3n<\/strong>:<br>\r\n  Video: <a href=\"http:\/\/www.labeljoy.com\/es\/videos\/actualizacion-dinamica\/\" title=\"Actualice Etiquetas Vinculadas a Datos\" target=\"_blank\">Actualice Etiquetas Vinculadas a Datos<\/a><\/p>\r\n<p class=\"body\">Una vez que el grupo ha cargado los datos desde un fuente de datos externa, los <strong>datos permanecen almacenados en el proyecto<\/strong> (archivo .lpa) de Labeljoy. En caso de que sea necesario <strong>actualizar los datos cargados<\/strong>, porque mientras tanto <strong>se ha cambiado la fuente de datos<\/strong>, es posible utilizar la funci\u00f3n <i>Actualizar datos<\/i>.<\/p>\r\n<table width=\"100%\">\r\n  <tr valign=\"top\">\r\n    <td><p class=\"body\"><img src=\"http:\/\/www.labeljoy.com\/user-guide-files\/es\/1930_001.png\" align=\"left\" style=\"margin: 0px 24px 4px 0px\">Para que la actualizaci\u00f3n de los datos tenga \u00e9xito es necesario que <strong>todos los par\u00e1metros proporcionados durante la primera conexi\u00f3n sean todav\u00eda v\u00e1lidos<\/strong>. Por ejemplo, si ha cargado los datos de un archivo de Excel, es necesario que el archivo a\u00fan exista y se encuentre en la misma ubicaci\u00f3n. O en el caso de conexi\u00f3n a una base de datos, <strong>las credenciales suministradas originalmente deben ser a\u00fan validas<\/strong> y la tabla de origen todav\u00eda debe estar presente.<\/p><\/td>\r\n  <\/tr>\r\n<\/table>\r\n<p class=\"body\">Si en el momento de la definici\u00f3n de la fuente de datos se ha activado la opci\u00f3n <i>Actualizar los datos cuando se carga o imprime este archivo<\/i> en la ficha <a href=\"http:\/\/www.labeljoy.com\/es\/ayuda\/v\u00edncular-un-grupo-a-una-fuente-de-datos\/\">Origen datos<\/a> en la ventana de configuraci\u00f3n grupo, la <strong>actualizaci\u00f3n de los datos se producir\u00e1 autom\u00e1ticamente<\/strong> despu\u00e9s de cargar los archivos y antes de imprimir o exportar. Aparecer\u00e1 una ventana de progreso y ser\u00e1 posible deshacer la operaci\u00f3n.<\/p>\r\n<p class=\"body\"><img src=\"http:\/\/www.labeljoy.com\/user-guide-files\/es\/1930_002.png\" style=\"margin: 0px 24px 4px 0px\"><\/p>\r\n<\/div>\n<\/div>\n","protected":false},"excerpt":{"rendered":"<p>Esta p\u00e1gina hace referencia a Labeljoy 5, que no es nuestra \u00faltima versi\u00f3n. Actualice a Labeljoy 6 para obtener la \u00faltima versi\u00f3n del software con todas sus incre\u00edbles caracter\u00edsticas, o si ya es usuario, visite la gu\u00eda del usuario de Labeljoy 6.<\/p>\n","protected":false},"author":8,"featured_media":0,"parent":21680,"menu_order":0,"comment_status":"open","ping_status":"closed","template":"page-template-left-sidebar.php","meta":{"inline_featured_image":false,"_monsterinsights_skip_tracking":false,"_monsterinsights_sitenote_active":false,"_monsterinsights_sitenote_note":"","_monsterinsights_sitenote_category":0,"footnotes":""},"class_list":{"0":"post-21868","1":"page","2":"type-page","3":"status-publish","5":"infinite-scroll-item"},"aioseo_notices":[],"_links":{"self":[{"href":"https:\/\/www.labeljoy.com\/es\/wp-json\/wp\/v2\/pages\/21868","targetHints":{"allow":["GET"]}}],"collection":[{"href":"https:\/\/www.labeljoy.com\/es\/wp-json\/wp\/v2\/pages"}],"about":[{"href":"https:\/\/www.labeljoy.com\/es\/wp-json\/wp\/v2\/types\/page"}],"author":[{"embeddable":true,"href":"https:\/\/www.labeljoy.com\/es\/wp-json\/wp\/v2\/users\/8"}],"replies":[{"embeddable":true,"href":"https:\/\/www.labeljoy.com\/es\/wp-json\/wp\/v2\/comments?post=21868"}],"version-history":[{"count":3,"href":"https:\/\/www.labeljoy.com\/es\/wp-json\/wp\/v2\/pages\/21868\/revisions"}],"predecessor-version":[{"id":21928,"href":"https:\/\/www.labeljoy.com\/es\/wp-json\/wp\/v2\/pages\/21868\/revisions\/21928"}],"up":[{"embeddable":true,"href":"https:\/\/www.labeljoy.com\/es\/wp-json\/wp\/v2\/pages\/21680"}],"wp:attachment":[{"href":"https:\/\/www.labeljoy.com\/es\/wp-json\/wp\/v2\/media?parent=21868"}],"curies":[{"name":"wp","href":"https:\/\/api.w.org\/{rel}","templated":true}]}}