{"id":21869,"date":"2014-11-20T09:07:40","date_gmt":"2014-11-20T09:07:40","guid":{"rendered":"http:\/\/www.labeljoy.com\/ayuda\/removing-the-data-source\/"},"modified":"2015-01-20T17:25:20","modified_gmt":"2015-01-20T17:25:20","slug":"eliminar-fuente-de-datos","status":"publish","type":"page","link":"https:\/\/www.labeljoy.com\/es\/ayuda\/eliminar-fuente-de-datos\/","title":{"rendered":"Eliminar fuente de datos"},"content":{"rendered":"<div data-partent=\"19635\" class=\"callout callout-warning\">\n<h4>Esta p\u00e1gina hace referencia a Labeljoy 5, que no es nuestra \u00faltima versi\u00f3n.<\/h4>\n<p><a href=\"\/es\/comprar\/\">Actualice a Labeljoy 6<\/a> para obtener la \u00faltima versi\u00f3n del software con todas sus incre\u00edbles caracter\u00edsticas, o si ya es usuario, visite la <a href=\"\/es\/ayuda-lj6\/\">gu\u00eda del usuario de Labeljoy 6<\/a>.<\/p>\n<\/div>\n<div id=\"help-guide\">\n\r\n<p class=\"title\">eliminar fuente de datos<\/p>\r\n<p class=\"body\">Si se quiere <strong>eliminar una referencia a una fuente de datos <\/strong>presente en un grupo, proceda de la siguiente manera:<\/p>\r\n<ol>\r\n  <li class=\"body\">1. Abra la <a href=\"http:\/\/www.labeljoy.com\/es\/ayuda\/administrar-grupos\/\">ventana de propiedad <\/a>del grupo<\/li>\r\n  <li class=\"body\">En la ficha <em>Seleccionar origen de datos<\/em>\r\n    seleccione el elemento <em><span style='font-family:\"Verdana\",\"sans-serif\"; mso-bidi-font-family:Verdana'>(Ning\u00fan origen de datos) <\/span><\/em>en el cuadro de selecci\u00f3n en la parte superior.<\/li>\r\n<\/ol>\r\n<p class=\"body\">En este punto, haga clic en <i>Aceptar y<\/i>\r\nse eliminar\u00e1n todas referencias a la base de datos.<\/p>\n<\/div>\n","protected":false},"excerpt":{"rendered":"<p>Esta p\u00e1gina hace referencia a Labeljoy 5, que no es nuestra \u00faltima versi\u00f3n. Actualice a Labeljoy 6 para obtener la \u00faltima versi\u00f3n del software con todas sus incre\u00edbles caracter\u00edsticas, o si ya es usuario, visite la gu\u00eda del usuario de Labeljoy 6.<\/p>\n","protected":false},"author":8,"featured_media":0,"parent":21680,"menu_order":0,"comment_status":"open","ping_status":"closed","template":"page-template-left-sidebar.php","meta":{"inline_featured_image":false,"_monsterinsights_skip_tracking":false,"_monsterinsights_sitenote_active":false,"_monsterinsights_sitenote_note":"","_monsterinsights_sitenote_category":0,"footnotes":""},"class_list":{"0":"post-21869","1":"page","2":"type-page","3":"status-publish","5":"infinite-scroll-item"},"aioseo_notices":[],"_links":{"self":[{"href":"https:\/\/www.labeljoy.com\/es\/wp-json\/wp\/v2\/pages\/21869","targetHints":{"allow":["GET"]}}],"collection":[{"href":"https:\/\/www.labeljoy.com\/es\/wp-json\/wp\/v2\/pages"}],"about":[{"href":"https:\/\/www.labeljoy.com\/es\/wp-json\/wp\/v2\/types\/page"}],"author":[{"embeddable":true,"href":"https:\/\/www.labeljoy.com\/es\/wp-json\/wp\/v2\/users\/8"}],"replies":[{"embeddable":true,"href":"https:\/\/www.labeljoy.com\/es\/wp-json\/wp\/v2\/comments?post=21869"}],"version-history":[{"count":3,"href":"https:\/\/www.labeljoy.com\/es\/wp-json\/wp\/v2\/pages\/21869\/revisions"}],"predecessor-version":[{"id":21937,"href":"https:\/\/www.labeljoy.com\/es\/wp-json\/wp\/v2\/pages\/21869\/revisions\/21937"}],"up":[{"embeddable":true,"href":"https:\/\/www.labeljoy.com\/es\/wp-json\/wp\/v2\/pages\/21680"}],"wp:attachment":[{"href":"https:\/\/www.labeljoy.com\/es\/wp-json\/wp\/v2\/media?parent=21869"}],"curies":[{"name":"wp","href":"https:\/\/api.w.org\/{rel}","templated":true}]}}