{"id":21870,"date":"2014-11-20T09:08:53","date_gmt":"2014-11-20T09:08:53","guid":{"rendered":"http:\/\/www.labeljoy.com\/ayuda\/link-data-source-wizard\/"},"modified":"2015-01-23T10:01:35","modified_gmt":"2015-01-23T10:01:35","slug":"asistente-para-la-conexion-a-una-fuente-de-datos","status":"publish","type":"page","link":"https:\/\/www.labeljoy.com\/es\/ayuda\/asistente-para-la-conexion-a-una-fuente-de-datos\/","title":{"rendered":"Asistente para la conexi\u00f3n a una fuente de datos"},"content":{"rendered":"<div data-partent=\"19635\" class=\"callout callout-warning\">\n<h4>Esta p\u00e1gina hace referencia a Labeljoy 5, que no es nuestra \u00faltima versi\u00f3n.<\/h4>\n<p><a href=\"\/es\/comprar\/\">Actualice a Labeljoy 6<\/a> para obtener la \u00faltima versi\u00f3n del software con todas sus incre\u00edbles caracter\u00edsticas, o si ya es usuario, visite la <a href=\"\/es\/ayuda-lj6\/\">gu\u00eda del usuario de Labeljoy 6<\/a>.<\/p>\n<\/div>\n<div id=\"help-guide\">\n\r\n<p class=\"title\">asistente para la conexi\u00f3n a una fuente de datos<\/p>\r\n<p class=\"body\">El asistente de conexi\u00f3n a una fuente de datos <strong>guiar\u00e1 a trav\u00e9s de un camino para simplificar la carga de los datos externos <\/strong>que se utilizan en las etiquetas.<\/p>\r\n<table width=\"100%\">\r\n  <tr valign=\"top\">\r\n    <td><p class=\"body\"><img src=\"http:\/\/www.labeljoy.com\/user-guide-files\/es\/2500_001.png\" align=\"left\" style=\"margin: 0px 24px 4px 0px\">Para iniciar el asistente, haga clic en el icono de la <a href=\"http:\/\/www.labeljoy.com\/es\/ayuda\/la-barra-de-herramientas\/\">barra de herramientas<\/a>.<\/p><\/td>\r\n  <\/tr>\r\n  <tr valign=\"top\">\r\n    <td><p class=\"body\"><img src=\"http:\/\/www.labeljoy.com\/user-guide-files\/es\/2500_002.png\" align=\"left\" style=\"margin: 0px 24px 4px 0px\">O haga clic en el icono <a href=\"http:\/\/www.labeljoy.com\/es\/ayuda\/configuracion-grupo\/\">Grupo<\/a>.<\/p>\r\n      <p class=\"note\"><strong>Nota<\/strong><br>\r\n        Esta funci\u00f3n s\u00f3lo est\u00e1 presente en la versi\u00f3n Full de Labeljoy.<\/p>\r\n      <p class=\"body\">El asistente consta de una <strong>serie de pasos<\/strong> en los que se pide de <strong>introducir informaci\u00f3n simple<\/strong>.<br>\r\n        Una vez introducidos los datos, se tendr\u00e1 que hacer clic en el bot\u00f3n <i>Siguiente<\/i> para <strong>continuar con el siguiente paso<\/strong>.<\/p>\r\n      <p class=\"note\"><strong>Nota<\/strong><br>\r\n        Si se inicia el asistente cuando se selecciona un grupo que <strong>ya tiene una conexi\u00f3n de datos<\/strong>, varios pasos se encontrar\u00e1n previamente completos con las informaciones de la conexi\u00f3n actual.<\/p>\r\n      <p class=\"body\">En cualquier momento (excepto para la \u00faltima pantalla), se puede cancelar la operaci\u00f3n haciendo clic en el bot\u00f3n <i>Cancelar<\/i>. Tambi\u00e9n ser\u00e1 posible volver a los pasos anteriores haciendo clic en el bot\u00f3n <i>Atr\u00e1s<\/i>.<\/p><\/td>\r\n  <\/tr>\r\n<\/table>\r\n<\/div>\n<\/div>\n","protected":false},"excerpt":{"rendered":"<p>Esta p\u00e1gina hace referencia a Labeljoy 5, que no es nuestra \u00faltima versi\u00f3n. Actualice a Labeljoy 6 para obtener la \u00faltima versi\u00f3n del software con todas sus incre\u00edbles caracter\u00edsticas, o si ya es usuario, visite la gu\u00eda del usuario de Labeljoy 6.<\/p>\n","protected":false},"author":8,"featured_media":0,"parent":21680,"menu_order":0,"comment_status":"open","ping_status":"closed","template":"page-template-left-sidebar.php","meta":{"inline_featured_image":false,"_monsterinsights_skip_tracking":false,"_monsterinsights_sitenote_active":false,"_monsterinsights_sitenote_note":"","_monsterinsights_sitenote_category":0,"footnotes":""},"class_list":{"0":"post-21870","1":"page","2":"type-page","3":"status-publish","5":"infinite-scroll-item"},"aioseo_notices":[],"_links":{"self":[{"href":"https:\/\/www.labeljoy.com\/es\/wp-json\/wp\/v2\/pages\/21870","targetHints":{"allow":["GET"]}}],"collection":[{"href":"https:\/\/www.labeljoy.com\/es\/wp-json\/wp\/v2\/pages"}],"about":[{"href":"https:\/\/www.labeljoy.com\/es\/wp-json\/wp\/v2\/types\/page"}],"author":[{"embeddable":true,"href":"https:\/\/www.labeljoy.com\/es\/wp-json\/wp\/v2\/users\/8"}],"replies":[{"embeddable":true,"href":"https:\/\/www.labeljoy.com\/es\/wp-json\/wp\/v2\/comments?post=21870"}],"version-history":[{"count":3,"href":"https:\/\/www.labeljoy.com\/es\/wp-json\/wp\/v2\/pages\/21870\/revisions"}],"predecessor-version":[{"id":21940,"href":"https:\/\/www.labeljoy.com\/es\/wp-json\/wp\/v2\/pages\/21870\/revisions\/21940"}],"up":[{"embeddable":true,"href":"https:\/\/www.labeljoy.com\/es\/wp-json\/wp\/v2\/pages\/21680"}],"wp:attachment":[{"href":"https:\/\/www.labeljoy.com\/es\/wp-json\/wp\/v2\/media?parent=21870"}],"curies":[{"name":"wp","href":"https:\/\/api.w.org\/{rel}","templated":true}]}}