{"id":21986,"date":"2014-11-20T09:51:09","date_gmt":"2014-11-20T09:51:09","guid":{"rendered":"http:\/\/www.labeljoy.com\/ayuda\/selecting-the-data-load-mode\/"},"modified":"2015-01-21T11:58:28","modified_gmt":"2015-01-21T11:58:28","slug":"definir-el-modo-de-carga-datos","status":"publish","type":"page","link":"https:\/\/www.labeljoy.com\/es\/ayuda\/definir-el-modo-de-carga-datos\/","title":{"rendered":"Definir el modo de carga datos"},"content":{"rendered":"<div data-partent=\"19635\" class=\"callout callout-warning\">\n<h4>Esta p\u00e1gina hace referencia a Labeljoy 5, que no es nuestra \u00faltima versi\u00f3n.<\/h4>\n<p><a href=\"\/es\/comprar\/\">Actualice a Labeljoy 6<\/a> para obtener la \u00faltima versi\u00f3n del software con todas sus incre\u00edbles caracter\u00edsticas, o si ya es usuario, visite la <a href=\"\/es\/ayuda-lj6\/\">gu\u00eda del usuario de Labeljoy 6<\/a>.<\/p>\n<\/div>\n<link rel=\"stylesheet\" href=\"http:\/\/www.labeljoy.com\/user-guide-files\/en\/styles.css\" type=\"text\/css\" media=\"all\" \/>\n<div id=\"help-guide\">\n\r\n<p class=\"title\">definir el modo de carga datos<\/p>\r\n<p class=\"body\">Labeljoy permite cargar los datos a vincular al grupo de las etiquetas <strong>de dos maneras<\/strong>:<\/p>\r\n<ul>\r\n  <li class=\"body\"><a href=\"http:\/\/www.labeljoy.com\/es\/ayuda\/cargar-datos-de-una-tabla-o-una-hoja-de-calculo\/\"><strong>Seleccionando una tabla<\/strong><\/a><strong>(o hoja de c\u00e1lculo)<\/strong>: en este caso los datos cargados ser\u00e1n todos los presentes en la tabla de origen sin ning\u00fan formateo, filtrado o la clasificaci\u00f3n.<\/li>\r\n  <li><span class=\"body\"><strong>Utilizando una <a href=\"http:\/\/www.labeljoy.com\/es\/ayuda\/cargar-datos-con-una-instruccion-sql\/\">instrucci\u00f3n SQL<\/a> (query)<\/strong>: en este caso Labeljoy utiliza la instrucci\u00f3n para cargar un conjunto espec\u00edfico de datos, que tambi\u00e9n contar\u00e1 con un sistema de orden complejo y un filtro avanzado.<\/span><\/li>\r\n<\/ul>\r\n<p class=\"body\">El uso de query SQL est\u00e1 dirigido a usuarios con <strong>conocimientos t\u00e9cnicos de gesti\u00f3n de datos<\/strong>.<\/p>\r\n<p class=\"body\"><img src=\"http:\/\/www.labeljoy.com\/user-guide-files\/es\/2580_001.png\" align=\"left\" style=\"margin: 0px 24px 4px 0px\"><\/p>\r\n<\/div>\n<\/div>\n","protected":false},"excerpt":{"rendered":"<p>Esta p\u00e1gina hace referencia a Labeljoy 5, que no es nuestra \u00faltima versi\u00f3n. Actualice a Labeljoy 6 para obtener la \u00faltima versi\u00f3n del software con todas sus incre\u00edbles caracter\u00edsticas, o si ya es usuario, visite la gu\u00eda del usuario de Labeljoy 6.<\/p>\n","protected":false},"author":8,"featured_media":0,"parent":21680,"menu_order":0,"comment_status":"open","ping_status":"closed","template":"page-template-left-sidebar.php","meta":{"inline_featured_image":false,"_monsterinsights_skip_tracking":false,"_monsterinsights_sitenote_active":false,"_monsterinsights_sitenote_note":"","_monsterinsights_sitenote_category":0,"footnotes":""},"class_list":{"0":"post-21986","1":"page","2":"type-page","3":"status-publish","5":"infinite-scroll-item"},"aioseo_notices":[],"_links":{"self":[{"href":"https:\/\/www.labeljoy.com\/es\/wp-json\/wp\/v2\/pages\/21986","targetHints":{"allow":["GET"]}}],"collection":[{"href":"https:\/\/www.labeljoy.com\/es\/wp-json\/wp\/v2\/pages"}],"about":[{"href":"https:\/\/www.labeljoy.com\/es\/wp-json\/wp\/v2\/types\/page"}],"author":[{"embeddable":true,"href":"https:\/\/www.labeljoy.com\/es\/wp-json\/wp\/v2\/users\/8"}],"replies":[{"embeddable":true,"href":"https:\/\/www.labeljoy.com\/es\/wp-json\/wp\/v2\/comments?post=21986"}],"version-history":[{"count":2,"href":"https:\/\/www.labeljoy.com\/es\/wp-json\/wp\/v2\/pages\/21986\/revisions"}],"predecessor-version":[{"id":22004,"href":"https:\/\/www.labeljoy.com\/es\/wp-json\/wp\/v2\/pages\/21986\/revisions\/22004"}],"up":[{"embeddable":true,"href":"https:\/\/www.labeljoy.com\/es\/wp-json\/wp\/v2\/pages\/21680"}],"wp:attachment":[{"href":"https:\/\/www.labeljoy.com\/es\/wp-json\/wp\/v2\/media?parent=21986"}],"curies":[{"name":"wp","href":"https:\/\/api.w.org\/{rel}","templated":true}]}}