{"id":21989,"date":"2014-11-20T09:57:23","date_gmt":"2014-11-20T09:57:23","guid":{"rendered":"http:\/\/www.labeljoy.com\/ayuda\/verifying-the-data\/"},"modified":"2015-01-21T13:50:08","modified_gmt":"2015-01-21T13:50:08","slug":"verificar-los-datos","status":"publish","type":"page","link":"https:\/\/www.labeljoy.com\/es\/ayuda\/verificar-los-datos\/","title":{"rendered":"Verificar los datos"},"content":{"rendered":"<div data-partent=\"19635\" class=\"callout callout-warning\">\n<h4>Esta p\u00e1gina hace referencia a Labeljoy 5, que no es nuestra \u00faltima versi\u00f3n.<\/h4>\n<p><a href=\"\/es\/comprar\/\">Actualice a Labeljoy 6<\/a> para obtener la \u00faltima versi\u00f3n del software con todas sus incre\u00edbles caracter\u00edsticas, o si ya es usuario, visite la <a href=\"\/es\/ayuda-lj6\/\">gu\u00eda del usuario de Labeljoy 6<\/a>.<\/p>\n<\/div>\n<div id=\"help-guide\">\n\r\n<p class=\"title\">verificar los datos<\/p>\r\n<p class=\"body\">En esta pantalla se pueden <strong>ver los datos<\/strong> que luego se pueden agregar a las etiquetas.<\/p>\r\n<table width=\"100%\">\r\n  <tr valign=\"top\">\r\n    <td><p class=\"body\"><img src=\"http:\/\/www.labeljoy.com\/user-guide-files\/es\/2590_001.png\" align=\"left\" style=\"margin: 0px 24px 4px 0px\">Desplace la lista <strong>para comprobar el ajuste correcto de los datos cargados<\/strong>.<br>\r\n        Adem\u00e1s puede <strong>definir la visualizaci\u00f3n de los elementos<\/strong>, activando o desactivando la casilla de verificaci\u00f3n en la primera columna de cada elemento.<\/p>\r\n      <p class=\"note\"><strong>Nota<\/strong><br>\r\n        Al hacer clic con el <strong>bot\u00f3n derecho del rat\u00f3n<\/strong> en la primera columna, al lado de la casilla de verificaci\u00f3n, aparecer\u00e1 un <strong>men\u00fa contextual<\/strong> que permite activar, desactivar o invertir la selecci\u00f3n en bloque de todos los elementos.<\/p>\r\n      <p class=\"body\"><strong>En este punto<\/strong>, al hacer clic en el bot\u00f3n <i>Siguiente<\/i>, <strong>se asocian los datos cargados al grupo<\/strong> seleccionado de etiquetas.<\/p><\/td>\r\n  <\/tr>\r\n<\/table>\r\n\n<\/div>\n","protected":false},"excerpt":{"rendered":"<p>Esta p\u00e1gina hace referencia a Labeljoy 5, que no es nuestra \u00faltima versi\u00f3n. Actualice a Labeljoy 6 para obtener la \u00faltima versi\u00f3n del software con todas sus incre\u00edbles caracter\u00edsticas, o si ya es usuario, visite la gu\u00eda del usuario de Labeljoy 6.<\/p>\n","protected":false},"author":8,"featured_media":0,"parent":21680,"menu_order":0,"comment_status":"open","ping_status":"closed","template":"page-template-left-sidebar.php","meta":{"inline_featured_image":false,"_monsterinsights_skip_tracking":false,"_monsterinsights_sitenote_active":false,"_monsterinsights_sitenote_note":"","_monsterinsights_sitenote_category":0,"footnotes":""},"class_list":{"0":"post-21989","1":"page","2":"type-page","3":"status-publish","5":"infinite-scroll-item"},"aioseo_notices":[],"_links":{"self":[{"href":"https:\/\/www.labeljoy.com\/es\/wp-json\/wp\/v2\/pages\/21989","targetHints":{"allow":["GET"]}}],"collection":[{"href":"https:\/\/www.labeljoy.com\/es\/wp-json\/wp\/v2\/pages"}],"about":[{"href":"https:\/\/www.labeljoy.com\/es\/wp-json\/wp\/v2\/types\/page"}],"author":[{"embeddable":true,"href":"https:\/\/www.labeljoy.com\/es\/wp-json\/wp\/v2\/users\/8"}],"replies":[{"embeddable":true,"href":"https:\/\/www.labeljoy.com\/es\/wp-json\/wp\/v2\/comments?post=21989"}],"version-history":[{"count":3,"href":"https:\/\/www.labeljoy.com\/es\/wp-json\/wp\/v2\/pages\/21989\/revisions"}],"predecessor-version":[{"id":22069,"href":"https:\/\/www.labeljoy.com\/es\/wp-json\/wp\/v2\/pages\/21989\/revisions\/22069"}],"up":[{"embeddable":true,"href":"https:\/\/www.labeljoy.com\/es\/wp-json\/wp\/v2\/pages\/21680"}],"wp:attachment":[{"href":"https:\/\/www.labeljoy.com\/es\/wp-json\/wp\/v2\/media?parent=21989"}],"curies":[{"name":"wp","href":"https:\/\/api.w.org\/{rel}","templated":true}]}}