{"id":21991,"date":"2014-11-20T09:59:58","date_gmt":"2014-11-20T09:59:58","guid":{"rendered":"http:\/\/www.labeljoy.com\/ayuda\/what-to-do-after-the-data-is-loaded\/"},"modified":"2015-01-21T13:23:15","modified_gmt":"2015-01-21T13:23:15","slug":"que-hacer-despues-de-la-carga-de-datos","status":"publish","type":"page","link":"https:\/\/www.labeljoy.com\/es\/ayuda\/que-hacer-despues-de-la-carga-de-datos\/","title":{"rendered":"Que hacer despu\u00e9s de la carga de datos"},"content":{"rendered":"<div data-partent=\"19635\" class=\"callout callout-warning\">\n<h4>Esta p\u00e1gina hace referencia a Labeljoy 5, que no es nuestra \u00faltima versi\u00f3n.<\/h4>\n<p><a href=\"\/es\/comprar\/\">Actualice a Labeljoy 6<\/a> para obtener la \u00faltima versi\u00f3n del software con todas sus incre\u00edbles caracter\u00edsticas, o si ya es usuario, visite la <a href=\"\/es\/ayuda-lj6\/\">gu\u00eda del usuario de Labeljoy 6<\/a>.<\/p>\n<\/div>\n<div id=\"help-guide\">\n\r\n<p class=\"title\">que hacer despu\u00e9s de la carga de datos<\/p>\r\n<p class=\"body\">La \u00faltima pantalla del procedimiento para conectarse a una fuente de datos muestra <strong>informaciones acerca de los pr\u00f3ximos pasos a seguir para mostrar los datos en las etiquetas<\/strong>.<\/p>\r\n<table width=\"100%\">\r\n  <tr valign=\"top\">\r\n    <td><p class=\"body\"><img src=\"http:\/\/www.labeljoy.com\/user-guide-files\/es\/2592_001.png\" align=\"left\" style=\"margin: 0px 24px 4px 0px\">Al final de la operaci\u00f3n, de hecho, los cambios realizados <strong>pueden ser no visibles de inmediato.<br>\r\n        De hecho, es necesario que los elementos presentes en las etiquetas est\u00e9n asociados con los datos que se han cargado.<\/strong><br>\r\n        Para hacer esto es necesario <strong>hacer doble clic en los elementos<\/strong> presentes conectados a la fuente de datos y hacer clic en el icono <i>Campo<\/i> presente en las varias ventanas de configuraci\u00f3n elementos.<br>\r\n        Aparecer\u00e1 <strong>un men\u00fa que contiene los nombres de los campos del origen de datos<\/strong> que se acaba de crear. Se pueden introducir los campos en el texto que se mostrar\u00e1 en las etiquetas.<\/p>\r\n      <p class=\"body\">Consulte los siguientes p\u00e1rrafos \u00a0para obtener informaci\u00f3n espec\u00edfica:<\/p>\r\n      <ul type=disc>\r\n        <li class=\"body\"><a href=\"http:\/\/www.labeljoy.com\/es\/ayuda\/configurar-un-codigo-de-barras\/\"><strong>establecer un c\u00f3digo de barras<\/strong><\/a><\/li>\r\n        <li class=\"body\"><a href=\"http:\/\/www.labeljoy.com\/es\/ayuda\/configuracion-de-texto\/\"><strong>establecer un texto<\/strong><\/a><\/li>\r\n        <li class=\"body\"><a href=\"http:\/\/www.labeljoy.com\/es\/ayuda\/configurar-un-elemento-grafico\/\"><strong>establecer un elemento gr\u00e1fico<\/strong><\/a><\/li>\r\n      <\/ul><\/td>\r\n  <\/tr>\r\n<\/table>\r\n<\/div>\n<\/div>\n","protected":false},"excerpt":{"rendered":"<p>Esta p\u00e1gina hace referencia a Labeljoy 5, que no es nuestra \u00faltima versi\u00f3n. Actualice a Labeljoy 6 para obtener la \u00faltima versi\u00f3n del software con todas sus incre\u00edbles caracter\u00edsticas, o si ya es usuario, visite la gu\u00eda del usuario de Labeljoy 6.<\/p>\n","protected":false},"author":8,"featured_media":0,"parent":21680,"menu_order":0,"comment_status":"open","ping_status":"closed","template":"page-template-left-sidebar.php","meta":{"inline_featured_image":false,"_monsterinsights_skip_tracking":false,"_monsterinsights_sitenote_active":false,"_monsterinsights_sitenote_note":"","_monsterinsights_sitenote_category":0,"footnotes":""},"class_list":{"0":"post-21991","1":"page","2":"type-page","3":"status-publish","5":"infinite-scroll-item"},"aioseo_notices":[],"_links":{"self":[{"href":"https:\/\/www.labeljoy.com\/es\/wp-json\/wp\/v2\/pages\/21991","targetHints":{"allow":["GET"]}}],"collection":[{"href":"https:\/\/www.labeljoy.com\/es\/wp-json\/wp\/v2\/pages"}],"about":[{"href":"https:\/\/www.labeljoy.com\/es\/wp-json\/wp\/v2\/types\/page"}],"author":[{"embeddable":true,"href":"https:\/\/www.labeljoy.com\/es\/wp-json\/wp\/v2\/users\/8"}],"replies":[{"embeddable":true,"href":"https:\/\/www.labeljoy.com\/es\/wp-json\/wp\/v2\/comments?post=21991"}],"version-history":[{"count":3,"href":"https:\/\/www.labeljoy.com\/es\/wp-json\/wp\/v2\/pages\/21991\/revisions"}],"predecessor-version":[{"id":22022,"href":"https:\/\/www.labeljoy.com\/es\/wp-json\/wp\/v2\/pages\/21991\/revisions\/22022"}],"up":[{"embeddable":true,"href":"https:\/\/www.labeljoy.com\/es\/wp-json\/wp\/v2\/pages\/21680"}],"wp:attachment":[{"href":"https:\/\/www.labeljoy.com\/es\/wp-json\/wp\/v2\/media?parent=21991"}],"curies":[{"name":"wp","href":"https:\/\/api.w.org\/{rel}","templated":true}]}}