{"id":21992,"date":"2014-11-20T09:55:32","date_gmt":"2014-11-20T09:55:32","guid":{"rendered":"http:\/\/www.labeljoy.com\/ayuda\/sorting-the-data\/"},"modified":"2015-01-21T11:58:36","modified_gmt":"2015-01-21T11:58:36","slug":"ordenar-los-datos","status":"publish","type":"page","link":"https:\/\/www.labeljoy.com\/es\/ayuda\/ordenar-los-datos\/","title":{"rendered":"Ordenar los datos"},"content":{"rendered":"<div data-partent=\"19635\" class=\"callout callout-warning\">\n<h4>Esta p\u00e1gina hace referencia a Labeljoy 5, que no es nuestra \u00faltima versi\u00f3n.<\/h4>\n<p><a href=\"\/es\/comprar\/\">Actualice a Labeljoy 6<\/a> para obtener la \u00faltima versi\u00f3n del software con todas sus incre\u00edbles caracter\u00edsticas, o si ya es usuario, visite la <a href=\"\/es\/ayuda-lj6\/\">gu\u00eda del usuario de Labeljoy 6<\/a>.<\/p>\n<\/div>\n<link rel=\"stylesheet\" href=\"http:\/\/www.labeljoy.com\/user-guide-files\/en\/styles.css\" type=\"text\/css\" media=\"all\" \/>\n<div id=\"help-guide\">\n\r\n<p class=\"title\">ordenar los datos<\/p>\r\n<p class=\"body\">En esta pantalla se puede definir <strong>el orden que se aplicar\u00e1 a los datos cargados<\/strong>.<\/p>\r\n<p class=\"body\">Haga clic en la casilla <strong>Activar orden <\/strong>para habilitar los controles de clasificaci\u00f3n con los cuales definir el orden de los datos.<br>\r\n  Labeljoy permite <strong>definir un campo<\/strong> (se puede seleccionar de la lista) y el <strong>orden<\/strong> (A ~ Z o Z ~ A).<\/p>\r\n<p class=\"body\"><img src=\"http:\/\/www.labeljoy.com\/user-guide-files\/es\/2586_001.png\" align=\"left\" style=\"margin: 0px 24px 4px 0px\"><\/p>\n<\/div>\n","protected":false},"excerpt":{"rendered":"<p>Esta p\u00e1gina hace referencia a Labeljoy 5, que no es nuestra \u00faltima versi\u00f3n. Actualice a Labeljoy 6 para obtener la \u00faltima versi\u00f3n del software con todas sus incre\u00edbles caracter\u00edsticas, o si ya es usuario, visite la gu\u00eda del usuario de Labeljoy 6.<\/p>\n","protected":false},"author":8,"featured_media":0,"parent":21680,"menu_order":0,"comment_status":"open","ping_status":"closed","template":"page-template-left-sidebar.php","meta":{"inline_featured_image":false,"_monsterinsights_skip_tracking":false,"_monsterinsights_sitenote_active":false,"_monsterinsights_sitenote_note":"","_monsterinsights_sitenote_category":0,"footnotes":""},"class_list":{"0":"post-21992","1":"page","2":"type-page","3":"status-publish","5":"infinite-scroll-item"},"aioseo_notices":[],"_links":{"self":[{"href":"https:\/\/www.labeljoy.com\/es\/wp-json\/wp\/v2\/pages\/21992","targetHints":{"allow":["GET"]}}],"collection":[{"href":"https:\/\/www.labeljoy.com\/es\/wp-json\/wp\/v2\/pages"}],"about":[{"href":"https:\/\/www.labeljoy.com\/es\/wp-json\/wp\/v2\/types\/page"}],"author":[{"embeddable":true,"href":"https:\/\/www.labeljoy.com\/es\/wp-json\/wp\/v2\/users\/8"}],"replies":[{"embeddable":true,"href":"https:\/\/www.labeljoy.com\/es\/wp-json\/wp\/v2\/comments?post=21992"}],"version-history":[{"count":2,"href":"https:\/\/www.labeljoy.com\/es\/wp-json\/wp\/v2\/pages\/21992\/revisions"}],"predecessor-version":[{"id":22006,"href":"https:\/\/www.labeljoy.com\/es\/wp-json\/wp\/v2\/pages\/21992\/revisions\/22006"}],"up":[{"embeddable":true,"href":"https:\/\/www.labeljoy.com\/es\/wp-json\/wp\/v2\/pages\/21680"}],"wp:attachment":[{"href":"https:\/\/www.labeljoy.com\/es\/wp-json\/wp\/v2\/media?parent=21992"}],"curies":[{"name":"wp","href":"https:\/\/api.w.org\/{rel}","templated":true}]}}