{"id":21993,"date":"2014-11-20T09:56:28","date_gmt":"2014-11-20T09:56:28","guid":{"rendered":"http:\/\/www.labeljoy.com\/ayuda\/filtering-data\/"},"modified":"2015-01-21T13:50:56","modified_gmt":"2015-01-21T13:50:56","slug":"filtrar-datos","status":"publish","type":"page","link":"https:\/\/www.labeljoy.com\/es\/ayuda\/filtrar-datos\/","title":{"rendered":"Filtrar datos"},"content":{"rendered":"<div data-partent=\"19635\" class=\"callout callout-warning\">\n<h4>Esta p\u00e1gina hace referencia a Labeljoy 5, que no es nuestra \u00faltima versi\u00f3n.<\/h4>\n<p><a href=\"\/es\/comprar\/\">Actualice a Labeljoy 6<\/a> para obtener la \u00faltima versi\u00f3n del software con todas sus incre\u00edbles caracter\u00edsticas, o si ya es usuario, visite la <a href=\"\/es\/ayuda-lj6\/\">gu\u00eda del usuario de Labeljoy 6<\/a>.<\/p>\n<\/div>\n<div id=\"help-guide\">\n\r\n<p class=\"title\">filtrar datos<\/p>\r\n<p class=\"body\">En esta pantalla se puede definir algunos <strong>criterios para filtrar los elementos cargados<\/strong>.<\/p>\r\n<table width=\"100%\">\r\n  <tr valign=\"top\">\r\n    <td><p class=\"body\"><img src=\"http:\/\/www.labeljoy.com\/user-guide-files\/es\/2588_001.png\" align=\"left\" style=\"margin: 0px 24px 4px 0px\">Labeljoy permite filtrar los datos al actuar sobre <strong>uno o dos de los campos disponibles<\/strong>.<br>\r\n        La casilla <i>Filtrar por<\/i> permite seleccionar el <strong>campo en el que aplicar\u00e1 el filtro<\/strong>.<br>\r\n        Las casillas <i>Operador<\/i> permiten seleccionar el <strong>tipo de comparaci\u00f3n a aplicar<\/strong> a los registros de los campos seleccionados.<br>\r\n        Las casillas <i>Valor<\/i> permiten definir un <strong>valor que utilizar como un discriminador<\/strong> para la aplicaci\u00f3n del filtro.<br>\r\n        Finalmente los botones de opci\u00f3n <i>Y<\/i> y <i>O<\/i> definen si los filtros est\u00e1n actuando en cascada (opci\u00f3n <i>Y<\/i>) o en paralelo (opci\u00f3n <i>O<\/i>).<\/p>\r\n      <p class=\"note\"><strong>Ejemplo<\/strong><br>\r\n        En el ejemplo mostrado en esta pantalla, el resultado s\u00f3lo mostrar\u00e1 los datos en los que el campo Cliente contiene &quot;AR&quot; (como <strong>Ar<\/strong>mandi, P<strong>ar<\/strong>eschi, Lip<strong>ar<\/strong>i, etc.) y el campo estaci\u00f3n contiene &quot;09&quot; (por ejemplo, 20<strong>09<\/strong>, 2008-20<strong>09<\/strong>, <strong>09<\/strong>-10, etc.)<\/p>\r\n      <p class=\"body\">Labeljoy permite aplicar un <i>Filtro \u00fanico<\/i> o un <i>Filtro doble<\/i> que se concatena al primero.<\/p>\r\n      <p class=\"note\"><strong>Nota<\/strong><br>\r\n        El filtro que se aplica en esta pantalla <strong>no limita la cantidad de datos cargados<\/strong>, simplemente oculta los elementos que no coincidan con sus criterios.<br>\r\n        De esta manera, se puede <strong>cambiar el filtro despu\u00e9s de cargar los datos<\/strong> desde la fuente de datos seleccionada.<\/p><\/td>\r\n  <\/tr>\r\n<\/table>\r\n\n<\/div>\n","protected":false},"excerpt":{"rendered":"<p>Esta p\u00e1gina hace referencia a Labeljoy 5, que no es nuestra \u00faltima versi\u00f3n. Actualice a Labeljoy 6 para obtener la \u00faltima versi\u00f3n del software con todas sus incre\u00edbles caracter\u00edsticas, o si ya es usuario, visite la gu\u00eda del usuario de Labeljoy 6.<\/p>\n","protected":false},"author":8,"featured_media":0,"parent":21680,"menu_order":0,"comment_status":"open","ping_status":"closed","template":"page-template-left-sidebar.php","meta":{"inline_featured_image":false,"_monsterinsights_skip_tracking":false,"_monsterinsights_sitenote_active":false,"_monsterinsights_sitenote_note":"","_monsterinsights_sitenote_category":0,"footnotes":""},"class_list":{"0":"post-21993","1":"page","2":"type-page","3":"status-publish","5":"infinite-scroll-item"},"aioseo_notices":[],"_links":{"self":[{"href":"https:\/\/www.labeljoy.com\/es\/wp-json\/wp\/v2\/pages\/21993","targetHints":{"allow":["GET"]}}],"collection":[{"href":"https:\/\/www.labeljoy.com\/es\/wp-json\/wp\/v2\/pages"}],"about":[{"href":"https:\/\/www.labeljoy.com\/es\/wp-json\/wp\/v2\/types\/page"}],"author":[{"embeddable":true,"href":"https:\/\/www.labeljoy.com\/es\/wp-json\/wp\/v2\/users\/8"}],"replies":[{"embeddable":true,"href":"https:\/\/www.labeljoy.com\/es\/wp-json\/wp\/v2\/comments?post=21993"}],"version-history":[{"count":3,"href":"https:\/\/www.labeljoy.com\/es\/wp-json\/wp\/v2\/pages\/21993\/revisions"}],"predecessor-version":[{"id":22072,"href":"https:\/\/www.labeljoy.com\/es\/wp-json\/wp\/v2\/pages\/21993\/revisions\/22072"}],"up":[{"embeddable":true,"href":"https:\/\/www.labeljoy.com\/es\/wp-json\/wp\/v2\/pages\/21680"}],"wp:attachment":[{"href":"https:\/\/www.labeljoy.com\/es\/wp-json\/wp\/v2\/media?parent=21993"}],"curies":[{"name":"wp","href":"https:\/\/api.w.org\/{rel}","templated":true}]}}