{"id":22023,"date":"2014-11-20T10:01:04","date_gmt":"2014-11-20T10:01:04","guid":{"rendered":"http:\/\/www.labeljoy.com\/ayuda\/managing-barcodes\/"},"modified":"2015-01-21T13:52:41","modified_gmt":"2015-01-21T13:52:41","slug":"gestionar-los-codigos-de-barras","status":"publish","type":"page","link":"https:\/\/www.labeljoy.com\/es\/ayuda\/gestionar-los-codigos-de-barras\/","title":{"rendered":"Gestionar los c\u00f3digos de barras"},"content":{"rendered":"<div data-partent=\"19635\" class=\"callout callout-warning\">\n<h4>Esta p\u00e1gina hace referencia a Labeljoy 5, que no es nuestra \u00faltima versi\u00f3n.<\/h4>\n<p><a href=\"\/es\/comprar\/\">Actualice a Labeljoy 6<\/a> para obtener la \u00faltima versi\u00f3n del software con todas sus incre\u00edbles caracter\u00edsticas, o si ya es usuario, visite la <a href=\"\/es\/ayuda-lj6\/\">gu\u00eda del usuario de Labeljoy 6<\/a>.<\/p>\n<\/div>\n<link rel=\"stylesheet\" href=\"http:\/\/www.labeljoy.com\/user-guide-files\/en\/styles.css\" type=\"text\/css\" media=\"all\" \/>\n<div id=\"help-guide\">\n\r\n<p class=\"title\">gestionar los c\u00f3digos de barras<\/p>\n<p class=\"body\">Labeljoy permite insertar elementos <i>C\u00f3digos de barras<\/i> en las etiquetas. Los c\u00f3digos de barras creados por Labeljoy permiten crear etiquetas <strong>para el sector comercial<\/strong>, como la creaci\u00f3n de etiquetas de precios, etiquetas de productos, etc.<\/p>\n<p class=\"body\">Labeljoy puede generar los siguientes tipos de <strong>c\u00f3digos de barras lineales<\/strong>:<\/p>\n<ul type=disc>\n  <li class=\"body\"><a href=\"http:\/\/www.labeljoy.com\/es\/ayuda\/ean13-es\/\"><strong>EAN-13<\/strong><\/a><\/li>\n  <li class=\"body\"><strong><a href=\"http:\/\/www.labeljoy.com\/es\/ayuda\/ean8-es\/\">EAN-8<\/a><\/strong><\/li>\n  <li class=\"body\"><strong><a href=\"http:\/\/www.labeljoy.com\/es\/ayuda\/code-128-es\/\">Code 128<\/a><\/strong><\/li>\n  <li class=\"body\"><strong><a href=\"http:\/\/www.labeljoy.com\/es\/ayuda\/ean128-es\/\">EAN-128<\/a><\/strong><\/li>\n  <li class=\"body\"><strong><a href=\"http:\/\/www.labeljoy.com\/es\/ayuda\/gs1128-es\/\">GS1-128<\/a><\/strong><\/li>\n  <li class=\"body\"><strong><a href=\"http:\/\/www.labeljoy.com\/es\/ayuda\/itf14-es\/\">ITF-14<\/a><\/strong><\/li>\n  <li class=\"body\"><strong><a href=\"http:\/\/www.labeljoy.com\/es\/ayuda\/upca-upce-es\/\">UPC-A<\/a><\/strong><\/li>\n  <li class=\"body\"><strong><a href=\"http:\/\/www.labeljoy.com\/es\/ayuda\/upca-upce-es\/\">UPC-E<\/a><\/strong><\/li>\n  <li class=\"body\"><strong><a href=\"http:\/\/www.labeljoy.com\/es\/ayuda\/code-11-es\/\">Code 11<\/a><\/strong><\/li>\n  <li class=\"body\"><strong><a href=\"http:\/\/www.labeljoy.com\/es\/ayuda\/code-39-es\/\">Code 39<\/a><\/strong><\/li>\n  <li class=\"body\"><strong><a href=\"http:\/\/www.labeljoy.com\/es\/ayuda\/code-39-es\/\">Code 39 Extended<\/a><\/strong><\/li>\n  <li class=\"body\"><strong><a href=\"http:\/\/www.labeljoy.com\/es\/ayuda\/code-39-es\/\">Code 93<\/a><\/strong><\/li>\n  <li class=\"body\"><strong><a href=\"http:\/\/www.labeljoy.com\/es\/ayuda\/code-93-es\/\">Code 93 Extended<\/a><\/strong><\/li>\n  <li class=\"body\"><strong><a href=\"http:\/\/www.labeljoy.com\/es\/ayuda\/interleaved-2-of-5-es\/\">Interleaved 2 of 5<\/a><\/strong><\/li>\n  <li class=\"body\"><strong><a href=\"http:\/\/www.labeljoy.com\/es\/ayuda\/industrial-2-of-5-es\/\">Industrial 2 of 5<\/a><\/strong><\/li>\n  <li class=\"body\"><strong><a href=\"http:\/\/www.labeljoy.com\/es\/ayuda\/codabar-es\/\">Codabar<\/a><\/strong><\/li>\n  <\/ul>\n  <p class=\"body\">Las siguientes <strong>simbolog\u00edas postales 2D<\/strong>:<\/p>\n  <ul type=disc>\n  <li class=\"body\"><strong><a href=\"http:\/\/www.labeljoy.com\/es\/ayuda\/postnet-es\/\">Postnet<\/a><\/strong><\/li>\n  <li class=\"body\"><strong><a href=\"http:\/\/www.labeljoy.com\/es\/ayuda\/planet-es\/\">Planet<\/a><\/strong><\/li>\n<\/ul>\n<p class=\"body\">Adem\u00e1s, es posible generar los siguientes<strong> tipos de c\u00f3digos de barras 2D<\/strong>:<\/p>\n<ul type=disc>\n  <li class=\"body\"><a href=\"http:\/\/www.labeljoy.com\/es\/ayuda\/data-matrix-es\/\"><strong>Data Matrix<\/strong><\/a><\/li>\n  <li class=\"body\"><strong><a href=\"http:\/\/www.labeljoy.com\/es\/ayuda\/qr-code-es\/\">QR Code<\/a><\/strong><\/li>\n  <li class=\"body\"><strong><a href=\"http:\/\/www.labeljoy.com\/es\/ayuda\/pdf417-es\/\">PDF417<\/a><\/strong><\/li>\n<\/ul>\n<p class=\"note\"><strong>Nota<\/strong><br>\n  En la versi\u00f3n <i>Basic<\/i> de Labeljoy los c\u00f3digos de barras 2D no est\u00e1n disponibles.<br>\n  En la versi\u00f3n <i>Light<\/i> s\u00f3lo est\u00e1 disponible el c\u00f3digo de barras Code 128.<\/p>\n<p class=\"body\">Dependiendo del tipo de c\u00f3digo de barras utilizado se tendr\u00e1 que especificar algunos par\u00e1metros para definir las caracter\u00edsticas, tal como se especifica en el p\u00e1rrafo <a href=\"http:\/\/www.labeljoy.com\/es\/ayuda\/configurar-un-codigo-de-barras\/\">configurar un c\u00f3digo de barras<\/a>.<\/p>\n<\/div>\n<\/div>\n","protected":false},"excerpt":{"rendered":"<p>Esta p\u00e1gina hace referencia a Labeljoy 5, que no es nuestra \u00faltima versi\u00f3n. Actualice a Labeljoy 6 para obtener la \u00faltima versi\u00f3n del software con todas sus incre\u00edbles caracter\u00edsticas, o si ya es usuario, visite la gu\u00eda del usuario de Labeljoy 6.<\/p>\n","protected":false},"author":8,"featured_media":0,"parent":21680,"menu_order":0,"comment_status":"open","ping_status":"closed","template":"page-template-left-sidebar.php","meta":{"inline_featured_image":false,"_monsterinsights_skip_tracking":false,"_monsterinsights_sitenote_active":false,"_monsterinsights_sitenote_note":"","_monsterinsights_sitenote_category":0,"footnotes":""},"class_list":{"0":"post-22023","1":"page","2":"type-page","3":"status-publish","5":"infinite-scroll-item"},"aioseo_notices":[],"_links":{"self":[{"href":"https:\/\/www.labeljoy.com\/es\/wp-json\/wp\/v2\/pages\/22023","targetHints":{"allow":["GET"]}}],"collection":[{"href":"https:\/\/www.labeljoy.com\/es\/wp-json\/wp\/v2\/pages"}],"about":[{"href":"https:\/\/www.labeljoy.com\/es\/wp-json\/wp\/v2\/types\/page"}],"author":[{"embeddable":true,"href":"https:\/\/www.labeljoy.com\/es\/wp-json\/wp\/v2\/users\/8"}],"replies":[{"embeddable":true,"href":"https:\/\/www.labeljoy.com\/es\/wp-json\/wp\/v2\/comments?post=22023"}],"version-history":[{"count":2,"href":"https:\/\/www.labeljoy.com\/es\/wp-json\/wp\/v2\/pages\/22023\/revisions"}],"predecessor-version":[{"id":22073,"href":"https:\/\/www.labeljoy.com\/es\/wp-json\/wp\/v2\/pages\/22023\/revisions\/22073"}],"up":[{"embeddable":true,"href":"https:\/\/www.labeljoy.com\/es\/wp-json\/wp\/v2\/pages\/21680"}],"wp:attachment":[{"href":"https:\/\/www.labeljoy.com\/es\/wp-json\/wp\/v2\/media?parent=22023"}],"curies":[{"name":"wp","href":"https:\/\/api.w.org\/{rel}","templated":true}]}}