{"id":22024,"date":"2014-11-20T10:02:54","date_gmt":"2014-11-20T10:02:54","guid":{"rendered":"http:\/\/www.labeljoy.com\/ayuda\/adding-a-barcode\/"},"modified":"2015-01-21T19:30:50","modified_gmt":"2015-01-21T19:30:50","slug":"agregar-un-codigo-de-barras","status":"publish","type":"page","link":"https:\/\/www.labeljoy.com\/es\/ayuda\/agregar-un-codigo-de-barras\/","title":{"rendered":"Agregar un c\u00f3digo de barras"},"content":{"rendered":"<div data-partent=\"19635\" class=\"callout callout-warning\">\n<h4>Esta p\u00e1gina hace referencia a Labeljoy 5, que no es nuestra \u00faltima versi\u00f3n.<\/h4>\n<p><a href=\"\/es\/comprar\/\">Actualice a Labeljoy 6<\/a> para obtener la \u00faltima versi\u00f3n del software con todas sus incre\u00edbles caracter\u00edsticas, o si ya es usuario, visite la <a href=\"\/es\/ayuda-lj6\/\">gu\u00eda del usuario de Labeljoy 6<\/a>.<\/p>\n<\/div>\n<div id=\"help-guide\">\n\r\n<p class=\"title\">agregar un c\u00f3digo de barras<\/p>\r\n<p class=\"online\"><strong>Profundizaci\u00f3n<\/strong>:<br>\r\nVideo: <a href=\"http:\/\/www.labeljoy.com\/es\/videos\/generar-qr-codigo-de-barras\/\" title=\"C\u00f3mo Generar C\u00f3digo de Barras y C\u00f3digo QR\" target=\"_blank\">C\u00f3mo Generar C\u00f3digo de Barras y C\u00f3digo QR<\/a><br>\r\nInfo: <a href=\"http:\/\/www.labeljoy.com\/es\/soporte\/que-es-codigo-barras\/\" title=\"Gu\u00eda de c\u00f3digo de barras\" target=\"_blank\">Gu\u00eda de c\u00f3digo de barras<\/a><\/p>\r\n<p class=\"body\">Se puede agregar un elemento <i>C\u00f3digo de barras<\/i> (o barcode) estableciendo <strong>el modo de entrada de c\u00f3digo de barras<\/strong> desde la<a href=\"http:\/\/www.labeljoy.com\/es\/ayuda\/la-barra-de-herramientas\/\"> barra de herramientas<\/a> o pulsando en el men\u00fa <i>Agregar c\u00f3digo <\/i>del icono grupo.<\/p>\r\n<table width=\"100%\">\r\n  <tr valign=\"top\">\r\n    <td><p class=\"body\"><img src=\"http:\/\/www.labeljoy.com\/user-guide-files\/es\/1980_001.png\" align=\"left\" style=\"margin: 0px 24px 4px 0px\">Haga clic en el bot\u00f3n <i>Agregar c\u00f3digo <\/i>desde la barra de herramientas para activar el modo de inserci\u00f3n c\u00f3digo de barras. Luego, haga clic con el bot\u00f3n izquierdo del rat\u00f3n en el grupo de etiqueta en la que se desea insertar el elemento. Arrastre el rat\u00f3n mientras se mantiene pulsado el bot\u00f3n izquierdo para dibujar la zona rectangular en la que se desea insertar el elemento. Cuando se suelte el bot\u00f3n del rat\u00f3n, se insertar\u00e1 el nuevo elemento.<\/p><\/td>\r\n  <\/tr>\r\n  <tr valign=\"top\">\r\n    <td><p class=\"body\"><img src=\"http:\/\/www.labeljoy.com\/user-guide-files\/es\/1980_002.png\" align=\"left\" style=\"margin: 0px 24px 4px 0px\">Como alternativa, se puede seleccionar <i>Agregar c\u00f3digo de barras<\/i> del men\u00fa de configuraci\u00f3n del grupo. En este caso, el elemento c\u00f3digo de barras se inserta autom\u00e1ticamente en el grupo seleccionado.<br>\r\n        <br>\r\n        Un nuevo elemento c\u00f3digo de barras insertado representa un c\u00f3digo de barras tipo <strong>Code 128<\/strong> que codifica el texto \u0093Labeljoy\u0094.<\/p>\r\n      <p class=\"body\">M\u00e1s tarde, se pueden <strong>cambiar las propiedades<\/strong> a trav\u00e9s de su <a href=\"http:\/\/www.labeljoy.com\/es\/ayuda\/configurar-un-codigo-de-barras\/\">ventana<\/a> para adaptarse a las necesidades.<\/p><\/td>\r\n  <\/tr>\r\n<\/table>\r\n<\/div>\n<\/div>\n","protected":false},"excerpt":{"rendered":"<p>Esta p\u00e1gina hace referencia a Labeljoy 5, que no es nuestra \u00faltima versi\u00f3n. Actualice a Labeljoy 6 para obtener la \u00faltima versi\u00f3n del software con todas sus incre\u00edbles caracter\u00edsticas, o si ya es usuario, visite la gu\u00eda del usuario de Labeljoy 6.<\/p>\n","protected":false},"author":8,"featured_media":0,"parent":21680,"menu_order":0,"comment_status":"open","ping_status":"closed","template":"page-template-left-sidebar.php","meta":{"inline_featured_image":false,"_monsterinsights_skip_tracking":false,"_monsterinsights_sitenote_active":false,"_monsterinsights_sitenote_note":"","_monsterinsights_sitenote_category":0,"footnotes":""},"class_list":{"0":"post-22024","1":"page","2":"type-page","3":"status-publish","5":"infinite-scroll-item"},"aioseo_notices":[],"_links":{"self":[{"href":"https:\/\/www.labeljoy.com\/es\/wp-json\/wp\/v2\/pages\/22024","targetHints":{"allow":["GET"]}}],"collection":[{"href":"https:\/\/www.labeljoy.com\/es\/wp-json\/wp\/v2\/pages"}],"about":[{"href":"https:\/\/www.labeljoy.com\/es\/wp-json\/wp\/v2\/types\/page"}],"author":[{"embeddable":true,"href":"https:\/\/www.labeljoy.com\/es\/wp-json\/wp\/v2\/users\/8"}],"replies":[{"embeddable":true,"href":"https:\/\/www.labeljoy.com\/es\/wp-json\/wp\/v2\/comments?post=22024"}],"version-history":[{"count":3,"href":"https:\/\/www.labeljoy.com\/es\/wp-json\/wp\/v2\/pages\/22024\/revisions"}],"predecessor-version":[{"id":22136,"href":"https:\/\/www.labeljoy.com\/es\/wp-json\/wp\/v2\/pages\/22024\/revisions\/22136"}],"up":[{"embeddable":true,"href":"https:\/\/www.labeljoy.com\/es\/wp-json\/wp\/v2\/pages\/21680"}],"wp:attachment":[{"href":"https:\/\/www.labeljoy.com\/es\/wp-json\/wp\/v2\/media?parent=22024"}],"curies":[{"name":"wp","href":"https:\/\/api.w.org\/{rel}","templated":true}]}}