{"id":22025,"date":"2014-11-20T10:04:23","date_gmt":"2014-11-20T10:04:23","guid":{"rendered":"http:\/\/www.labeljoy.com\/ayuda\/barcode-settings\/"},"modified":"2015-01-21T15:00:48","modified_gmt":"2015-01-21T15:00:48","slug":"configurar-un-codigo-de-barras","status":"publish","type":"page","link":"https:\/\/www.labeljoy.com\/es\/ayuda\/configurar-un-codigo-de-barras\/","title":{"rendered":"Configurar un c\u00f3digo de barras"},"content":{"rendered":"<div data-partent=\"19635\" class=\"callout callout-warning\">\n<h4>Esta p\u00e1gina hace referencia a Labeljoy 5, que no es nuestra \u00faltima versi\u00f3n.<\/h4>\n<p><a href=\"\/es\/comprar\/\">Actualice a Labeljoy 6<\/a> para obtener la \u00faltima versi\u00f3n del software con todas sus incre\u00edbles caracter\u00edsticas, o si ya es usuario, visite la <a href=\"\/es\/ayuda-lj6\/\">gu\u00eda del usuario de Labeljoy 6<\/a>.<\/p>\n<\/div>\n<div id=\"help-guide\">\n\r\n<p class=\"title\">configurar un c\u00f3digo de barras<\/p>\n<p class=\"online\"><strong>Profundizaci\u00f3n<\/strong>:<br>\nTutoria: <a href=\"http:\/\/www.labeljoy.com\/es\/soporte\/como-hacer\/recomendaciones-impresion-codigos-barra\/\" title=\"Recomendaciones para la Impresi\u00f3n de c\u00f3digos de barra\" target=\"_blank\">Recomendaciones para la Impresi\u00f3n de c\u00f3digos de barra<\/a><\/p>\n<p class=\"body\">Haciendo doble clic en un elemento C\u00f3digo de barras, se muestra la<strong> ventana de propiedades<\/strong> que permite <strong>cambiar su apariencia<\/strong>.<\/p>\n<p class=\"body\"><span class=\"note\"1>Para obtener informaci\u00f3n sobre los diferentes tipos de c\u00f3digos de barras ver <a href=\"http:\/\/www.labeljoy.com\/es\/ayuda\/simbologias-de-codigos-de-barras\/\"><strong>Simbolog\u00edas<\/strong><\/a>.<\/span><\/p>\n<p class=\"body\">La ventana de propiedades de un elemento C\u00f3digo de barras consta de 5 fichas:<\/p>\n<table width=\"100%\">\n  <tr valign=\"top\">\n    <td><p class=\"body\"><img src=\"http:\/\/www.labeljoy.com\/user-guide-files\/es\/2000_001.png\" align=\"left\" style=\"margin: 0px 24px 4px 0px\"><strong>Simbolog\u00eda<\/strong>: en esta pesta\u00f1a se configura el tipo de c\u00f3digo que desea representar.<\/p>\n      <p class=\"body\">En el panel derecho I<i>nformaci\u00f3n r\u00e1pida<\/i> se muestra alguna <strong>informaci\u00f3n \u00fatil<\/strong> para la compilaci\u00f3n del texto a codificar.<br>\n        Haga clic en el v\u00ednculo <i>M\u00e1s informaci\u00f3n<\/i> para obtener la ayuda en l\u00ednea acerca el <strong>tipo<\/strong><strong> de c\u00f3digo de barras seleccionado en ese momento<\/strong>.<\/p>\n      <p class=\"body\">En la parte inferior hay un cuadro de texto que permite la compilaci\u00f3n del texto a codificar y los botones para la inserci\u00f3n de los elementos para la posible concatenaci\u00f3n de los <a href=\"http:\/\/www.labeljoy.com\/es\/ayuda\/gestionar-los-campos\/\">campos de la fuente de datos<\/a>, <a href=\"http:\/\/www.labeljoy.com\/es\/ayuda\/gestion-de-contadores\/\">contadores<\/a>, y para obtener una <a href=\"http:\/\/www.labeljoy.com\/es\/ayuda\/vista-previa-del-texto\/\">vista previa<\/a> del texto que ser\u00e1 codificado.<br>\n        Vea el p\u00e1rrafo <a href=\"http:\/\/www.labeljoy.com\/es\/ayuda\/concatenacion-de-textos\/\">Concatenar textos<\/a> para m\u00e1s informaci\u00f3n. <\/p>\n      <p class=\"note\"><strong>Nota<\/strong><br>\n        Cada elemento C\u00f3digo de barras se somete a una validaci\u00f3n de los datos ingresados, por lo que el texto respeta las reglas de codificaci\u00f3n del c\u00f3digo de barras seleccionado, como se especifica en el panel de informaci\u00f3n.<br>\n        Cuando se encuentran elementos no v\u00e1lidos <strong>el c\u00f3digo de barras no se mostrar\u00e1<\/strong>.<br>\n        <br>\n        En cuanto a los c\u00f3digos num\u00e9ricos con longitud fija <strong>EAN-13<\/strong>, <strong>EAN-8<\/strong>, <strong>ITF-14<\/strong>, <strong>UPC-A<\/strong> y <strong>UPC-E<\/strong>, si el n\u00famero de d\u00edgitos que figuran en los datos de origen es mayor que lo permitido, se <strong>tendr\u00e1 en cuenta s\u00f3lo el n\u00famero de cifras correspondientes<\/strong>. Si por el contrario el n\u00famero de d\u00edgitos es menor, no se generar\u00e1 el c\u00f3digo.<br>\n        <br>\n        Por ejemplo, conectando un c\u00f3digo de barras EAN-13 a una fuente de datos que contiene 13 d\u00edgitos (en la que el checksum ya est\u00e1 presente), Labeljoy considera s\u00f3lo los primeros 12 d\u00edgitos y a\u00f1ade el checksum (n\u00famero de control). En el caso de encontrar una entrada con menos de 12 d\u00edgitos, no generar\u00e1 c\u00f3digo de barras.<\/p><\/td>\n  <\/tr>\n  <tr valign=\"top\">\n    <td><p class=\"body\"><img src=\"http:\/\/www.labeljoy.com\/user-guide-files\/es\/2000_005.png\" align=\"left\" style=\"margin: 0px 24px 4px 0px\">Dependiendo del tipo de c\u00f3digo de barras seleccionado, Labeljoy requiere que uno o m\u00e1s informaci\u00f3n sean proporcionados para que el c\u00f3digo de barras se pueda mostrar correctamente.<br>\n        Ver <a href=\"http:\/\/www.labeljoy.com\/es\/ayuda\/simbologias-de-codigos-de-barras\/\"><strong>Simbolog\u00edas<\/strong><\/a>.<\/p><\/td>\n  <\/tr>\n  <tr valign=\"top\">\n    <td><p class=\"body\"><img src=\"http:\/\/www.labeljoy.com\/user-guide-files\/es\/2000_006.png\" align=\"left\" style=\"margin: 0px 24px 4px 0px\"><strong>Color de c\u00f3digo<\/strong>: ficha para la definici\u00f3n del color s\u00f3lido que se utiliza para hacer las barras y el texto que aparece en la parte inferior o superior.<\/p>\n      <p class=\"note\"><strong>Nota<\/strong><br>\n        Para que el c\u00f3digo de barras sea legible f\u00e1cilmente por los esc\u00e1neres, es necesario mantener un fuerte contraste entre el color de fondo y el s\u00edmbolo. De hecho, en la mayor\u00eda de los casos se utiliza para el fondo el blanco y el negro para el s\u00edmbolo.<\/p><\/td>\n  <\/tr>\n  <tr valign=\"top\">\n    <td><p class=\"body\"><img src=\"http:\/\/www.labeljoy.com\/user-guide-files\/es\/2000_002.png\" align=\"left\" style=\"margin: 0px 24px 4px 0px\"><strong>Fondo<\/strong>: ficha para definir el color de fondo del c\u00f3digo de barras.<\/p>\n      <p class=\"body\">Ver el p\u00e1rrafo <a href=\"http:\/\/www.labeljoy.com\/es\/ayuda\/definir-los-colores\/\">definici\u00f3n de colores<\/a> para m\u00e1s informaci\u00f3n sobre la creaci\u00f3n de colores y matices complejos.<\/p><\/td>\n  <\/tr>\n  <tr valign=\"top\">\n    <td><p class=\"body\"><img src=\"http:\/\/www.labeljoy.com\/user-guide-files\/es\/2000_003.png\" align=\"left\" style=\"margin: 0px 24px 4px 0px\"><strong>Fuente<\/strong>: la pesta\u00f1a para la selecci\u00f3n de la fuente ser\u00e1 utilizada para dibujar el texto opcional debajo o sobre los s\u00edmbolos de c\u00f3digos de barras linear. En este caso, no es posible definir efectos de fuentes normales tales como Negrita o It\u00e1lica.\nLabeljoy permite definir el tama\u00f1o de la fuente en pasos porcentuales en base al tama\u00f1o de fuente est\u00e1ndar (100%) definido en cada especificaci\u00f3n t\u00e9cnica de simbolog\u00eda.<br>\n    La lista de fuentes est\u00e1 ordenada alfab\u00e9ticamente.<\/p><\/td>\n  <\/tr>\n  <tr valign=\"top\">\n    <td><\/td>\n  <\/tr>\n  <tr valign=\"top\">\n    <td><p class=\"body\"><img src=\"http:\/\/www.labeljoy.com\/user-guide-files\/es\/2005_001.png\" align=\"left\" style=\"margin: 0px 24px 4px 0px\"><strong>Avanzada<\/strong>: ver p\u00e1rrafo <a href=\"http:\/\/www.labeljoy.com\/es\/ayuda\/configuracion-avanzada-de-un-codigo-de-barras\/\">Configuraci\u00f3n avanzada de un c\u00f3digo de barras<\/a>.<\/p><\/td>\n  <\/tr>\n<\/table>\n<\/div>\n<\/div>\n","protected":false},"excerpt":{"rendered":"<p>Esta p\u00e1gina hace referencia a Labeljoy 5, que no es nuestra \u00faltima versi\u00f3n. Actualice a Labeljoy 6 para obtener la \u00faltima versi\u00f3n del software con todas sus incre\u00edbles caracter\u00edsticas, o si ya es usuario, visite la gu\u00eda del usuario de Labeljoy 6.<\/p>\n","protected":false},"author":8,"featured_media":0,"parent":21680,"menu_order":0,"comment_status":"open","ping_status":"closed","template":"page-template-left-sidebar.php","meta":{"inline_featured_image":false,"_monsterinsights_skip_tracking":false,"_monsterinsights_sitenote_active":false,"_monsterinsights_sitenote_note":"","_monsterinsights_sitenote_category":0,"footnotes":""},"class_list":{"0":"post-22025","1":"page","2":"type-page","3":"status-publish","5":"infinite-scroll-item"},"aioseo_notices":[],"_links":{"self":[{"href":"https:\/\/www.labeljoy.com\/es\/wp-json\/wp\/v2\/pages\/22025","targetHints":{"allow":["GET"]}}],"collection":[{"href":"https:\/\/www.labeljoy.com\/es\/wp-json\/wp\/v2\/pages"}],"about":[{"href":"https:\/\/www.labeljoy.com\/es\/wp-json\/wp\/v2\/types\/page"}],"author":[{"embeddable":true,"href":"https:\/\/www.labeljoy.com\/es\/wp-json\/wp\/v2\/users\/8"}],"replies":[{"embeddable":true,"href":"https:\/\/www.labeljoy.com\/es\/wp-json\/wp\/v2\/comments?post=22025"}],"version-history":[{"count":3,"href":"https:\/\/www.labeljoy.com\/es\/wp-json\/wp\/v2\/pages\/22025\/revisions"}],"predecessor-version":[{"id":22097,"href":"https:\/\/www.labeljoy.com\/es\/wp-json\/wp\/v2\/pages\/22025\/revisions\/22097"}],"up":[{"embeddable":true,"href":"https:\/\/www.labeljoy.com\/es\/wp-json\/wp\/v2\/pages\/21680"}],"wp:attachment":[{"href":"https:\/\/www.labeljoy.com\/es\/wp-json\/wp\/v2\/media?parent=22025"}],"curies":[{"name":"wp","href":"https:\/\/api.w.org\/{rel}","templated":true}]}}