{"id":22026,"date":"2014-11-20T10:05:40","date_gmt":"2014-11-20T10:05:40","guid":{"rendered":"http:\/\/www.labeljoy.com\/ayuda\/advanced-barcode-settings\/"},"modified":"2015-01-21T13:52:40","modified_gmt":"2015-01-21T13:52:40","slug":"configuracion-avanzada-de-un-codigo-de-barras","status":"publish","type":"page","link":"https:\/\/www.labeljoy.com\/es\/ayuda\/configuracion-avanzada-de-un-codigo-de-barras\/","title":{"rendered":"Configuraci\u00f3n avanzada de un c\u00f3digo de barras"},"content":{"rendered":"<div data-partent=\"19635\" class=\"callout callout-warning\">\n<h4>Esta p\u00e1gina hace referencia a Labeljoy 5, que no es nuestra \u00faltima versi\u00f3n.<\/h4>\n<p><a href=\"\/es\/comprar\/\">Actualice a Labeljoy 6<\/a> para obtener la \u00faltima versi\u00f3n del software con todas sus incre\u00edbles caracter\u00edsticas, o si ya es usuario, visite la <a href=\"\/es\/ayuda-lj6\/\">gu\u00eda del usuario de Labeljoy 6<\/a>.<\/p>\n<\/div>\n<link rel=\"stylesheet\" href=\"http:\/\/www.labeljoy.com\/user-guide-files\/en\/styles.css\" type=\"text\/css\" media=\"all\" \/>\n<div id=\"help-guide\">\n\r\n<p class=\"title\">configuraci\u00f3n avanzada de un c\u00f3digo de barras<\/p>\r\n<p class=\"body\">La ficha <i>Avanzada<\/i> del elemento <i>C\u00f3digo de barras<\/i> contiene los controles que permiten definir las <strong>coordenadas<\/strong>, el <strong>tama\u00f1o<\/strong>, la <strong>rotaci\u00f3n<\/strong> y el <strong>nombre<\/strong>. Ver el p\u00e1rrafo <a href=\"http:\/\/www.labeljoy.com\/es\/ayuda\/posicionar-los-elementos\/\">posicionar los elementos<\/a> para obtener m\u00e1s informaci\u00f3n. Se diferencia de otros gr\u00e1ficos ya que contiene el cuadro de <em>Modo de tama\u00f1o<\/em> que permite definir el <strong>tama\u00f1o autom\u00e1tico \u00fatil para los c\u00f3digos de barras conectados a la fuente de datos<\/strong>.<\/p>\r\n<table width=\"100%\">\r\n  <tr valign=\"top\">\r\n    <td><p class=\"body\"><img src=\"http:\/\/www.labeljoy.com\/user-guide-files\/es\/2005_001.png\" align=\"left\" style=\"margin: 0px 24px 4px 0px\">Cuando el <em>Modo de tama\u00f1o<\/em> es <i>Manual<\/i> el c\u00f3digo de barras puede <strong>cambiar de tama\u00f1o libremente<\/strong>, a trav\u00e9s del uso del <strong>rat\u00f3n<\/strong> o modificando manualmente los valores en los cuadros <i>Ancho<\/i> y <i>Alto<\/i>.<\/p>\r\n      <p class=\"note\"><strong>Nota<\/strong><br>\r\n        El tama\u00f1o se puede visualizar en cent\u00edmetros o pulgadas, dependiendo de la unidad de medida actual, configurable en la ficha <i>Interfaz<\/i> de la ventana <a href=\"http:\/\/www.labeljoy.com\/es\/ayuda\/principal\/\">Opciones<\/a>.<br>\r\n        Las fracciones de pulgada pueden insertarse mediante un men\u00fa contextual, tal como se detalla en p\u00e1rrafo <a href=\"http:\/\/www.labeljoy.com\/es\/ayuda\/gestionar-las-fracciones-de-pulgadas\/\">gestionar las fracciones de pulgadas<\/a>.<\/p><\/td>\r\n  <\/tr>\r\n  <tr valign=\"top\">\r\n    <td><p class=\"body\"><img src=\"http:\/\/www.labeljoy.com\/user-guide-files\/es\/2005_002.png\" align=\"left\" style=\"margin: 0px 24px 4px 0px\">Cuando el <em>Modo de tama\u00f1o<\/em> se establece en uno de los tres ajustes posibles <i>Auto<\/i> (<i>centro<\/i>, <i>izquierda<\/i>, <i>derecha<\/i>) <strong>el tama\u00f1o del c\u00f3digo de barras se calcular\u00e1 autom\u00e1ticamente<\/strong> con las especificaciones de la simbolog\u00eda seleccionada. De esta manera se puede tener la certeza de que el s\u00edmbolo es correctamente legible.<\/p>\r\n      <p class=\"body\">En este caso, <strong>el cambio de tama\u00f1o manual est\u00e1 desactivado<\/strong>: los cuadros <i>Ancho<\/i> y <i>Alto<\/i> se desactivan y s\u00f3lo <strong>se puede utilizar el rat\u00f3n para colocar el elemento<\/strong>, pero <strong>no para cambiar su tama\u00f1o<\/strong>.<\/p>\r\n      <p class=\"body\">Esta funci\u00f3n es \u00fatil para <strong>dos prop\u00f3sitos<\/strong>:<\/p>\r\n      <ol>\r\n        <li class=\"body\">1. El s\u00edmbolo codifica <strong>datos est\u00e1ticos<\/strong>, y se desea estar seguros de que sus dimensiones se han definido correctamente para garantizar la legibilidad del s\u00edmbolo.<\/li>\r\n        <li class=\"body\">El s\u00edmbolo est\u00e1 <strong>conectado a una fuente de datos<\/strong> que contiene <strong>informaci\u00f3n de longitud variable<\/strong>, y se desea que las dimensiones se adapten a los datos codificados de manera que se <strong>asegure la legibilidad<\/strong>.<\/li>\r\n      <\/ol>\r\n      <p class=\"body\">En este \u00faltimo escenario, los tama\u00f1os del los c\u00f3digos de barras son diferentes en cada posici\u00f3n (o etiqueta) y la selecci\u00f3n del tipo de punto fijo determinar\u00e1 qu\u00e9 lado del elemento se mantendr\u00e1 fijo y cual se adaptar\u00e1:<\/p>\r\n      <ul>\r\n        <li class=\"body\"><strong>Ancla izquierda<\/strong>: el lado izquierdo del elemento es fijo, mientras el lado derecho se cambia de acuerdo con el contenido.<\/li>\r\n        <li class=\"body\"><strong>Ancla centro<\/strong>: los lados izquierdo y derecho se cambian proporcionalmente para mantener el centro horizontal del elemento.<\/li>\r\n        <li class=\"body\"><strong>Ancla derecha<\/strong>: El lado derecho del elemento es fijo mientras que el lado izquierdo se cambia de acuerdo con el contenido.<\/li>\r\n      <\/ul>      <\/td>\r\n  <\/tr>\r\n  <tr valign=\"top\">\r\n    <td><p class=\"body\">En el siguiente ejemplo del elemento c\u00f3digo de barras (Code 128) con cambio de de tama\u00f1o autom\u00e1tico y fijo a la izquierda, conectado a una fuente de datos que contiene informaci\u00f3n de la direcci\u00f3n: incluso si el elemento es lo mismo, sus dimensiones cambian seg\u00fan informaci\u00f3n que hay que codificar.<\/p>\r\n      <p class=\"body\"><img src=\"http:\/\/www.labeljoy.com\/user-guide-files\/es\/2005_003.png\" align=\"left\" style=\"margin: 0px 24px 4px 0px\"><\/p><\/td>\r\n  <\/tr>\r\n<\/table>\r\n<\/div>\n<\/div>\n","protected":false},"excerpt":{"rendered":"<p>Esta p\u00e1gina hace referencia a Labeljoy 5, que no es nuestra \u00faltima versi\u00f3n. Actualice a Labeljoy 6 para obtener la \u00faltima versi\u00f3n del software con todas sus incre\u00edbles caracter\u00edsticas, o si ya es usuario, visite la gu\u00eda del usuario de Labeljoy 6.<\/p>\n","protected":false},"author":8,"featured_media":0,"parent":21680,"menu_order":0,"comment_status":"open","ping_status":"closed","template":"page-template-left-sidebar.php","meta":{"inline_featured_image":false,"_monsterinsights_skip_tracking":false,"_monsterinsights_sitenote_active":false,"_monsterinsights_sitenote_note":"","_monsterinsights_sitenote_category":0,"footnotes":""},"class_list":{"0":"post-22026","1":"page","2":"type-page","3":"status-publish","5":"infinite-scroll-item"},"aioseo_notices":[],"_links":{"self":[{"href":"https:\/\/www.labeljoy.com\/es\/wp-json\/wp\/v2\/pages\/22026","targetHints":{"allow":["GET"]}}],"collection":[{"href":"https:\/\/www.labeljoy.com\/es\/wp-json\/wp\/v2\/pages"}],"about":[{"href":"https:\/\/www.labeljoy.com\/es\/wp-json\/wp\/v2\/types\/page"}],"author":[{"embeddable":true,"href":"https:\/\/www.labeljoy.com\/es\/wp-json\/wp\/v2\/users\/8"}],"replies":[{"embeddable":true,"href":"https:\/\/www.labeljoy.com\/es\/wp-json\/wp\/v2\/comments?post=22026"}],"version-history":[{"count":2,"href":"https:\/\/www.labeljoy.com\/es\/wp-json\/wp\/v2\/pages\/22026\/revisions"}],"predecessor-version":[{"id":22075,"href":"https:\/\/www.labeljoy.com\/es\/wp-json\/wp\/v2\/pages\/22026\/revisions\/22075"}],"up":[{"embeddable":true,"href":"https:\/\/www.labeljoy.com\/es\/wp-json\/wp\/v2\/pages\/21680"}],"wp:attachment":[{"href":"https:\/\/www.labeljoy.com\/es\/wp-json\/wp\/v2\/media?parent=22026"}],"curies":[{"name":"wp","href":"https:\/\/api.w.org\/{rel}","templated":true}]}}