{"id":22027,"date":"2014-11-20T10:06:57","date_gmt":"2014-11-20T10:06:57","guid":{"rendered":"http:\/\/www.labeljoy.com\/ayuda\/barcode-symbologies\/"},"modified":"2015-01-21T19:29:42","modified_gmt":"2015-01-21T19:29:42","slug":"simbologias-de-codigos-de-barras","status":"publish","type":"page","link":"https:\/\/www.labeljoy.com\/es\/ayuda\/simbologias-de-codigos-de-barras\/","title":{"rendered":"Simbolog\u00edas de c\u00f3digos de barras"},"content":{"rendered":"<div data-partent=\"19635\" class=\"callout callout-warning\">\n<h4>Esta p\u00e1gina hace referencia a Labeljoy 5, que no es nuestra \u00faltima versi\u00f3n.<\/h4>\n<p><a href=\"\/es\/comprar\/\">Actualice a Labeljoy 6<\/a> para obtener la \u00faltima versi\u00f3n del software con todas sus incre\u00edbles caracter\u00edsticas, o si ya es usuario, visite la <a href=\"\/es\/ayuda-lj6\/\">gu\u00eda del usuario de Labeljoy 6<\/a>.<\/p>\n<\/div>\n<div id=\"help-guide\">\n\r\n<p class=\"title\">simbolog\u00edas de c\u00f3digos de barras<\/p>\n<p class=\"body\">A continuaci\u00f3n se muestra la <strong>lista completa de las simbolog\u00edas<\/strong> de c\u00f3digos de barras generados por Labeljoy.<br>\n  Haga clic en cada nombre para ver la explicaci\u00f3n detallada de las caracter\u00edsticas de cada simbolog\u00eda.<\/p>\n<p class=\"body\">Labeljoy generar\u00e1 la siguiente lista de <strong>c\u00f3digos de barras lineales<\/strong>:<\/p>\n<ul type=disc>\n  <li class=\"body\"><a href=\"http:\/\/www.labeljoy.com\/es\/ayuda\/ean13-es\/\"><strong>EAN-13<\/strong><\/a><\/li>\n  <li class=\"body\"><strong><a href=\"http:\/\/www.labeljoy.com\/es\/ayuda\/ean8-es\/\">EAN-8<\/a><\/strong><\/li>\n  <li class=\"body\"><strong><a href=\"http:\/\/www.labeljoy.com\/es\/ayuda\/ean128-es\/\">EAN-128<\/a><\/strong><\/li>\n  <li class=\"body\"><strong><a href=\"http:\/\/www.labeljoy.com\/es\/ayuda\/gs1128-es\/\">GS1-128<\/a><\/strong><\/li>\n  <li class=\"body\"><strong><a href=\"http:\/\/www.labeljoy.com\/es\/ayuda\/itf14-es\/\">ITF-14<\/a><\/strong><\/li>\n  <li class=\"body\"><strong><a href=\"http:\/\/www.labeljoy.com\/es\/ayuda\/upca-upce-es\/\">UPC-A, UPC-E<\/a><\/strong><\/li>\n  <li class=\"body\"><strong><a href=\"http:\/\/www.labeljoy.com\/es\/ayuda\/code-11-es\/\">Code 11<\/a><\/strong><\/li>\n  <li class=\"body\"><strong><a href=\"http:\/\/www.labeljoy.com\/es\/ayuda\/code-128-es\/\">Code 128<\/a><\/strong><\/li>\n  <li class=\"body\"><strong><a href=\"http:\/\/www.labeljoy.com\/es\/ayuda\/code-39-es\/\">Code 39, Code 39 extended<\/a><\/strong><\/li>\n  <li class=\"body\"><strong><a href=\"http:\/\/www.labeljoy.com\/es\/ayuda\/code-93-es\/\">Code 93, Code 93 extended<\/a><\/strong><\/li>\n  <li class=\"body\"><strong><a href=\"http:\/\/www.labeljoy.com\/es\/ayuda\/interleaved-2-of-5-es\/\">Interleaved 2 of 5<\/a><\/strong><\/li>\n  <li class=\"body\"><strong><a href=\"http:\/\/www.labeljoy.com\/es\/ayuda\/industrial-2-of-5-es\/\">Industrial 2 of 5<\/a><\/strong><\/li>\n  <li class=\"body\"><strong><a href=\"http:\/\/www.labeljoy.com\/es\/ayuda\/codabar-es\/\">Codabar<\/a><\/strong><\/li>\n<\/ul>\n<p class=\"body\">Los siguientes s\u00edmbolos <strong>2D postales<\/strong>:<\/p>\n<ul type=disc>\n  <li class=\"body\"><a href=\"http:\/\/www.labeljoy.com\/es\/ayuda\/postnet-es\/\"><strong>Postnet<\/strong><\/a><\/li>\n  <li class=\"body\"><strong><a href=\"http:\/\/www.labeljoy.com\/es\/ayuda\/planet-es\/\">Planet<\/a><\/strong><\/li>\n<\/ul>\n<p class=\"body\">Los siguientes s\u00edmbolos <strong>2D<\/strong>:<\/p>\n<ul type=disc>\n  <li class=\"body\"><a href=\"http:\/\/www.labeljoy.com\/es\/ayuda\/data-matrix-es\/\"><strong>Data Matrix<\/strong><\/a><\/li>\n  <li class=\"body\"><strong><a href=\"http:\/\/www.labeljoy.com\/es\/ayuda\/qr-code-es\/\">QR Code<\/a><\/strong><\/li>\n  <li class=\"body\"><strong><a href=\"http:\/\/www.labeljoy.com\/es\/ayuda\/pdf417-es\/\">PDF417<\/a><\/strong><\/li>\n<\/ul>\n<\/div>\n<\/div>\n","protected":false},"excerpt":{"rendered":"<p>Esta p\u00e1gina hace referencia a Labeljoy 5, que no es nuestra \u00faltima versi\u00f3n. Actualice a Labeljoy 6 para obtener la \u00faltima versi\u00f3n del software con todas sus incre\u00edbles caracter\u00edsticas, o si ya es usuario, visite la gu\u00eda del usuario de Labeljoy 6.<\/p>\n","protected":false},"author":8,"featured_media":0,"parent":21680,"menu_order":0,"comment_status":"open","ping_status":"closed","template":"page-template-left-sidebar.php","meta":{"inline_featured_image":false,"_monsterinsights_skip_tracking":false,"_monsterinsights_sitenote_active":false,"_monsterinsights_sitenote_note":"","_monsterinsights_sitenote_category":0,"footnotes":""},"class_list":{"0":"post-22027","1":"page","2":"type-page","3":"status-publish","5":"infinite-scroll-item"},"aioseo_notices":[],"_links":{"self":[{"href":"https:\/\/www.labeljoy.com\/es\/wp-json\/wp\/v2\/pages\/22027","targetHints":{"allow":["GET"]}}],"collection":[{"href":"https:\/\/www.labeljoy.com\/es\/wp-json\/wp\/v2\/pages"}],"about":[{"href":"https:\/\/www.labeljoy.com\/es\/wp-json\/wp\/v2\/types\/page"}],"author":[{"embeddable":true,"href":"https:\/\/www.labeljoy.com\/es\/wp-json\/wp\/v2\/users\/8"}],"replies":[{"embeddable":true,"href":"https:\/\/www.labeljoy.com\/es\/wp-json\/wp\/v2\/comments?post=22027"}],"version-history":[{"count":3,"href":"https:\/\/www.labeljoy.com\/es\/wp-json\/wp\/v2\/pages\/22027\/revisions"}],"predecessor-version":[{"id":22133,"href":"https:\/\/www.labeljoy.com\/es\/wp-json\/wp\/v2\/pages\/22027\/revisions\/22133"}],"up":[{"embeddable":true,"href":"https:\/\/www.labeljoy.com\/es\/wp-json\/wp\/v2\/pages\/21680"}],"wp:attachment":[{"href":"https:\/\/www.labeljoy.com\/es\/wp-json\/wp\/v2\/media?parent=22027"}],"curies":[{"name":"wp","href":"https:\/\/api.w.org\/{rel}","templated":true}]}}