{"id":22028,"date":"2014-11-20T10:08:54","date_gmt":"2014-11-20T10:08:54","guid":{"rendered":"http:\/\/www.labeljoy.com\/ayuda\/ean13\/"},"modified":"2015-01-21T19:30:08","modified_gmt":"2015-01-21T19:30:08","slug":"ean13-es","status":"publish","type":"page","link":"https:\/\/www.labeljoy.com\/es\/ayuda\/ean13-es\/","title":{"rendered":"Ean-13"},"content":{"rendered":"<div data-partent=\"19635\" class=\"callout callout-warning\">\n<h4>Esta p\u00e1gina hace referencia a Labeljoy 5, que no es nuestra \u00faltima versi\u00f3n.<\/h4>\n<p><a href=\"\/es\/comprar\/\">Actualice a Labeljoy 6<\/a> para obtener la \u00faltima versi\u00f3n del software con todas sus incre\u00edbles caracter\u00edsticas, o si ya es usuario, visite la <a href=\"\/es\/ayuda-lj6\/\">gu\u00eda del usuario de Labeljoy 6<\/a>.<\/p>\n<\/div>\n<div id=\"help-guide\">\n\r\n<p class=\"title\">ean-13<\/p>\n<p class=\"body\">Un c\u00f3digo de barras EAN-13 (originalmente\u00a0 <strong>European Article Number<\/strong>, pero rebautizado <strong>International Article Number<\/strong>) es un c\u00f3digo de barras est\u00e1ndar de 13 d\u00edgitos (12 d\u00edgitos + d\u00edgito de control). *<br>\n  Los c\u00f3digos de barras EAN-13 se utilizan en todo el mundo para la codificaci\u00f3n de productos habitualmente utilizados en los puntos de venta. Los n\u00fameros codificados en el c\u00f3digo de barras EAN-13 son los n\u00fameros de identificaci\u00f3n de los productos, tambi\u00e9n llamado Japanese Article Number&nbsp;(<strong>JAN<\/strong>) en Jap\u00f3n. Todos los n\u00fameros codificados son conocidos como Global Trade Item Numbers&nbsp;(GTIN).*<\/p>\n<p class=\"body\">El c\u00f3digo de barras EAN-13 tambi\u00e9n se puede utilizar para codificar los n\u00fameros de RCN-13 (Restricted Circulation Numbers a 13 d\u00edgitos) utilizados para identificar los productos vendidos internamente a un \u00fanico punto de venta. Estos son los n\u00fameros desde 20xxxxxxxxxxx hasta 29xxxxxxxxxxx.<\/p>\n<table width=\"100%\">\n  <tr valign=\"top\">\n    <td width=\"16%\" class=\"images\"><img src=\"http:\/\/www.labeljoy.com\/user-guide-files\/es\/bcd_ean13_1.png\"><\/td>\n    <td><p class=\"body\">Labeljoy requiere <strong>12 d\u00edgitos<\/strong> para generar el c\u00f3digo de barras.<br>\n        Ingresar los 12 d\u00edgitos en el <strong>cuadro de texto en la parte inferior<\/strong>.<br>\n        El 13er d\u00edgito (car\u00e1cter de control) se calcular\u00e1 <strong>de forma autom\u00e1tica<\/strong>.<\/p><\/td>\n  <\/tr>\n  <tr valign=\"top\">\n    <td align=\"center\" valign=\"middle\" class=\"images\">S\u00edmbolo EAN-13<\/td>\n    <td><\/td>\n  <\/tr>\n<\/table>\n<p class=\"body\">El c\u00f3digo de barras EAN-13 puede opcionalmente codificar <strong>2 o 5 d\u00edgitos adicionales<\/strong> (add-on). Para agregar un <i>add-on<\/i> opcional, escribir el car\u00e1cter \u0096 (menos) despu\u00e9s del 12vo d\u00edgito y los 2 o 5 d\u00edgitos adicionales.<\/p>\n<table width=\"100%\">\n  <tr>\n    <td width=\"33%\" align=\"center\" valign=\"middle\" class=\"images\"><img src=\"http:\/\/www.labeljoy.com\/user-guide-files\/es\/bcd_ean13_4.png\"><\/td>\n    <td width=\"33%\" align=\"center\" valign=\"middle\" class=\"images\"><img src=\"http:\/\/www.labeljoy.com\/user-guide-files\/es\/bcd_ean13_5.png\"><\/td>\n  <\/tr>\n  <tr valign=\"top\">\n    <<td align=\"center\" valign=\"middle\" class=\"images\">EAN-13 con add-on 2 d\u00edgitos<\/td>\n    <td align=\"center\" valign=\"middle\" class=\"images\">EAN-13 con add-on 5 d\u00edgitos<\/td>\n  <\/tr>\n<\/table>\n<p class=\"note\"><strong>Concatenaci\u00f3n de texto<\/strong><br>\n  Cuando un c\u00f3digo de barras EAN-13 es generado concatenando campos o contadores se aplican las siguientes reglas:<br>\n  - Para el c\u00f3digo principal, se tienen en cuenta s\u00f3lo los primeros 12 d\u00edgitos.<br>\n  - Para los 2 o 5 d\u00edgitos adicionales se requiere un signo separador menos (-) seguido de 2 o 5 d\u00edgitos.<br>\n  Cuando se encuentra un valor que no cumple con estas normas, no se muestra el c\u00f3digo de barras.<\/p>\n<p class=\"body\">Se puede visualizar el texto <strong>arriba \/ abajo del s\u00edmbolo<\/strong> o se puede <strong>ocultar<\/strong>, dependiendo de la configuraci\u00f3n del cuadro <strong>Texto<\/strong>.<\/p>\n<table width=\"100%\">\n  <<tr>\n    <td width=\"33%\" align=\"center\" valign=\"middle\" class=\"images\"><img src=\"http:\/\/www.labeljoy.com\/user-guide-files\/es\/bcd_ean13_2.png\"><\/td>\n    <td width=\"34%\" align=\"center\" valign=\"middle\" class=\"images\"><img src=\"http:\/\/www.labeljoy.com\/user-guide-files\/es\/bcd_ean13_3.png\"><\/td>\n  <\/tr>\n  <tr valign=\"top\">\n    <td align=\"center\" valign=\"middle\" class=\"images\">EAN-13 con texto arriba el s\u00edmbolo<\/td>\n    <td align=\"center\" valign=\"middle\" class=\"images\">EAN-13 con el texto oculto<\/td>\n  <\/tr>\n<\/table>\n<p class=\"body\">* De <a href=\"http:\/\/en.wikipedia.org\/wiki\/International_Article_Number_(EAN)\">wikipedia<\/a>.<\/p>\n<\/div>\n","protected":false},"excerpt":{"rendered":"<p>Esta p\u00e1gina hace referencia a Labeljoy 5, que no es nuestra \u00faltima versi\u00f3n. Actualice a Labeljoy 6 para obtener la \u00faltima versi\u00f3n del software con todas sus incre\u00edbles caracter\u00edsticas, o si ya es usuario, visite la gu\u00eda del usuario de Labeljoy 6.<\/p>\n","protected":false},"author":8,"featured_media":0,"parent":21680,"menu_order":0,"comment_status":"open","ping_status":"closed","template":"page-template-left-sidebar.php","meta":{"inline_featured_image":false,"_monsterinsights_skip_tracking":false,"_monsterinsights_sitenote_active":false,"_monsterinsights_sitenote_note":"","_monsterinsights_sitenote_category":0,"footnotes":""},"class_list":{"0":"post-22028","1":"page","2":"type-page","3":"status-publish","5":"infinite-scroll-item"},"aioseo_notices":[],"_links":{"self":[{"href":"https:\/\/www.labeljoy.com\/es\/wp-json\/wp\/v2\/pages\/22028","targetHints":{"allow":["GET"]}}],"collection":[{"href":"https:\/\/www.labeljoy.com\/es\/wp-json\/wp\/v2\/pages"}],"about":[{"href":"https:\/\/www.labeljoy.com\/es\/wp-json\/wp\/v2\/types\/page"}],"author":[{"embeddable":true,"href":"https:\/\/www.labeljoy.com\/es\/wp-json\/wp\/v2\/users\/8"}],"replies":[{"embeddable":true,"href":"https:\/\/www.labeljoy.com\/es\/wp-json\/wp\/v2\/comments?post=22028"}],"version-history":[{"count":2,"href":"https:\/\/www.labeljoy.com\/es\/wp-json\/wp\/v2\/pages\/22028\/revisions"}],"predecessor-version":[{"id":22078,"href":"https:\/\/www.labeljoy.com\/es\/wp-json\/wp\/v2\/pages\/22028\/revisions\/22078"}],"up":[{"embeddable":true,"href":"https:\/\/www.labeljoy.com\/es\/wp-json\/wp\/v2\/pages\/21680"}],"wp:attachment":[{"href":"https:\/\/www.labeljoy.com\/es\/wp-json\/wp\/v2\/media?parent=22028"}],"curies":[{"name":"wp","href":"https:\/\/api.w.org\/{rel}","templated":true}]}}