{"id":22029,"date":"2014-11-20T10:52:34","date_gmt":"2014-11-20T10:52:34","guid":{"rendered":"http:\/\/www.labeljoy.com\/ayuda\/upca-upce\/"},"modified":"2015-01-21T15:49:11","modified_gmt":"2015-01-21T15:49:11","slug":"upca-upce-es","status":"publish","type":"page","link":"https:\/\/www.labeljoy.com\/es\/ayuda\/upca-upce-es\/","title":{"rendered":"Upc-a, upc-e"},"content":{"rendered":"<div data-partent=\"19635\" class=\"callout callout-warning\">\n<h4>Esta p\u00e1gina hace referencia a Labeljoy 5, que no es nuestra \u00faltima versi\u00f3n.<\/h4>\n<p><a href=\"\/es\/comprar\/\">Actualice a Labeljoy 6<\/a> para obtener la \u00faltima versi\u00f3n del software con todas sus incre\u00edbles caracter\u00edsticas, o si ya es usuario, visite la <a href=\"\/es\/ayuda-lj6\/\">gu\u00eda del usuario de Labeljoy 6<\/a>.<\/p>\n<\/div>\n<div id=\"help-guide\">\n\r\n<p class=\"title\">upc-a, upc-e<\/p>\r\n<p class=\"body\">El c\u00f3digo de barras Universal Product Code (UPC) es una simbolog\u00eda muy utilizada en Am\u00e9rica del Norte y otros pa\u00edses, incluyendo el Reino Unido, Australia y Nueva Zelanda para identificar los productos en las tiendas.*<\/p>\r\n<table width=\"100%\" border=\"0\" cellspacing=\"2\" cellpadding=\"2\">\r\n  <tr>\r\n  <td width=\"16%\" class=\"images\">\r\n<img src=\"http:\/\/www.labeljoy.com\/user-guide-files\/es\/bcd_upc_1.png\">\r\n<\/td>\r\n    <td><p class=\"body\">Labeljoy requiere que se introduzcan <strong>11 d\u00edgitos<\/strong> para generar el c\u00f3digo de barras.<br>\r\n        Introduzca los 11 d\u00edgitos en el <strong>cuadro de texto<\/strong> de abajo.<br>\r\n        El 12vo d\u00edgito (car\u00e1cter de control) se <strong>calcular\u00e1 de forma autom\u00e1tica<\/strong>.<\/p><\/td>\r\n  <\/tr>\r\n  <tr valign=\"top\">\r\n    <td align=\"left\" valign=\"middle\" class=\"images\">S\u00edmbolo UPC-A<\/td>\r\n    <td><\/td>\r\n  <\/tr>\r\n<\/table>\r\n<table width=\"100%\" border=\"0\" cellspacing=\"2\" cellpadding=\"2\">\r\n  <tr>\r\n    <td width=\"10%\" class=\"images\"><span><img src=\"http:\/\/www.labeljoy.com\/user-guide-files\/es\/bcd_upc_4.png\"> <\/span><\/td>\r\n    <td><p class=\"body\">Para permitir el uso de la simbolog\u00eda UPC en los envases de peque\u00f1as dimensiones en el que un c\u00f3digo de 12 d\u00edgitos no encontrar\u00eda espacio, se ha desarrollado una versi\u00f3n 'Cero comprimido' que se llama <strong>UPC-E<\/strong>. *<\/p>\r\n      <p class=\"body\">Seleccione la casilla de verificaci\u00f3n &quot;Usar UPC-E si es posible&quot; para que Labeljoy intente <strong>aplicar el algoritmo de compresi\u00f3n<\/strong>.<br>\r\n        El s\u00edmbolo se transforma autom\u00e1ticamente en versi\u00f3n UPC-E <strong>si la combinaci\u00f3n de n\u00fameros lo permite<\/strong>.<\/p><\/td>\r\n  <\/tr>\r\n  <tr valign=\"top\">\r\n    <td align=\"left\" valign=\"middle\" class=\"images\">S\u00edmbolo UPC-E<\/td>\r\n    <td><\/td>\r\n  <\/tr>\r\n<\/table>\r\n<p class=\"note\"><strong>Concatenaci\u00f3n texto<\/strong><br>\r\n  Cuando se genera un c\u00f3digo de barras UPC concatenado con campos o contadores se aplican las siguientes reglas:<br>\r\n  - En el c\u00f3digo principal, se consideran los primeros 11 d\u00edgitos.<br>\r\n  - Acerca de las 2 o 5 d\u00edgitos adicionales se requiere un signo menos (-) separador seguido de 2 o 5 d\u00edgitos.<br>\r\n  Cuando se encuentra un valor que no cumple con estas normas, no se muestra el c\u00f3digo de barras.<\/p>\r\n<p class=\"body\">Es posible visualizar el texto de los s\u00edmbolos UPC-A agrupados de una manera espec\u00edfica. Utilice la casilla <strong>Estilo de texto<\/strong> para especificar las formas de visualizaci\u00f3n de texto.<\/p>\r\n<table width=\"100%\" border=\"0\" cellspacing=\"2\" cellpadding=\"2\">\r\n  <tr>\r\n    <td width=\"33%\" align=\"center\" valign=\"middle\"><img src=\"http:\/\/www.labeljoy.com\/user-guide-files\/es\/bcd_upc_5.png\"><\/td>\r\n    <td width=\"33%\" align=\"center\" valign=\"middle\"><img src=\"http:\/\/www.labeljoy.com\/user-guide-files\/es\/bcd_upc_6.png\"><\/td>\r\n  <\/tr>\r\n  <tr valign=\"top\">\r\n    <td align=\"center\" valign=\"middle\" class=\"images\">UPC-A con el texto en estilo 5-5-2<\/td>\r\n    <td align=\"center\" valign=\"middle\" class=\"images\">UPC-A con el texto en estilo 5-4-3<\/td>\r\n  <\/tr>\r\n<\/table>\r\n<p class=\"body\">Los c\u00f3digos de barras UPC-A y UPC-E pueden codificar opcionalmente <strong>2 o 5 d\u00edgitos adicionales<\/strong> (add-on). Para agregar un <i>add-on<\/i> opcional, despu\u00e9s del 11vo d\u00edgito escriba el car\u00e1cter - (menos) y 2 o 5 d\u00edgitos adicionales.<\/p>\r\n<table width=\"100%\" border=\"0\" cellspacing=\"2\" cellpadding=\"2\">\r\n  <tr>\r\n    <td width=\"33%\" align=\"center\" valign=\"middle\"><img src=\"http:\/\/www.labeljoy.com\/user-guide-files\/es\/bcd_upc_2.png\"><\/td>\r\n    <td width=\"33%\" align=\"center\" valign=\"middle\"><img src=\"http:\/\/www.labeljoy.com\/user-guide-files\/es\/bcd_upc_3.png\"><\/td>\r\n  <\/tr>\r\n  <tr valign=\"top\">\r\n    <td align=\"center\" valign=\"middle\" class=\"images\">UPC-A con add-on 2 d\u00edgitos<\/td>\r\n    <td align=\"center\" valign=\"middle\" class=\"images\">UPC-E con add-on 5 d\u00edgitos<\/td>\r\n  <\/tr>\r\n<\/table>\r\n<p class=\"body\">El <i>texto<\/i> tambi\u00e9n se puede visualizar <strong>arriba \/ abajo del s\u00edmbolo<\/strong> o se puede <strong>ocultar<\/strong>, dependiendo de la configuraci\u00f3n del cuadro <strong>Texto<\/strong>.<\/p>\r\n<table width=\"100%\" border=\"0\" cellspacing=\"2\" cellpadding=\"2\">\r\n  <tr>\r\n    <td width=\"33%\" align=\"center\" valign=\"middle\"><span class=\"images\"><img src=\"http:\/\/www.labeljoy.com\/user-guide-files\/es\/bcd_upc_7.png\"><\/span><\/span><\/td>\r\n    <td width=\"34%\" align=\"center\" valign=\"middle\"><span class=\"images\"><img src=\"http:\/\/www.labeljoy.com\/user-guide-files\/es\/bcd_upc_8.png\"><\/span><\/td>\r\n  <\/tr>\r\n  <tr valign=\"top\">\r\n    <td align=\"center\" valign=\"middle\" class=\"images\">UPC-A con arriba del s\u00edmbolo<\/td>\r\n    <td align=\"center\" valign=\"middle\" class=\"images\">UPC-A con texto oculto<\/td>\r\n  <\/tr>\r\n<\/table>\r\n<p class=\"body\">* De <a href=\"http:\/\/en.wikipedia.org\/wiki\/Universal_Product_Code\">wikipedia<\/a>.<\/p>\n<\/div>\n","protected":false},"excerpt":{"rendered":"<p>Esta p\u00e1gina hace referencia a Labeljoy 5, que no es nuestra \u00faltima versi\u00f3n. Actualice a Labeljoy 6 para obtener la \u00faltima versi\u00f3n del software con todas sus incre\u00edbles caracter\u00edsticas, o si ya es usuario, visite la gu\u00eda del usuario de Labeljoy 6.<\/p>\n","protected":false},"author":8,"featured_media":0,"parent":21680,"menu_order":0,"comment_status":"open","ping_status":"closed","template":"page-template-left-sidebar.php","meta":{"inline_featured_image":false,"_monsterinsights_skip_tracking":false,"_monsterinsights_sitenote_active":false,"_monsterinsights_sitenote_note":"","_monsterinsights_sitenote_category":0,"footnotes":""},"class_list":{"0":"post-22029","1":"page","2":"type-page","3":"status-publish","5":"infinite-scroll-item"},"aioseo_notices":[],"_links":{"self":[{"href":"https:\/\/www.labeljoy.com\/es\/wp-json\/wp\/v2\/pages\/22029","targetHints":{"allow":["GET"]}}],"collection":[{"href":"https:\/\/www.labeljoy.com\/es\/wp-json\/wp\/v2\/pages"}],"about":[{"href":"https:\/\/www.labeljoy.com\/es\/wp-json\/wp\/v2\/types\/page"}],"author":[{"embeddable":true,"href":"https:\/\/www.labeljoy.com\/es\/wp-json\/wp\/v2\/users\/8"}],"replies":[{"embeddable":true,"href":"https:\/\/www.labeljoy.com\/es\/wp-json\/wp\/v2\/comments?post=22029"}],"version-history":[{"count":3,"href":"https:\/\/www.labeljoy.com\/es\/wp-json\/wp\/v2\/pages\/22029\/revisions"}],"predecessor-version":[{"id":22102,"href":"https:\/\/www.labeljoy.com\/es\/wp-json\/wp\/v2\/pages\/22029\/revisions\/22102"}],"up":[{"embeddable":true,"href":"https:\/\/www.labeljoy.com\/es\/wp-json\/wp\/v2\/pages\/21680"}],"wp:attachment":[{"href":"https:\/\/www.labeljoy.com\/es\/wp-json\/wp\/v2\/media?parent=22029"}],"curies":[{"name":"wp","href":"https:\/\/api.w.org\/{rel}","templated":true}]}}