{"id":22030,"date":"2014-11-20T10:17:38","date_gmt":"2014-11-20T10:17:38","guid":{"rendered":"http:\/\/www.labeljoy.com\/ayuda\/ean8\/"},"modified":"2015-01-21T15:16:00","modified_gmt":"2015-01-21T15:16:00","slug":"ean8-es","status":"publish","type":"page","link":"https:\/\/www.labeljoy.com\/es\/ayuda\/ean8-es\/","title":{"rendered":"Ean-8"},"content":{"rendered":"<div data-partent=\"19635\" class=\"callout callout-warning\">\n<h4>Esta p\u00e1gina hace referencia a Labeljoy 5, que no es nuestra \u00faltima versi\u00f3n.<\/h4>\n<p><a href=\"\/es\/comprar\/\">Actualice a Labeljoy 6<\/a> para obtener la \u00faltima versi\u00f3n del software con todas sus incre\u00edbles caracter\u00edsticas, o si ya es usuario, visite la <a href=\"\/es\/ayuda-lj6\/\">gu\u00eda del usuario de Labeljoy 6<\/a>.<\/p>\n<\/div>\n<div id=\"help-guide\">\n\r\n<p class=\"title\">ean-8<\/p>\r\n<p class=\"body\">Un c\u00f3digo de barras <strong>EAN-8<\/strong> es un c\u00f3digo de barras que deriva de lo m\u00e1s largo <strong>European Article Number<\/strong> (<a href=\"http:\/\/www.labeljoy.com\/es\/ayuda\/ean13-es\/\">EAN-13<\/a>). Fue introducido para ser utilizado en peque\u00f1os paquetes por que el c\u00f3digo EAN-13 era demasiado grande, por ejemplo en los paquetes de cigarrillos, l\u00e1pices y gomas de mascar. Los c\u00f3digos EAN-8 pueden ser utilizados para codificar los c\u00f3digos GTIN-8, otro conjunto de identificadores de productos del sistema GS1. Comienza con un prefijo de 2 o 3 n\u00fameros (asignado por las autoridades GS1 presente en cada pa\u00eds), 4 o 5 n\u00fameros pare el art\u00edculo relacionado (dependiendo de la longitud del prefijo) y un car\u00e1cter de control.<br>\r\n  Los c\u00f3digos EAN-8 son comunes en todo el mundo, y las empresas tambi\u00e9n pueden utilizarlo para codificar los n\u00fameros RCN-8 (Restricted Circulation Numbers de 8 d\u00edgitos) que se utilizan para identificar productos que se venden en un \u00fanico punto de venta. Estos son los n\u00fameros que van desde 0xxx xxx hasta 2xxx xxxx. *<\/p>\r\n<table width=\"100%\">\r\n  <tr valign=\"top\">\r\n    <td width=\"13%\" class=\"images\"><img src=\"http:\/\/www.labeljoy.com\/user-guide-files\/es\/bcd_ean8_1.png\"><\/td>\r\n    <td><p class=\"body\">Labeljoy requiere que se introduzcan <strong>7 d\u00edgitos para <\/strong>generar el c\u00f3digo de barras.<br>\r\n        Ingrese los 7 d\u00edgitos en el <strong>cuadro de texto de abajo<\/strong>.<br>\r\n        El octavo d\u00edgito (car\u00e1cter de control) se <strong>calcular\u00e1 de forma autom\u00e1tica<\/strong>.<\/p><\/td>\r\n  <\/tr>\r\n  <tr valign=\"top\">\r\n    <td align=\"left\" valign=\"middle\" class=\"images\">S\u00edmbolo EAN-8<\/td>\r\n    <td><\/td>\r\n  <\/tr>\r\n<\/table>\r\n<p class=\"body\">El c\u00f3digo de barras EAN-8 puede codificar opcionalmente <strong>2 o 5 d\u00edgitos adicionales<\/strong> (add-on). Para agregar <em>add-on<\/em> opcional, escriba despu\u00e9s del s\u00e9ptimo d\u00edgito el car\u00e1cter - (menos) y los 2 o 5 d\u00edgitos adicionales.<\/p>\r\n<table width=\"100%\">\r\n  <tr>\r\n    <td width=\"33%\" align=\"center\" valign=\"middle\"><img src=\"http:\/\/www.labeljoy.com\/user-guide-files\/es\/bcd_ean8_4.png\"><\/td>\r\n    <td width=\"33%\" align=\"center\" valign=\"middle\"><img src=\"http:\/\/www.labeljoy.com\/user-guide-files\/es\/bcd_ean8_5.png\"><\/td>\r\n  <\/tr>\r\n  <tr valign=\"top\">\r\n    <td align=\"left\" valign=\"middle\" class=\"images\">EAN-8 con add-on 2 d\u00edgitos<\/td>\r\n    <td align=\"left\" valign=\"middle\" class=\"images\">EAN-8 con add-on 5 d\u00edgitos<\/td>\r\n  <\/tr>\r\n<\/table>\r\n<p class=\"note\"><strong>Concatenaci\u00f3n texto<\/strong><br>\r\n  Cuando se genera un c\u00f3digo de barras EAN-8 concatenando campos o contadores se aplican las siguientes reglas:<br>\r\n  - Para el c\u00f3digo principal, se tienen en cuenta s\u00f3lo los primeros 7 d\u00edgitos.<br>\r\n  - Para los 2 o 5 d\u00edgitos adicionales se requiere un signo separador menos (-) seguido de 2 o 5 d\u00edgitos.<br>\r\n  Cuando se encuentra un valor que no cumple con estas normas, no se muestra el c\u00f3digo de barras.<\/p>\r\n<p class=\"body\">Se puede visualizar el texto <strong>arriba \/ abajo del s\u00edmbolo<\/strong> o se puede <strong>ocultar<\/strong>, dependiendo de la configuraci\u00f3n del cuadro <strong>Texto<\/strong>.<\/p>\r\n<table width=\"100%\">\r\n  <tr>\r\n    <td width=\"33%\" align=\"center\" valign=\"middle\"><span class=\"images\"><img src=\"http:\/\/www.labeljoy.com\/user-guide-files\/es\/bcd_ean8_2.png\"><\/span><\/span><\/td>\r\n    <td width=\"34%\" align=\"center\" valign=\"middle\"><span class=\"images\"><img src=\"http:\/\/www.labeljoy.com\/user-guide-files\/es\/bcd_ean8_3.png\"><\/span><\/td>\r\n  <\/tr>\r\n  <tr valign=\"top\">\r\n    <td align=\"left\" valign=\"middle\" class=\"images\">EAN-8 con texto arriba del s\u00edmbolo<\/td>\r\n    <td align=\"left\" valign=\"middle\" class=\"images\">EAN-8 con texto oculto<\/td>\r\n  <\/tr>\r\n<\/table>\r\n<p class=\"body\">* De <a href=\"http:\/\/en.wikipedia.org\/wiki\/EAN-8\">wikipedia<\/a>.<\/p>\r\n<\/div>\n<\/div>\n","protected":false},"excerpt":{"rendered":"<p>Esta p\u00e1gina hace referencia a Labeljoy 5, que no es nuestra \u00faltima versi\u00f3n. Actualice a Labeljoy 6 para obtener la \u00faltima versi\u00f3n del software con todas sus incre\u00edbles caracter\u00edsticas, o si ya es usuario, visite la gu\u00eda del usuario de Labeljoy 6.<\/p>\n","protected":false},"author":8,"featured_media":0,"parent":21680,"menu_order":0,"comment_status":"open","ping_status":"closed","template":"page-template-left-sidebar.php","meta":{"inline_featured_image":false,"_monsterinsights_skip_tracking":false,"_monsterinsights_sitenote_active":false,"_monsterinsights_sitenote_note":"","_monsterinsights_sitenote_category":0,"footnotes":""},"class_list":{"0":"post-22030","1":"page","2":"type-page","3":"status-publish","5":"infinite-scroll-item"},"aioseo_notices":[],"_links":{"self":[{"href":"https:\/\/www.labeljoy.com\/es\/wp-json\/wp\/v2\/pages\/22030","targetHints":{"allow":["GET"]}}],"collection":[{"href":"https:\/\/www.labeljoy.com\/es\/wp-json\/wp\/v2\/pages"}],"about":[{"href":"https:\/\/www.labeljoy.com\/es\/wp-json\/wp\/v2\/types\/page"}],"author":[{"embeddable":true,"href":"https:\/\/www.labeljoy.com\/es\/wp-json\/wp\/v2\/users\/8"}],"replies":[{"embeddable":true,"href":"https:\/\/www.labeljoy.com\/es\/wp-json\/wp\/v2\/comments?post=22030"}],"version-history":[{"count":3,"href":"https:\/\/www.labeljoy.com\/es\/wp-json\/wp\/v2\/pages\/22030\/revisions"}],"predecessor-version":[{"id":22098,"href":"https:\/\/www.labeljoy.com\/es\/wp-json\/wp\/v2\/pages\/22030\/revisions\/22098"}],"up":[{"embeddable":true,"href":"https:\/\/www.labeljoy.com\/es\/wp-json\/wp\/v2\/pages\/21680"}],"wp:attachment":[{"href":"https:\/\/www.labeljoy.com\/es\/wp-json\/wp\/v2\/media?parent=22030"}],"curies":[{"name":"wp","href":"https:\/\/api.w.org\/{rel}","templated":true}]}}