{"id":22031,"date":"2014-11-20T10:47:36","date_gmt":"2014-11-20T10:47:36","guid":{"rendered":"http:\/\/www.labeljoy.com\/ayuda\/gs1128\/"},"modified":"2015-01-21T13:53:10","modified_gmt":"2015-01-21T13:53:10","slug":"gs1128-es","status":"publish","type":"page","link":"https:\/\/www.labeljoy.com\/es\/ayuda\/gs1128-es\/","title":{"rendered":"Gs1-128"},"content":{"rendered":"<div data-partent=\"19635\" class=\"callout callout-warning\">\n<h4>Esta p\u00e1gina hace referencia a Labeljoy 5, que no es nuestra \u00faltima versi\u00f3n.<\/h4>\n<p><a href=\"\/es\/comprar\/\">Actualice a Labeljoy 6<\/a> para obtener la \u00faltima versi\u00f3n del software con todas sus incre\u00edbles caracter\u00edsticas, o si ya es usuario, visite la <a href=\"\/es\/ayuda-lj6\/\">gu\u00eda del usuario de Labeljoy 6<\/a>.<\/p>\n<\/div>\n<link rel=\"stylesheet\" href=\"http:\/\/www.labeljoy.com\/user-guide-files\/en\/styles.css\" type=\"text\/css\" media=\"all\" \/>\n<div id=\"help-guide\">\n\r\n<p class=\"title\">gs1-128<\/p>\n<p class=\"online\"><strong>Profundizaci\u00f3n<\/strong>:<br>\nTutorial: <a href=\"http:\/\/www.labeljoy.com\/es\/soporte\/como-hacer\/generar-codigos-gs1-128\/\" title=\"Generar c\u00f3digos de barra GS1-128\" target=\"_blank\">Generar c\u00f3digos de barra GS1-128<\/a><\/p>\n<p class=\"body\"><strong>GS1-128<\/strong> es el est\u00e1ndar aplicativo de la <strong>implementaci\u00f3n GS1<\/strong> que utiliza las especificaciones de la simbolog\u00eda <a href=\"http:\/\/www.labeljoy.com\/es\/ayuda\/code-128-es\/\">Code 128<\/a>. GS1-128 utiliza una serie de <strong>Application Identifiers<\/strong> para incluir datos adicionales, tales como las <i>fechas de caducidad<\/i>, <i>n\u00fameros de lote<\/i>, <i>cantidades<\/i>, <i>pesos<\/i> y muchos otros atributos requeridos por el usuario. *<\/p>\n<p class=\"note\"><strong>Nota<\/strong><br>\n  Los detalles espec\u00edficos de GS1-128 no pueden ser descriptos en esta gu\u00eda en l\u00ednea<br>\n  Es posible encontrar m\u00e1s informaci\u00f3n en el sitio web GS1: <a href=\"http:\/\/www.gs1.org\/\">www.gs1.org<\/a>.<\/p>\n<p class=\"body\">Para generar un <strong>s\u00edmbolo que cumpla con las especificaciones de GS1-128<\/strong> en Labeljoy ser\u00e1 necesario escribir una cadena en formato <i>texto<\/i>. Labeljoy validar\u00e1 el texto a trav\u00e9s de su <strong>motor interno de validaci\u00f3n reglas de GS1-128<\/strong> y generar\u00e1 el s\u00edmbolo correspondiente, o mostrar\u00e1 un mensaje de error que indica la raz\u00f3n del problema.<br>\n  Por ejemplo, si se escribe el texto <strong>(00)123456789012345678<\/strong> Labeljoy crea un s\u00edmbolo GS1-128 que identificar\u00e1 el <strong>Application Identifier (00) Serial Shipping Container Code (SSCC-18)<\/strong>.<\/p>\n<p class=\"note\"><strong>Caracteres de control modulo 10<\/strong>:<br>\n  Algunos AI (identificador de aplicaci\u00f3n) requieren un <strong>car\u00e1cter de control m\u00f3dulo 10<\/strong>. Cuando se le solicite, Labeljoy <strong>calcular\u00e1 autom\u00e1ticamente el car\u00e1cter de control, independientemente de los aportes recibidos<\/strong>.<br>\n  Por ejemplo, el c\u00f3digo SSCC-18 descrito anteriormente requiere un car\u00e1cter de control en la \u00faltima posici\u00f3n, que, de hecho, no es 5 y 8. En estos casos no habr\u00e1 ning\u00fan mensaje de error, simplemente <strong>Labeljoy reemplazar\u00e1 el car\u00e1cter de control con el correcto<\/strong>.<br>\n  Si no es capaz de calcular cualquier car\u00e1cter de control, <strong>escribir\u00e1 cualquier car\u00e1cter en su lugar<\/strong>.<\/p>\n<p class=\"note\"><strong>Separador FNC1<\/strong>:<br>\n  Cuando 2 o m\u00e1s AI (identificador de aplicaci\u00f3n) deben ser codificados en el mismo s\u00edmbolo, las especificaciones GS1-128 <strong>pueden requerir la presencia de uno o m\u00e1s caracteres de separaci\u00f3n FNC1. Labeljoy identificar\u00e1 autom\u00e1ticamente los puntos en los que se requieren los separadores<\/strong> y los a\u00f1adir\u00e1 en consecuencia.<br>\n  Labeljoy no requiere ninguna entrada especial para manejar correctamente los separadores FNC1.<br>\n  <br>\n  <strong>IMPORTANTE<\/strong>: los separadores FNC1 <strong>no tienen un car\u00e1cter legible correspondiente en formato texto<\/strong>, s\u00f3lo est\u00e1n codificados en el c\u00f3digo de barras. La interpretaci\u00f3n de los caracteres FNC1 var\u00eda en funci\u00f3n del lector de c\u00f3digo de barras que se utiliza, sin embargo, normalmente se decodifica como el car\u00e1cter ASCII 29.<br>\n  <br>\n  Si se necesita crear s\u00edmbolos personalizados que utilicen el separador FNC1, utilice la simbolog\u00eda <a href=\"http:\/\/www.labeljoy.com\/es\/ayuda\/ean128-es\/\">EAN-128<\/a>.<\/p>\n<p class=\"body\">Labeljoy requiere que se escriba un texto <strong>alfanum\u00e9rico con una longitud de hasta 255 caracteres<\/strong>. Introduzca el texto en el cuadro de texto.<br>\n  Se puede visualizar el <strong>texto arriba \/ abajo del s\u00edmbolo <\/strong>o se puede <strong>ocultar<\/strong>, dependiendo de la configuraci\u00f3n del cuadro <strong>Texto<\/strong>.<\/p>\n<p class=\"body\">La casilla de control <i>Verificaci\u00f3n secuencia AI<\/i> impone una norma GS1-128 adicional que regula la concatenaci\u00f3n de algunos AI.<br>\n  Por ejemplo, cuando se utiliza AI 02 (n\u00famero de contenedores) el s\u00edmbolo tambi\u00e9n debe contener el AI 00 (Serial Shipping Container Code) y el AI 37 (Number of Units Contained).<br>\n  Adem\u00e1s, el AI 02 no debe ser codificado en el mismo s\u00edmbolo en que aparece el AI 01 (Shipping Container Code) y el AI 8006 (Component of an Article) porque representan datos que combinados no tendr\u00edan sentido.<br>\n  Mantenga esta casilla de control activa para crear s\u00edmbolos GS1-128 que c<strong>umplan plenamente con las normas GS1-128<\/strong>.<\/p>\n<p class=\"note\"><span class=apple-style-span><strong>Concatenaci\u00f3n texto<\/strong><\/span><br>\n  <span class=apple-style-span>Cuando se genera un c\u00f3digo de barras GS1-128 concatenado con campos o contadores se aplican las siguientes reglas: <\/span><br>\n  <span class=apple-style-span>- El texto no debe superar los 255 caracteres.<\/span><br>\n  <span class=apple-style-span>- El texto debe cumplir con las especificaciones GS1-128.<\/span><br>\n  <span class=apple-style-span>Cuando se encuentra un valor que no cumpla con estas normas, no se muestra el c\u00f3digo de barras.<\/span><\/p>\n<table border=\"0\" cellpadding=\"2\" cellspacing=\"2\" class=\"images\">\n  <tr>\n    <td valign=\"bottom\" class=\"imagesLeft\"><img src=\"http:\/\/www.labeljoy.com\/user-guide-files\/es\/bcd_gs1128_1.png\"><\/td>\n  <\/tr>\n  <tr valign=\"top\">\n    <td valign=\"top\" class=\"imagesLeft\">S\u00edmbolo GS1-128 que codifica el texto <strong>(00)123456789012345678<\/strong>, que corresponde al AI 00 (SSCC-18). Tenga en cuenta que el \u00faltimo d\u00edgito ha sido remplazado por Labeljoy con 5 ya que es el car\u00e1cter de control correcto.<\/td>\n  <\/tr>\n  <tr valign=\"top\">\n    <td  valign=\"bottom\" class=\"imagesLeft\"><img src=\"http:\/\/www.labeljoy.com\/user-guide-files\/es\/bcd_gs1128_2.png\"><\/span><\/span><\/td>\n  <\/tr>\n  <tr valign=\"top\">\n    <td valign=\"top\" class=\"imagesLeft\">S\u00edmbolo GS1-128 que codifica una <strong>concatenaci\u00f3n de dos Application Identifiers<\/strong>: AI 30 (Quantity Each) y AI 21 (Serial Number). Observe que en este caso se ha a\u00f1adido un separador FNC1 justo antes del inicio de AI 21 (no visible en el texto legible).<\/td>\n  <\/tr>\n  <tr valign=\"top\">\n    <td valign=\"bottom\" class=\"imagesLeft\"><img src=\"http:\/\/www.labeljoy.com\/user-guide-files\/es\/bcd_gs1128_3.png\"><\/td>\n  <\/tr>\n  <tr valign=\"top\">\n    <td valign=\"top\" class=\"imagesLeft\">S\u00edmbolo GS1-128 que codifica una <strong>concatenaci\u00f3n de tres Application Identifiers<\/strong>: AI 01 (Shipping Container Code) y otros 2 como en la imagen anterior. Observe que en este caso no ha sido necesario ning\u00fan separador FNC1 antes del inicio de AI 30.<\/td>\n  <\/tr>\n<\/table>\n<p class=\"body\">* De <a href=\"http:\/\/en.wikipedia.org\/wiki\/GS1-128\">wikipedia<\/a>.<\/p>\n<\/div>\n<\/div>\n","protected":false},"excerpt":{"rendered":"<p>Esta p\u00e1gina hace referencia a Labeljoy 5, que no es nuestra \u00faltima versi\u00f3n. Actualice a Labeljoy 6 para obtener la \u00faltima versi\u00f3n del software con todas sus incre\u00edbles caracter\u00edsticas, o si ya es usuario, visite la gu\u00eda del usuario de Labeljoy 6.<\/p>\n","protected":false},"author":8,"featured_media":0,"parent":21680,"menu_order":0,"comment_status":"open","ping_status":"closed","template":"page-template-left-sidebar.php","meta":{"inline_featured_image":false,"_monsterinsights_skip_tracking":false,"_monsterinsights_sitenote_active":false,"_monsterinsights_sitenote_note":"","_monsterinsights_sitenote_category":0,"footnotes":""},"class_list":{"0":"post-22031","1":"page","2":"type-page","3":"status-publish","5":"infinite-scroll-item"},"aioseo_notices":[],"_links":{"self":[{"href":"https:\/\/www.labeljoy.com\/es\/wp-json\/wp\/v2\/pages\/22031","targetHints":{"allow":["GET"]}}],"collection":[{"href":"https:\/\/www.labeljoy.com\/es\/wp-json\/wp\/v2\/pages"}],"about":[{"href":"https:\/\/www.labeljoy.com\/es\/wp-json\/wp\/v2\/types\/page"}],"author":[{"embeddable":true,"href":"https:\/\/www.labeljoy.com\/es\/wp-json\/wp\/v2\/users\/8"}],"replies":[{"embeddable":true,"href":"https:\/\/www.labeljoy.com\/es\/wp-json\/wp\/v2\/comments?post=22031"}],"version-history":[{"count":2,"href":"https:\/\/www.labeljoy.com\/es\/wp-json\/wp\/v2\/pages\/22031\/revisions"}],"predecessor-version":[{"id":22079,"href":"https:\/\/www.labeljoy.com\/es\/wp-json\/wp\/v2\/pages\/22031\/revisions\/22079"}],"up":[{"embeddable":true,"href":"https:\/\/www.labeljoy.com\/es\/wp-json\/wp\/v2\/pages\/21680"}],"wp:attachment":[{"href":"https:\/\/www.labeljoy.com\/es\/wp-json\/wp\/v2\/media?parent=22031"}],"curies":[{"name":"wp","href":"https:\/\/api.w.org\/{rel}","templated":true}]}}