{"id":22032,"date":"2014-11-20T10:45:23","date_gmt":"2014-11-20T10:45:23","guid":{"rendered":"http:\/\/www.labeljoy.com\/ayuda\/ean128\/"},"modified":"2015-01-21T19:30:21","modified_gmt":"2015-01-21T19:30:21","slug":"ean128-es","status":"publish","type":"page","link":"https:\/\/www.labeljoy.com\/es\/ayuda\/ean128-es\/","title":{"rendered":"Ean-128"},"content":{"rendered":"<div data-partent=\"19635\" class=\"callout callout-warning\">\n<h4>Esta p\u00e1gina hace referencia a Labeljoy 5, que no es nuestra \u00faltima versi\u00f3n.<\/h4>\n<p><a href=\"\/es\/comprar\/\">Actualice a Labeljoy 6<\/a> para obtener la \u00faltima versi\u00f3n del software con todas sus incre\u00edbles caracter\u00edsticas, o si ya es usuario, visite la <a href=\"\/es\/ayuda-lj6\/\">gu\u00eda del usuario de Labeljoy 6<\/a>.<\/p>\n<\/div>\n<div id=\"help-guide\">\n\r\n<p class=\"title\">ean-128<\/p>\r\n<p class=\"body\"><strong>EAN-128<\/strong> es un simbolismo que deriva de lo antiguo Code-128, una <strong>simbolog\u00eda con muy alta densidad<\/strong>. Se utiliza para c\u00f3digos de barras <strong>alfanum\u00e9ricos<\/strong> o <strong>s\u00f3lo num\u00e9ricos<\/strong>. Puede codificar todos los 128 caracteres ASCII.*<\/p>\r\n<p class=\"body\">La simbolog\u00eda EAN-128 difiere de la simbolog\u00eda <a href=\"http:\/\/www.labeljoy.com\/es\/ayuda\/code-128-es\/\">Code 128<\/a> en la aplicaci\u00f3n del car\u00e1cter <strong>FNC1<\/strong>, que se utiliza como un <strong>car\u00e1cter de inicio<\/strong> y de <strong>separaci\u00f3n<\/strong>.<br>\r\n  El car\u00e1cter FNC1 se a\u00f1ade <strong>impl\u00edcitamente al principio del s\u00edmbolo<\/strong>, como se requiere por la especificaci\u00f3n EAN-128 y, a partir de la versi\u00f3n 4.5, los s\u00edmbolos EAN-128 generados por Labeljoy <strong>soportan el separador FNC1<\/strong>.<br>\r\n  Utilice el <strong>car\u00e1cter ! (pipe) <\/strong>para definir los puntos en los que se desee representar el separador FNC1.<br>\r\n  Por ejemplo, el texto 123456\"ABCDE ser\u00e1 interpretado por Labeljoy como 123456[FNC1]ABCDE y el s\u00edmbolo se generar\u00e1 en consecuencia.<\/p>\r\n<p class=\"body\">En Labeljoy se puede utilizar la simbolog\u00eda EAN-128 para generar c\u00f3digos de barras <strong>similares a los creados con la simbolog\u00eda <a href=\"http:\/\/www.labeljoy.com\/es\/ayuda\/gs1128-es\/\">GS1-128<\/a><\/strong>, pero completamente personalizable y <strong>sin las restricciones<\/strong> impuestas por la espec\u00edfica GS1-128.<\/p>\r\n<p class=\"body\">Labeljoy requiere que se escriba un texto <strong>alfanum\u00e9rico con una longitud de hasta 48 caracteres<\/strong>. Introduzca el texto en el cuadro de texto.<br>\r\n  Se puede visualizar el texto <strong>arriba \/ abajo del s\u00edmbolo <\/strong>o se puede <strong>ocultar<\/strong>, dependiendo de la configuraci\u00f3n del cuadro <strong>Texto<\/strong>.<\/p>\r\n<p class=\"note\"><strong>Concatenaci\u00f3n texto<\/strong><br>\r\n  Cuando se genera un c\u00f3digo de barras EAN-128 mediante la concatenaci\u00f3n de campos o contadores se aplica la siguiente regla:<br>\r\n  - El texto no debe superar los 48 caracteres.<br>\r\n  Cuando se encuentra un valor que no cumple con la regla anterior, no se muestra el c\u00f3digo de barras.<br>\r\n  Adem\u00e1s, todos los caracteres ASCII con valor mayor que 127 ser\u00e1n eliminados, con la excepci\u00f3n del car\u00e1cter \" (pipe) que se interpreta como el marcador de posici\u00f3n FNC1.<\/p>\r\n<table border=\"0\" cellpadding=\"2\" cellspacing=\"2\" class=\"images\">\r\n  <tr>\r\n    <td valign=\"bottom\" class=\"imagesLeft\"><img src=\"http:\/\/www.labeljoy.com\/user-guide-files\/es\/bcd_ean128_1.png\"><\/td>\r\n  <\/tr>\r\n  <tr valign=\"top\">\r\n    <<td valign=\"top\" class=\"imagesLeft\">EAN-128 que codifica el texto <strong>20abcd40ABCD60<\/strong> (sin separador FNC1)<\/td>\r\n  <\/tr>\r\n  <tr valign=\"top\">\r\n    <td  valign=\"bottom\" class=\"imagesLeft\"><img src=\"http:\/\/www.labeljoy.com\/user-guide-files\/es\/bcd_ean128_2.png\"><\/td>\r\n  <\/tr>\r\n  <tr valign=\"top\">\r\n    <td valign=\"top\" class=\"imagesLeft\">EAN-128 que codifica el texto <strong>20abcd40\"ABCD60<\/strong> que se representa como <strong>20abcd40[FNC1]ABCD60<\/strong> (un separador FNC1)<\/td>\r\n  <\/tr>\r\n  <tr valign=\"top\">\r\n    <td valign=\"bottom\" class=\"imagesLeft\"><img src=\"http:\/\/www.labeljoy.com\/user-guide-files\/es\/bcd_ean128_3.png\"><\/td>\r\n  <\/tr>\r\n  <tr valign=\"top\">\r\n    <td valign=\"top\" class=\"imagesLeft\">EAN-128 que codifica el texto <strong>20\"abcd\"40\"ABCD\"60 <\/strong>que se representa como <strong>20[FNC1]abcd[FNC1]40[FNC1]ABCD[FNC1]60<\/strong> (4 separadores FNC1)<\/td>\r\n  <\/tr>\r\n<\/table>\r\n<p class=\"body\">* De <a href=\"http:\/\/en.wikipedia.org\/wiki\/Code_128\">wikipedia<\/a>.<\/p>\r\n<\/div>\n<\/div>\n","protected":false},"excerpt":{"rendered":"<p>Esta p\u00e1gina hace referencia a Labeljoy 5, que no es nuestra \u00faltima versi\u00f3n. Actualice a Labeljoy 6 para obtener la \u00faltima versi\u00f3n del software con todas sus incre\u00edbles caracter\u00edsticas, o si ya es usuario, visite la gu\u00eda del usuario de Labeljoy 6.<\/p>\n","protected":false},"author":8,"featured_media":0,"parent":21680,"menu_order":0,"comment_status":"open","ping_status":"closed","template":"page-template-left-sidebar.php","meta":{"inline_featured_image":false,"_monsterinsights_skip_tracking":false,"_monsterinsights_sitenote_active":false,"_monsterinsights_sitenote_note":"","_monsterinsights_sitenote_category":0,"footnotes":""},"class_list":{"0":"post-22032","1":"page","2":"type-page","3":"status-publish","5":"infinite-scroll-item"},"aioseo_notices":[],"_links":{"self":[{"href":"https:\/\/www.labeljoy.com\/es\/wp-json\/wp\/v2\/pages\/22032","targetHints":{"allow":["GET"]}}],"collection":[{"href":"https:\/\/www.labeljoy.com\/es\/wp-json\/wp\/v2\/pages"}],"about":[{"href":"https:\/\/www.labeljoy.com\/es\/wp-json\/wp\/v2\/types\/page"}],"author":[{"embeddable":true,"href":"https:\/\/www.labeljoy.com\/es\/wp-json\/wp\/v2\/users\/8"}],"replies":[{"embeddable":true,"href":"https:\/\/www.labeljoy.com\/es\/wp-json\/wp\/v2\/comments?post=22032"}],"version-history":[{"count":3,"href":"https:\/\/www.labeljoy.com\/es\/wp-json\/wp\/v2\/pages\/22032\/revisions"}],"predecessor-version":[{"id":22134,"href":"https:\/\/www.labeljoy.com\/es\/wp-json\/wp\/v2\/pages\/22032\/revisions\/22134"}],"up":[{"embeddable":true,"href":"https:\/\/www.labeljoy.com\/es\/wp-json\/wp\/v2\/pages\/21680"}],"wp:attachment":[{"href":"https:\/\/www.labeljoy.com\/es\/wp-json\/wp\/v2\/media?parent=22032"}],"curies":[{"name":"wp","href":"https:\/\/api.w.org\/{rel}","templated":true}]}}